{"id":15497,"date":"2026-01-10T09:57:08","date_gmt":"2026-01-10T09:57:08","guid":{"rendered":"https:\/\/capaldoelettrodomestici.it\/?post_type=product&#038;p=15497"},"modified":"2026-01-10T10:07:16","modified_gmt":"2026-01-10T10:07:16","slug":"scopa-elettrica-blackdecker-bhfea515j-senza-sacchetto","status":"publish","type":"product","link":"https:\/\/capaldoelettrodomestici.it\/index.php\/prodotto\/scopa-elettrica-blackdecker-bhfea515j-senza-sacchetto\/","title":{"rendered":"Scopa elettrica BLACK+DECKER BHFEA515J, senza sacchetto"},"content":{"rendered":"<p>modello: BHFEA515J<\/p>\n<p>ean:5035048742488<\/p>\n<p>Scopa elettrica senza sacchetto, colore grigio-arancione-bianco, adatta a tutti i tipi di pavimento, capacit\u00e0 0,5, n.2 veloct\u00e0 ed autonomia di 33 min., Funzionalit\u00e0 multiple: aspirapolvere portatile, aspirapolvere per pavimenti e aspirapolvere con ugello stretto per aree alte, \u00a0Fitro a ciclone integrato molto facile da pulire; meno possibilit\u00e0 di intasamento per prestazioni pi\u00f9 elevate e una raccolta ottimale pi\u00f9 a lungo.Batteria agli ioni di litio ricaricabile.<\/p>\n","protected":false},"excerpt":{"rendered":"<p>modello: BHFEA515J ean:5035048742488 Scopa elettrica senza sacchetto, colore grigio-arancione-bianco, adatta a tutti i tipi di pavimento, capacit\u00e0 0,5, n.2 veloct\u00e0<\/p>\n","protected":false},"featured_media":15498,"comment_status":"open","ping_status":"closed","template":"","meta":[],"product_brand":[],"product_cat":[153,161],"product_tag":[],"class_list":{"0":"post-15497","1":"product","2":"type-product","3":"status-publish","4":"has-post-thumbnail","6":"product_cat-piccoli-elettrodomestici","7":"product_cat-scope-elettriche","8":"product_shipping_class-piccoli-elettrodomestici","10":"first","11":"instock","12":"shipping-taxable","13":"purchasable","14":"product-type-simple"},"_links":{"self":[{"href":"https:\/\/capaldoelettrodomestici.it\/index.php\/wp-json\/wp\/v2\/product\/15497","targetHints":{"allow":["GET"]}}],"collection":[{"href":"https:\/\/capaldoelettrodomestici.it\/index.php\/wp-json\/wp\/v2\/product"}],"about":[{"href":"https:\/\/capaldoelettrodomestici.it\/index.php\/wp-json\/wp\/v2\/types\/product"}],"replies":[{"embeddable":true,"href":"https:\/\/capaldoelettrodomestici.it\/index.php\/wp-json\/wp\/v2\/comments?post=15497"}],"version-history":[{"count":3,"href":"https:\/\/capaldoelettrodomestici.it\/index.php\/wp-json\/wp\/v2\/product\/15497\/revisions"}],"predecessor-version":[{"id":15503,"href":"https:\/\/capaldoelettrodomestici.it\/index.php\/wp-json\/wp\/v2\/product\/15497\/revisions\/15503"}],"wp:featuredmedia":[{"embeddable":true,"href":"https:\/\/capaldoelettrodomestici.it\/index.php\/wp-json\/wp\/v2\/media\/15498"}],"wp:attachment":[{"href":"https:\/\/capaldoelettrodomestici.it\/index.php\/wp-json\/wp\/v2\/media?parent=15497"}],"wp:term":[{"taxonomy":"product_brand","embeddable":true,"href":"https:\/\/capaldoelettrodomestici.it\/index.php\/wp-json\/wp\/v2\/product_brand?post=15497"},{"taxonomy":"product_cat","embeddable":true,"href":"https:\/\/capaldoelettrodomestici.it\/index.php\/wp-json\/wp\/v2\/product_cat?post=15497"},{"taxonomy":"product_tag","embeddable":true,"href":"https:\/\/capaldoelettrodomestici.it\/index.php\/wp-json\/wp\/v2\/product_tag?post=15497"}],"curies":[{"name":"wp","href":"https:\/\/api.w.org\/{rel}","templated":true}]}}