{"id":15412,"date":"2025-12-05T10:30:57","date_gmt":"2025-12-05T10:30:57","guid":{"rendered":"https:\/\/capaldoelettrodomestici.it\/?post_type=product&#038;p=15412"},"modified":"2025-12-05T10:40:59","modified_gmt":"2025-12-05T10:40:59","slug":"lavastoviglie-candy-da-incasso-cip3e7l0w-13-coperti-classe-e","status":"publish","type":"product","link":"https:\/\/capaldoelettrodomestici.it\/index.php\/prodotto\/lavastoviglie-candy-da-incasso-cip3e7l0w-13-coperti-classe-e\/","title":{"rendered":"Lavastoviglie CANDY da incasso CIP3E7L0W 13 coperti, classe E"},"content":{"rendered":"<p>modello: CIP3E7L0W<\/p>\n<p>ean: 8059019091549<\/p>\n<p>Lavastoviglie da Incasso, 13 coperti, Classe energetica E, Connettivit\u00e0 Controllo remoto avanzato e contenuti extra in App (Wi-Fi + BLUETOOTH), n.5 programmi di lavaggio, 1\/2 carico, indicatore di fine ciclo, spia eaurimento sale, ciclo da 49&#8243;, la MAXI-TUB: la vasca pi\u00f9 spaziosa in dimensioni standard per caricare le stoviglie pi\u00f9 grandi, dotata del nuovo Inverter Speed-Drive, il motore senza spazzole pi\u00f9 innovativo e duraturo, in grado di aumentare le prestazioni di pulizia riducendo il consumo energia, grazie al suo dispositivo anti-allagamento, \u00e8 progettata per garantire il massimo livello di sicurezza.<\/p>\n<p>&nbsp;<\/p>\n","protected":false},"excerpt":{"rendered":"<p>Candy Rapido&#8217; \u00e8 la lavastoviglie pi\u00f9 veloce e spaziosa del mercato. \u00c8 dotata di un&#8217;ampia gamma di cicli rapidi adatti a ogni esigenza.<\/p>\n","protected":false},"featured_media":15413,"comment_status":"open","ping_status":"closed","template":"","meta":[],"product_brand":[],"product_cat":[140,152],"product_tag":[],"class_list":{"0":"post-15412","1":"product","2":"type-product","3":"status-publish","4":"has-post-thumbnail","6":"product_cat-elettrodomestici-da-incasso","7":"product_cat-lavastoviglie-elettrodomestici-da-incasso","8":"product_shipping_class-grandi-elettrodomestici","10":"first","11":"instock","12":"sale","13":"shipping-taxable","14":"purchasable","15":"product-type-simple"},"_links":{"self":[{"href":"https:\/\/capaldoelettrodomestici.it\/index.php\/wp-json\/wp\/v2\/product\/15412","targetHints":{"allow":["GET"]}}],"collection":[{"href":"https:\/\/capaldoelettrodomestici.it\/index.php\/wp-json\/wp\/v2\/product"}],"about":[{"href":"https:\/\/capaldoelettrodomestici.it\/index.php\/wp-json\/wp\/v2\/types\/product"}],"replies":[{"embeddable":true,"href":"https:\/\/capaldoelettrodomestici.it\/index.php\/wp-json\/wp\/v2\/comments?post=15412"}],"version-history":[{"count":9,"href":"https:\/\/capaldoelettrodomestici.it\/index.php\/wp-json\/wp\/v2\/product\/15412\/revisions"}],"predecessor-version":[{"id":15422,"href":"https:\/\/capaldoelettrodomestici.it\/index.php\/wp-json\/wp\/v2\/product\/15412\/revisions\/15422"}],"wp:featuredmedia":[{"embeddable":true,"href":"https:\/\/capaldoelettrodomestici.it\/index.php\/wp-json\/wp\/v2\/media\/15413"}],"wp:attachment":[{"href":"https:\/\/capaldoelettrodomestici.it\/index.php\/wp-json\/wp\/v2\/media?parent=15412"}],"wp:term":[{"taxonomy":"product_brand","embeddable":true,"href":"https:\/\/capaldoelettrodomestici.it\/index.php\/wp-json\/wp\/v2\/product_brand?post=15412"},{"taxonomy":"product_cat","embeddable":true,"href":"https:\/\/capaldoelettrodomestici.it\/index.php\/wp-json\/wp\/v2\/product_cat?post=15412"},{"taxonomy":"product_tag","embeddable":true,"href":"https:\/\/capaldoelettrodomestici.it\/index.php\/wp-json\/wp\/v2\/product_tag?post=15412"}],"curies":[{"name":"wp","href":"https:\/\/api.w.org\/{rel}","templated":true}]}}