{"id":15203,"date":"2025-10-16T15:32:31","date_gmt":"2025-10-16T15:32:31","guid":{"rendered":"https:\/\/capaldoelettrodomestici.it\/?post_type=product&#038;p=15203"},"modified":"2025-12-04T17:41:06","modified_gmt":"2025-12-04T17:41:06","slug":"lavatrice-hotpoint-ariston-10-kg-nf1046wkit-1400-giri-classe-energetica-a","status":"publish","type":"product","link":"https:\/\/capaldoelettrodomestici.it\/index.php\/prodotto\/lavatrice-hotpoint-ariston-10-kg-nf1046wkit-1400-giri-classe-energetica-a\/","title":{"rendered":"Lavatrice 10kg HOTPOINT ARISTON NF1046WKIT 1400 giri, classe energetica A"},"content":{"rendered":"<p>modello: NF1046WKIT<\/p>\n<p>ean: 8050147653357<\/p>\n<p>L a lavatrice Hotpoint Ariston capacit\u00e0 9 kg, classe energetica A, 1400 giri di centrifuga, colore obl\u00f2 nero, dotata di Motore Inverter grazie alla sua capacit\u00e0 di variare la velocit\u00e0 di rotazione, \u00e8 pi\u00f9 efficiente nel controllo della pressione dell&#8217;acqua e migliora la silenziosit\u00e0. Questo motore \u00e8 garantito per 10 anni.<\/p>\n<p>Il programma Anti Macchia \u00e8 progettato con cura per rimuovere 24 macchie comuni dal caff\u00e8 al ketchup, dall\u2019erba al trucco, grazie alla regolazione del livello di sporco &#8211; Leggero, Medio o Intenso &#8211; adatta ogni lavaggio alle tue esigenze. La tecnologia Steam Hygiene rimuove il 99.9% di virus e batteri, Anti Macchia \u00e8 un ciclo specifico studiato per rimuovere anche le macchie pi\u00f9 difficili, senza pretrattare, Igiene Vapore Un&#8217;opzione speciale per l&#8217;igiene del tuo bucato. Il vapore viene immesso nel cestello per rimuovere fino al 99,9% dei batteri pi\u00f9 comuni senza additivi chimici.<\/p>\n<p>&nbsp;<\/p>\n","protected":false},"excerpt":{"rendered":"<p>La lavatrice a carica frontale a libera installazione Hotpoint Ariston ha un cestello spazioso e ampio da 10,0 kg.<\/p>\n","protected":false},"featured_media":15204,"comment_status":"open","ping_status":"closed","template":"","meta":[],"product_brand":[],"product_cat":[126,124,125],"product_tag":[],"class_list":{"0":"post-15203","1":"product","2":"type-product","3":"status-publish","4":"has-post-thumbnail","6":"product_cat-carico-frontale","7":"product_cat-grandi-elettrodomestici","8":"product_cat-lavatrici","9":"product_shipping_class-grandi-elettrodomestici","11":"first","12":"instock","13":"sale","14":"shipping-taxable","15":"purchasable","16":"product-type-simple"},"_links":{"self":[{"href":"https:\/\/capaldoelettrodomestici.it\/index.php\/wp-json\/wp\/v2\/product\/15203","targetHints":{"allow":["GET"]}}],"collection":[{"href":"https:\/\/capaldoelettrodomestici.it\/index.php\/wp-json\/wp\/v2\/product"}],"about":[{"href":"https:\/\/capaldoelettrodomestici.it\/index.php\/wp-json\/wp\/v2\/types\/product"}],"replies":[{"embeddable":true,"href":"https:\/\/capaldoelettrodomestici.it\/index.php\/wp-json\/wp\/v2\/comments?post=15203"}],"version-history":[{"count":7,"href":"https:\/\/capaldoelettrodomestici.it\/index.php\/wp-json\/wp\/v2\/product\/15203\/revisions"}],"predecessor-version":[{"id":15407,"href":"https:\/\/capaldoelettrodomestici.it\/index.php\/wp-json\/wp\/v2\/product\/15203\/revisions\/15407"}],"wp:featuredmedia":[{"embeddable":true,"href":"https:\/\/capaldoelettrodomestici.it\/index.php\/wp-json\/wp\/v2\/media\/15204"}],"wp:attachment":[{"href":"https:\/\/capaldoelettrodomestici.it\/index.php\/wp-json\/wp\/v2\/media?parent=15203"}],"wp:term":[{"taxonomy":"product_brand","embeddable":true,"href":"https:\/\/capaldoelettrodomestici.it\/index.php\/wp-json\/wp\/v2\/product_brand?post=15203"},{"taxonomy":"product_cat","embeddable":true,"href":"https:\/\/capaldoelettrodomestici.it\/index.php\/wp-json\/wp\/v2\/product_cat?post=15203"},{"taxonomy":"product_tag","embeddable":true,"href":"https:\/\/capaldoelettrodomestici.it\/index.php\/wp-json\/wp\/v2\/product_tag?post=15203"}],"curies":[{"name":"wp","href":"https:\/\/api.w.org\/{rel}","templated":true}]}}