{"id":15188,"date":"2025-10-15T15:50:34","date_gmt":"2025-10-15T15:50:34","guid":{"rendered":"https:\/\/capaldoelettrodomestici.it\/?post_type=product&#038;p=15188"},"modified":"2025-12-04T17:53:59","modified_gmt":"2025-12-04T17:53:59","slug":"lavatrice-hotpoint-ariston-9-kg-nfr79wit-1400-giri-classe-a10","status":"publish","type":"product","link":"https:\/\/capaldoelettrodomestici.it\/index.php\/prodotto\/lavatrice-hotpoint-ariston-9-kg-nfr79wit-1400-giri-classe-a10\/","title":{"rendered":"Lavatrice 9kg HOTPOINT ARISTON NFR79WIT 1400 giri, classe A-10%"},"content":{"rendered":"<p>modello: NFR79WIT<\/p>\n<p>ean: 8050147697252<\/p>\n<p>La lavatrice Hotpoint Ariston ha una capacit\u00e0 di Kg 9, colore bianco, 1400 giri di centrifuga, classe energetica A-10%, Motore inverter grazie alla sua capacit\u00e0 di variare la velocit\u00e0 di rotazione, \u00e8 pi\u00f9 efficiente nel controllo della pressione dell&#8217;acqua e migliora la silenziosit\u00e0. Questo motore \u00e8 garantito per 10 anni.<\/p>\n<p>Con la funzione Steam Hygiene\u00a0 il vapore viene liberato all&#8217;interno del cestello alla fine del ciclo di lavaggio per rimuovere fino al 99.9% di virus e batteri* senza l&#8217;impiego di prodotti chimici e additivi, Pieno carico 45 &#8216; \u00e8 un programma di lavaggio che si prende cura dei tuoi vestiti, Opzione rapido: grazie all&#8217;opzione Rapido puoi ridurre la durata del ciclo garantendo perfetti risultati di lavaggio, riducendo i tempi necessari fino al 50%,<\/p>\n","protected":false},"excerpt":{"rendered":"<p>La lavatrice a carica frontale a libera installazione Hotpoint Ariston ha un cestello extra-spazioso e ampio da 9,0 kg.<\/p>\n","protected":false},"featured_media":15189,"comment_status":"open","ping_status":"closed","template":"","meta":[],"product_brand":[],"product_cat":[126,124,125],"product_tag":[],"class_list":{"0":"post-15188","1":"product","2":"type-product","3":"status-publish","4":"has-post-thumbnail","6":"product_cat-carico-frontale","7":"product_cat-grandi-elettrodomestici","8":"product_cat-lavatrici","9":"product_shipping_class-grandi-elettrodomestici","11":"first","12":"outofstock","13":"sale","14":"shipping-taxable","15":"purchasable","16":"product-type-simple"},"_links":{"self":[{"href":"https:\/\/capaldoelettrodomestici.it\/index.php\/wp-json\/wp\/v2\/product\/15188","targetHints":{"allow":["GET"]}}],"collection":[{"href":"https:\/\/capaldoelettrodomestici.it\/index.php\/wp-json\/wp\/v2\/product"}],"about":[{"href":"https:\/\/capaldoelettrodomestici.it\/index.php\/wp-json\/wp\/v2\/types\/product"}],"replies":[{"embeddable":true,"href":"https:\/\/capaldoelettrodomestici.it\/index.php\/wp-json\/wp\/v2\/comments?post=15188"}],"version-history":[{"count":12,"href":"https:\/\/capaldoelettrodomestici.it\/index.php\/wp-json\/wp\/v2\/product\/15188\/revisions"}],"predecessor-version":[{"id":15409,"href":"https:\/\/capaldoelettrodomestici.it\/index.php\/wp-json\/wp\/v2\/product\/15188\/revisions\/15409"}],"wp:featuredmedia":[{"embeddable":true,"href":"https:\/\/capaldoelettrodomestici.it\/index.php\/wp-json\/wp\/v2\/media\/15189"}],"wp:attachment":[{"href":"https:\/\/capaldoelettrodomestici.it\/index.php\/wp-json\/wp\/v2\/media?parent=15188"}],"wp:term":[{"taxonomy":"product_brand","embeddable":true,"href":"https:\/\/capaldoelettrodomestici.it\/index.php\/wp-json\/wp\/v2\/product_brand?post=15188"},{"taxonomy":"product_cat","embeddable":true,"href":"https:\/\/capaldoelettrodomestici.it\/index.php\/wp-json\/wp\/v2\/product_cat?post=15188"},{"taxonomy":"product_tag","embeddable":true,"href":"https:\/\/capaldoelettrodomestici.it\/index.php\/wp-json\/wp\/v2\/product_tag?post=15188"}],"curies":[{"name":"wp","href":"https:\/\/api.w.org\/{rel}","templated":true}]}}