{"id":14110,"date":"2025-04-30T08:51:54","date_gmt":"2025-04-30T08:51:54","guid":{"rendered":"https:\/\/capaldoelettrodomestici.it\/?post_type=product&#038;p=14110"},"modified":"2025-10-28T16:34:24","modified_gmt":"2025-10-28T16:34:24","slug":"lavatrice-carica-frontale-aeg-serie-6000-9kg-lr6g94ow-1400-giri-min-classe-a","status":"publish","type":"product","link":"https:\/\/capaldoelettrodomestici.it\/index.php\/prodotto\/lavatrice-carica-frontale-aeg-serie-6000-9kg-lr6g94ow-1400-giri-min-classe-a\/","title":{"rendered":"Lavatrice AEG 9 kg Carica Frontale Serie 6000  LR6G94OW \u2013 1400 giri\/min \u2013 Classe A"},"content":{"rendered":"<p data-start=\"171\" data-end=\"187\">Modello: LR6G94OW<\/p>\n<p data-start=\"190\" data-end=\"211\">Codice EAN: 7332543974368<\/p>\n<p>Lavatrice a carico: frontale<\/p>\n<p>Capacit\u00e0: 9 Kg<\/p>\n<p>Classe energetica: A<\/p>\n<p class=\"\" data-start=\"214\" data-end=\"245\">Serie: Serie 6000 ProSense<\/p>\n<p class=\"\" data-start=\"293\" data-end=\"332\">Installazione: Libera installazione<\/p>\n<p class=\"\" data-start=\"335\" data-end=\"353\">Colore: Bianco<\/p>\n<p data-start=\"356\" data-end=\"380\">Centrifuga: 1400 giri<\/p>\n<p class=\"\" data-start=\"614\" data-end=\"677\">Tecnologia ProSense: <span class=\"relative -mx-px my-[-0.2rem] rounded px-px py-[0.2rem] transition-colors duration-100 ease-in-out\">regola automaticamente tempo, acqua ed energia in base al carico fino al 30%, b<span class=\"a-list-item\">asta selezionare l&#8217;opzione Risparmia Tempo per ridurre la durata del ciclo fino a due volte, offrendo un lavaggio eccezionale e il pi\u00f9 rapido possibile.<\/span><\/span><\/p>\n<p class=\"\" data-start=\"680\" data-end=\"763\">Programma Hygiene certificato Swissatest: <span class=\"relative -mx-px my-[-0.2rem] rounded px-px py-[0.2rem] transition-colors duration-100 ease-in-out\">rimuove oltre il 99,99% di virus e batteri<\/span><\/p>\n<p class=\"\" data-start=\"766\" data-end=\"832\">Programma MixLoad 69min: i<span class=\"a-list-item\">ndicato per carichi misti fino a 5 kg, durante il lavaggio, pulisce a 30\u00b0C e in soli 69 minuti, offrendo prestazioni ottimali e un bucato eccezionale.<\/span><\/p>\n<p class=\"\" data-start=\"835\" data-end=\"893\">Motore Inverter: <span class=\"relative -mx-px my-[-0.2rem] rounded px-px py-[0.2rem] transition-colors duration-100 ease-in-out\">silenzioso, efficiente, duraturo, resistente e affidabile<\/span><\/p>\n<p class=\"\" data-start=\"896\" data-end=\"962\">Opzione Risparmio Tempo: <span class=\"relative -mx-px my-[-0.2rem] rounded px-px py-[0.2rem] transition-colors duration-100 ease-in-out\">riduce la durata del ciclo fino al 50%<\/span><\/p>\n<p class=\"\" data-start=\"965\" data-end=\"998\">Display LCD con Touch Control<\/p>\n<p class=\"\" data-start=\"1001\" data-end=\"1037\">Partenza ritardata fino a 20 ore<\/p>\n<p class=\"\" data-start=\"1040\" data-end=\"1103\">Programmi speciali: <span class=\"relative -mx-px my-[-0.2rem] rounded px-px py-[0.2rem] transition-colors duration-100 ease-in-out\">Cotone, Sintetici, Delicati, Eco 40-60, Rapido, Piumoni, Vapore<\/span><\/p>\n<p class=\"\" data-start=\"1106\" data-end=\"1127\">Sicurezza bambini<\/p>\n<p class=\"\" data-start=\"1130\" data-end=\"1148\">Blocco comandi<\/p>\n<p class=\"\" data-start=\"1151\" data-end=\"1179\">Indicatore tempo residuo<\/p>\n<p class=\"\" data-start=\"1182\" data-end=\"1259\">Segnale acustico alla fine ciclo\u200b<\/p>\n<p class=\"\" data-start=\"1460\" data-end=\"1555\">\u200bLarghezza: 59,7\u00a0 cm<\/p>\n<p>Altezza: 84,7 cm<\/p>\n<p>Profondit\u00e0: 66 cm<\/p>\n","protected":false},"excerpt":{"rendered":"<h3 class=\"\" data-start=\"1562\" data-end=\"1577\">Descrizione<\/h3>\n<p class=\"\" data-start=\"1578\" data-end=\"1663\"><span class=\"relative -mx-px my-[-0.2rem] rounded px-px py-[0.2rem] transition-colors duration-100 ease-in-out\">La lavatrice AEG Serie 6000 LR6G94OW da 9 kg \u00e8 progettata per offrire efficienza energetica e cura dei tessuti. Grazie alla tecnologia ProSense, adatta automaticamente i parametri di lavaggio al carico, garantendo risparmio di tempo, acqua ed energia. Il programma Hygiene, certificato da Swissatest, assicura una pulizia profonda, eliminando oltre il 99,99% di virus e batteri. Il motore Inverter garantisce prestazioni silenziose e durature. Con un design moderno e funzionalit\u00e0 avanzate, \u00e8 la scelta ideale per chi cerca qualit\u00e0 e affidabilit\u00e0.<\/span>\u200b<\/p>\n","protected":false},"featured_media":14112,"comment_status":"open","ping_status":"closed","template":"","meta":[],"product_brand":[],"product_cat":[126,124,125],"product_tag":[285,1436,1435,1434,1063,1426,1437,620,1433,1139],"class_list":{"0":"post-14110","1":"product","2":"type-product","3":"status-publish","4":"has-post-thumbnail","6":"product_cat-carico-frontale","7":"product_cat-grandi-elettrodomestici","8":"product_cat-lavatrici","9":"product_tag-classe-a","10":"product_tag-elettrodomestici-aeg","11":"product_tag-lavaggio-igienico","12":"product_tag-lavatrice-9-kg","13":"product_tag-lavatrice-a-carica-frontale","14":"product_tag-lavatrice-aeg","15":"product_tag-lavatrice-efficiente","16":"product_tag-lavatrice-silenziosa","17":"product_tag-lr6g94ow","18":"product_tag-prosense","19":"product_shipping_class-grandi-elettrodomestici","21":"first","22":"outofstock","23":"sale","24":"shipping-taxable","25":"purchasable","26":"product-type-simple"},"_links":{"self":[{"href":"https:\/\/capaldoelettrodomestici.it\/index.php\/wp-json\/wp\/v2\/product\/14110","targetHints":{"allow":["GET"]}}],"collection":[{"href":"https:\/\/capaldoelettrodomestici.it\/index.php\/wp-json\/wp\/v2\/product"}],"about":[{"href":"https:\/\/capaldoelettrodomestici.it\/index.php\/wp-json\/wp\/v2\/types\/product"}],"replies":[{"embeddable":true,"href":"https:\/\/capaldoelettrodomestici.it\/index.php\/wp-json\/wp\/v2\/comments?post=14110"}],"version-history":[{"count":7,"href":"https:\/\/capaldoelettrodomestici.it\/index.php\/wp-json\/wp\/v2\/product\/14110\/revisions"}],"predecessor-version":[{"id":14878,"href":"https:\/\/capaldoelettrodomestici.it\/index.php\/wp-json\/wp\/v2\/product\/14110\/revisions\/14878"}],"wp:featuredmedia":[{"embeddable":true,"href":"https:\/\/capaldoelettrodomestici.it\/index.php\/wp-json\/wp\/v2\/media\/14112"}],"wp:attachment":[{"href":"https:\/\/capaldoelettrodomestici.it\/index.php\/wp-json\/wp\/v2\/media?parent=14110"}],"wp:term":[{"taxonomy":"product_brand","embeddable":true,"href":"https:\/\/capaldoelettrodomestici.it\/index.php\/wp-json\/wp\/v2\/product_brand?post=14110"},{"taxonomy":"product_cat","embeddable":true,"href":"https:\/\/capaldoelettrodomestici.it\/index.php\/wp-json\/wp\/v2\/product_cat?post=14110"},{"taxonomy":"product_tag","embeddable":true,"href":"https:\/\/capaldoelettrodomestici.it\/index.php\/wp-json\/wp\/v2\/product_tag?post=14110"}],"curies":[{"name":"wp","href":"https:\/\/api.w.org\/{rel}","templated":true}]}}