{"id":14014,"date":"2025-04-04T09:35:41","date_gmt":"2025-04-04T09:35:41","guid":{"rendered":"https:\/\/capaldoelettrodomestici.it\/?post_type=product&#038;p=14014"},"modified":"2025-10-28T16:58:40","modified_gmt":"2025-10-28T16:58:40","slug":"lavatrice-hisense-wfqp7012evm-7-kg-1200-giri-min-classe-e","status":"publish","type":"product","link":"https:\/\/capaldoelettrodomestici.it\/index.php\/prodotto\/lavatrice-hisense-wfqp7012evm-7-kg-1200-giri-min-classe-e\/","title":{"rendered":"Lavatrice HISENSE WFQP701219EVM \u2013 7 kg, Slim 46 cm, 1200 giri\/min, Classe C"},"content":{"rendered":"<p>Modello: WFQP701219EVM<\/p>\n<p>EAN: 6901101815507<\/p>\n<p class=\"\" data-start=\"311\" data-end=\"355\">Tipologia: Lavatrice a carica frontale Slim<\/p>\n<p data-start=\"311\" data-end=\"355\">Capacit\u00e0 di carico: 7 kg<\/p>\n<p class=\"\" data-start=\"409\" data-end=\"449\">Classe di efficienza energetica: E<\/p>\n<p class=\"\" data-start=\"452\" data-end=\"510\">Consumo energetico per 100 cicli (Eco 40-60): 78 kWh<\/p>\n<p class=\"\" data-start=\"513\" data-end=\"564\">Consumo acqua per ciclo (Eco 40-60): 45 litri<\/p>\n<p data-start=\"691\" data-end=\"721\">Velocit\u00e0 centrifuga massima: 1200 giri\/min<\/p>\n<p class=\"\" data-start=\"764\" data-end=\"880\">Programmi speciali: Cotone, Sintetici, Delicati, Lana, Rapido 15&#8242;, Eco 40-60, Centrifuga e Scarico, Risciacquo<\/p>\n<p>Durable Inverter: potente motore con elettronica di nuova generazione \u00e8 estremamente efficiente e garantisce una migliore pulizia, risparmia energia e produce meno rumore.<\/p>\n<p>Funzione Drum Clean: si pu\u00f2 pulire il cestello con pi\u00f9 acqua, a temperature e velocit\u00e0 di rotazione del cestello pi\u00f9 elevate per garantire prestazioni di lavaggio davvero eccellenti, mantenendo la lavatrice nelle migliori condizioni e i vestiti sempre freschi.<\/p>\n<p>Autodiagnosi: in caso di un malfunzionamento, gli strumenti di autodiagnosi lo notificheranno con un codice di errore univoco che si pu\u00f2 trovare facilmente nel manuale utente. Ci\u00f2 rende la risoluzione dei problemi rapida e comoda, risparmiando tempo e assicurando sicurezza e protezione.<\/p>\n<p class=\"\" data-start=\"883\" data-end=\"904\">Display LED: S\u00ec<\/p>\n<p class=\"\" data-start=\"907\" data-end=\"943\">Partenza ritardata: Fino a 24h<\/p>\n<p class=\"\" data-start=\"946\" data-end=\"983\">Blocco di sicurezza bambini: S\u00ec<\/p>\n<p class=\"\" data-start=\"986\" data-end=\"1031\">Bilanciamento automatico del carico: S\u00ec<\/p>\n<p class=\"\" data-start=\"1125\" data-end=\"1149\">Larghezza: 59,5 cm<\/p>\n<p class=\"\" data-start=\"1152\" data-end=\"1172\">Altezza: 84,5 cm<\/p>\n<p class=\"\" data-start=\"1099\" data-end=\"1122\">Profondit\u00e0: 46 cm<\/p>\n","protected":false},"excerpt":{"rendered":"<p data-start=\"1194\" data-end=\"1217\">La lavatrice <strong data-start=\"1231\" data-end=\"1254\">Hisense WFQP7012EVM<\/strong> <strong>SLIM<\/strong> unisce <strong data-start=\"1262\" data-end=\"1288\">efficienza e praticit\u00e0<\/strong> in un design compatto. Con una capacit\u00e0 di 7 kg e una centrifuga da 1200 giri\/min, garantisce risultati ottimali per il bucato quotidiano. Il pannello LED, i molteplici programmi e le funzioni avanzate come il blocco bambini e la partenza ritardata la rendono perfetta per ogni esigenza domestica.<\/p>\n","protected":false},"featured_media":14016,"comment_status":"open","ping_status":"closed","template":"","meta":[],"product_brand":[],"product_cat":[126,124,125,128],"product_tag":[1359,270,1379,265,1156,1380,1378,1072,1377],"class_list":{"0":"post-14014","1":"product","2":"type-product","3":"status-publish","4":"has-post-thumbnail","6":"product_cat-carico-frontale","7":"product_cat-grandi-elettrodomestici","8":"product_cat-lavatrici","9":"product_cat-slim","10":"product_tag-bucato","11":"product_tag-carica-frontale","12":"product_tag-centrifuga-1200-rpm","13":"product_tag-classe-energetica-e","14":"product_tag-elettrodomestici","15":"product_tag-lavaggio-efficiente","16":"product_tag-lavatrice-7-kg","17":"product_tag-lavatrice-compatta","18":"product_tag-lavatrice-hisense","19":"product_shipping_class-grandi-elettrodomestici","21":"first","22":"instock","23":"sale","24":"shipping-taxable","25":"purchasable","26":"product-type-simple"},"_links":{"self":[{"href":"https:\/\/capaldoelettrodomestici.it\/index.php\/wp-json\/wp\/v2\/product\/14014","targetHints":{"allow":["GET"]}}],"collection":[{"href":"https:\/\/capaldoelettrodomestici.it\/index.php\/wp-json\/wp\/v2\/product"}],"about":[{"href":"https:\/\/capaldoelettrodomestici.it\/index.php\/wp-json\/wp\/v2\/types\/product"}],"replies":[{"embeddable":true,"href":"https:\/\/capaldoelettrodomestici.it\/index.php\/wp-json\/wp\/v2\/comments?post=14014"}],"version-history":[{"count":8,"href":"https:\/\/capaldoelettrodomestici.it\/index.php\/wp-json\/wp\/v2\/product\/14014\/revisions"}],"predecessor-version":[{"id":15243,"href":"https:\/\/capaldoelettrodomestici.it\/index.php\/wp-json\/wp\/v2\/product\/14014\/revisions\/15243"}],"wp:featuredmedia":[{"embeddable":true,"href":"https:\/\/capaldoelettrodomestici.it\/index.php\/wp-json\/wp\/v2\/media\/14016"}],"wp:attachment":[{"href":"https:\/\/capaldoelettrodomestici.it\/index.php\/wp-json\/wp\/v2\/media?parent=14014"}],"wp:term":[{"taxonomy":"product_brand","embeddable":true,"href":"https:\/\/capaldoelettrodomestici.it\/index.php\/wp-json\/wp\/v2\/product_brand?post=14014"},{"taxonomy":"product_cat","embeddable":true,"href":"https:\/\/capaldoelettrodomestici.it\/index.php\/wp-json\/wp\/v2\/product_cat?post=14014"},{"taxonomy":"product_tag","embeddable":true,"href":"https:\/\/capaldoelettrodomestici.it\/index.php\/wp-json\/wp\/v2\/product_tag?post=14014"}],"curies":[{"name":"wp","href":"https:\/\/api.w.org\/{rel}","templated":true}]}}