{"id":13943,"date":"2025-03-31T08:52:26","date_gmt":"2025-03-31T08:52:26","guid":{"rendered":"https:\/\/capaldoelettrodomestici.it\/?post_type=product&#038;p=13943"},"modified":"2025-10-28T17:12:02","modified_gmt":"2025-10-28T17:12:02","slug":"ventilatore-a-piantana-dpm-fs4503-eos-3-in-1-oscillante-5-pale-diametro-45-cm-3-velocita-colore-argento-e-nero","status":"publish","type":"product","link":"https:\/\/capaldoelettrodomestici.it\/index.php\/prodotto\/ventilatore-a-piantana-dpm-fs4503-eos-3-in-1-oscillante-5-pale-diametro-45-cm-3-velocita-colore-argento-e-nero\/","title":{"rendered":"Ventilatore a Piantana DPM FS4503 EOS \u2013 3 in 1, Oscillante, 5 Pale, Diametro 45 cm, 3 Velocit\u00e0, Colore Argento e Nero"},"content":{"rendered":"<h3 class=\"\" data-start=\"0\" data-end=\"111\"><strong data-start=\"4\" data-end=\"109\">DPM FS4503 EOS \u2013 Ventilatore a Piantana 3 in 1, Oscillante, 5 Pale, 45 cm, 3 Velocit\u00e0, Argento e Nero<\/strong><\/h3>\n<h3 class=\"\" data-start=\"113\" data-end=\"135\"><strong data-start=\"117\" data-end=\"133\">Dati tecnici<\/strong><\/h3>\n<ul data-start=\"136\" data-end=\"457\">\n<li class=\"\" data-start=\"136\" data-end=\"167\">\n<p class=\"\" data-start=\"138\" data-end=\"167\"><strong data-start=\"138\" data-end=\"149\">Modello<\/strong>: DPM FS4503 EOS<\/p>\n<\/li>\n<li class=\"\" data-start=\"168\" data-end=\"216\">\n<p class=\"\" data-start=\"170\" data-end=\"216\"><strong data-start=\"170\" data-end=\"183\">Tipologia<\/strong>: Ventilatore a piantana 3 in 1<\/p>\n<\/li>\n<li class=\"\" data-start=\"217\" data-end=\"247\">\n<p class=\"\" data-start=\"219\" data-end=\"247\"><strong data-start=\"219\" data-end=\"229\">Colore<\/strong>: Argento e Nero<\/p>\n<\/li>\n<li class=\"\" data-start=\"248\" data-end=\"271\">\n<p class=\"\" data-start=\"250\" data-end=\"271\"><strong data-start=\"250\" data-end=\"262\">Diametro<\/strong>: 45 cm<\/p>\n<\/li>\n<li class=\"\" data-start=\"272\" data-end=\"297\">\n<p class=\"\" data-start=\"274\" data-end=\"297\"><strong data-start=\"274\" data-end=\"292\">Numero di pale<\/strong>: 5<\/p>\n<\/li>\n<li class=\"\" data-start=\"298\" data-end=\"341\">\n<p class=\"\" data-start=\"300\" data-end=\"341\"><strong data-start=\"300\" data-end=\"312\">Velocit\u00e0<\/strong>: 3 impostazioni regolabili<\/p>\n<\/li>\n<li class=\"\" data-start=\"342\" data-end=\"366\">\n<p class=\"\" data-start=\"344\" data-end=\"366\"><strong data-start=\"344\" data-end=\"360\">Oscillazione<\/strong>: S\u00ec<\/p>\n<\/li>\n<li class=\"\" data-start=\"367\" data-end=\"398\">\n<p class=\"\" data-start=\"369\" data-end=\"398\"><strong data-start=\"369\" data-end=\"392\">Regolazione altezza<\/strong>: S\u00ec<\/p>\n<\/li>\n<li class=\"\" data-start=\"399\" data-end=\"436\">\n<p class=\"\" data-start=\"401\" data-end=\"436\"><strong data-start=\"401\" data-end=\"418\">Alimentazione<\/strong>: Elettrica 230V<\/p>\n<\/li>\n<li class=\"\" data-start=\"437\" data-end=\"457\">\n<p class=\"\" data-start=\"439\" data-end=\"457\"><strong data-start=\"439\" data-end=\"450\">Potenza<\/strong>: 40W<\/p>\n<\/li>\n<\/ul>\n<h3 class=\"\" data-start=\"459\" data-end=\"495\"><strong data-start=\"463\" data-end=\"493\">Funzioni e caratteristiche<\/strong><\/h3>\n<ul data-start=\"496\" data-end=\"906\">\n<li class=\"\" data-start=\"496\" data-end=\"591\">\n<p class=\"\" data-start=\"498\" data-end=\"591\"><strong data-start=\"498\" data-end=\"518\">Design versatile<\/strong>: Pu\u00f2 essere utilizzato come ventilatore da terra, da tavolo o a parete<\/p>\n<\/li>\n<li class=\"\" data-start=\"592\" data-end=\"684\">\n<p class=\"\" data-start=\"594\" data-end=\"684\"><strong data-start=\"594\" data-end=\"627\">Ampia distribuzione dell&#8217;aria<\/strong>: Oscillazione automatica per una ventilazione uniforme<\/p>\n<\/li>\n<li class=\"\" data-start=\"685\" data-end=\"750\">\n<p class=\"\" data-start=\"687\" data-end=\"750\"><strong data-start=\"687\" data-end=\"712\">Flusso d&#8217;aria potente<\/strong>: 5 pale per una maggiore efficienza<\/p>\n<\/li>\n<li class=\"\" data-start=\"751\" data-end=\"843\">\n<p class=\"\" data-start=\"753\" data-end=\"843\"><strong data-start=\"753\" data-end=\"783\">Regolazione personalizzata<\/strong>: Altezza e inclinazione regolabili per il massimo comfort<\/p>\n<\/li>\n<li class=\"\" data-start=\"844\" data-end=\"906\">\n<p class=\"\" data-start=\"846\" data-end=\"906\"><strong data-start=\"846\" data-end=\"867\">Struttura robusta<\/strong>: Base stabile e materiali resistenti<\/p>\n<\/li>\n<\/ul>\n<h3 class=\"\" data-start=\"908\" data-end=\"935\"><strong data-start=\"912\" data-end=\"933\">Dimensioni e peso<\/strong><\/h3>\n<ul data-start=\"936\" data-end=\"1029\">\n<li class=\"\" data-start=\"936\" data-end=\"960\">\n<p class=\"\" data-start=\"938\" data-end=\"960\"><strong data-start=\"938\" data-end=\"951\">Larghezza<\/strong>: 44 cm<\/p>\n<\/li>\n<li class=\"\" data-start=\"961\" data-end=\"986\">\n<p class=\"\" data-start=\"963\" data-end=\"986\"><strong data-start=\"963\" data-end=\"977\">Profondit\u00e0<\/strong>: 41 cm<\/p>\n<\/li>\n<li class=\"\" data-start=\"987\" data-end=\"1010\">\n<p class=\"\" data-start=\"989\" data-end=\"1010\"><strong data-start=\"989\" data-end=\"1000\">Altezza<\/strong>: 130 cm<\/p>\n<\/li>\n<li class=\"\" data-start=\"1011\" data-end=\"1029\">\n<p class=\"\" data-start=\"1013\" data-end=\"1029\"><strong data-start=\"1013\" data-end=\"1021\">Peso<\/strong>: 5 kg<\/p>\n<\/li>\n<\/ul>\n","protected":false},"excerpt":{"rendered":"<h3 class=\"\" data-start=\"1145\" data-end=\"1164\"><strong data-start=\"1149\" data-end=\"1164\">Descrizione<\/strong><\/h3>\n<p class=\"\" data-start=\"1165\" data-end=\"1520\">Il DPM FS4503 EOS \u00e8 un ventilatore versatile con design moderno, in argento e nero. Con 3 velocit\u00e0 e oscillazione automatica, \u00e8 ideale per ambienti di ogni tipo. Le 5 pale offrono un flusso d&#8217;aria potente, mentre la regolazione in altezza e inclinazione consente un uso personalizzato. Perfetto per mantenere fresca ogni stanza, sia a casa che in ufficio.<\/p>\n","protected":false},"featured_media":13941,"comment_status":"open","ping_status":"closed","template":"","meta":[],"product_brand":[],"product_cat":[1326],"product_tag":[1331,1156,930,1343,1347,1346,1345,1344,1147],"class_list":{"0":"post-13943","1":"product","2":"type-product","3":"status-publish","4":"has-post-thumbnail","6":"product_cat-ventilatori","7":"product_tag-aria-fresca","8":"product_tag-elettrodomestici","9":"product_tag-raffreddamento","10":"product_tag-ventilatore-3-in-1","11":"product_tag-ventilatore-45-cm","12":"product_tag-ventilatore-a-piantana","13":"product_tag-ventilatore-dpm","14":"product_tag-ventilatore-oscillante","15":"product_tag-ventilazione","16":"product_shipping_class-grandi-elettrodomestici","18":"first","19":"instock","20":"sale","21":"shipping-taxable","22":"purchasable","23":"product-type-simple"},"_links":{"self":[{"href":"https:\/\/capaldoelettrodomestici.it\/index.php\/wp-json\/wp\/v2\/product\/13943","targetHints":{"allow":["GET"]}}],"collection":[{"href":"https:\/\/capaldoelettrodomestici.it\/index.php\/wp-json\/wp\/v2\/product"}],"about":[{"href":"https:\/\/capaldoelettrodomestici.it\/index.php\/wp-json\/wp\/v2\/types\/product"}],"replies":[{"embeddable":true,"href":"https:\/\/capaldoelettrodomestici.it\/index.php\/wp-json\/wp\/v2\/comments?post=13943"}],"version-history":[{"count":1,"href":"https:\/\/capaldoelettrodomestici.it\/index.php\/wp-json\/wp\/v2\/product\/13943\/revisions"}],"predecessor-version":[{"id":13944,"href":"https:\/\/capaldoelettrodomestici.it\/index.php\/wp-json\/wp\/v2\/product\/13943\/revisions\/13944"}],"wp:featuredmedia":[{"embeddable":true,"href":"https:\/\/capaldoelettrodomestici.it\/index.php\/wp-json\/wp\/v2\/media\/13941"}],"wp:attachment":[{"href":"https:\/\/capaldoelettrodomestici.it\/index.php\/wp-json\/wp\/v2\/media?parent=13943"}],"wp:term":[{"taxonomy":"product_brand","embeddable":true,"href":"https:\/\/capaldoelettrodomestici.it\/index.php\/wp-json\/wp\/v2\/product_brand?post=13943"},{"taxonomy":"product_cat","embeddable":true,"href":"https:\/\/capaldoelettrodomestici.it\/index.php\/wp-json\/wp\/v2\/product_cat?post=13943"},{"taxonomy":"product_tag","embeddable":true,"href":"https:\/\/capaldoelettrodomestici.it\/index.php\/wp-json\/wp\/v2\/product_tag?post=13943"}],"curies":[{"name":"wp","href":"https:\/\/api.w.org\/{rel}","templated":true}]}}