{"id":13382,"date":"2025-03-17T10:39:46","date_gmt":"2025-03-17T10:39:46","guid":{"rendered":"https:\/\/capaldoelettrodomestici.it\/?post_type=product&#038;p=13382"},"modified":"2025-10-29T16:21:13","modified_gmt":"2025-10-29T16:21:13","slug":"pyramidea-lavatrice-slim-7-kg-lvb712slim","status":"publish","type":"product","link":"https:\/\/capaldoelettrodomestici.it\/index.php\/prodotto\/pyramidea-lavatrice-slim-7-kg-lvb712slim\/","title":{"rendered":"Lavatrice Slim PYRAMIDEA LVB712SLIM \u2013 7kg, Classe D"},"content":{"rendered":"<p data-start=\"0\" data-end=\"50\">PYRAMIDEA Lavatrice Slim LVB712SLIM<\/p>\n<p data-start=\"0\" data-end=\"50\">Codice EAN: 8054890194730<\/p>\n<p>Carica: frontale a libera installazione<\/p>\n<p>Capacit\u00e0 di carico: 7 kg<\/p>\n<p>Classe di efficienza energetica: D<\/p>\n<p>Velocit\u00e0 di centrifuga massima: 1200 giri\/minuto<\/p>\n<p>Slim Design: Profondit\u00e0 ridotta per spazi ristretti.<\/p>\n<p>15 Programmi di lavaggio: Cotone, sintetici, delicati, lana, rapido 15\u2019, rapido 30\u2019 \u2013 Programma rapido da 30 minuti per carichi leggeri, piumoni, jeans, lavaggio a mano, capi sportivi , antibatterico, eco, prelavaggio, camicie, risciacquo e centrifuga, partenza ritardata, sistema di bilanciamento automatico, funzione extra risciacquo.<\/p>\n<p>Larghezza: 60 cm<\/p>\n<p>Altezza: 85 cm<\/p>\n<p>Profondit\u00e0: 40 cm<\/p>\n","protected":false},"excerpt":{"rendered":"<h4 data-start=\"967\" data-end=\"989\"><strong data-start=\"972\" data-end=\"987\">Descrizione<\/strong><\/h4>\n<p data-start=\"990\" data-end=\"1167\">La <strong data-start=\"993\" data-end=\"1017\">PYRAMIDEA LVB712SLIM<\/strong> \u00e8 una lavatrice <strong>SLIM<\/strong> ed \u00e8 la soluzione ideale per chi cerca un dispositivo compatto e ad alte prestazioni. Con una profondit\u00e0 ridotta, si adatta perfettamente anche agli spazi pi\u00f9 stretti, senza compromettere la capacit\u00e0 di carico o l\u2019efficienza energetica. Con 7 kg di capacit\u00e0, offre programmi rapidi e personalizzabili, assicurando risultati impeccabili in tempi brevi. Facile da usare e dotata di tecnologia avanzata, \u00e8 perfetta per le esigenze quotidiane di tutta la famiglia.<\/p>\n","protected":false},"featured_media":13383,"comment_status":"open","ping_status":"closed","template":"","meta":[],"product_brand":[],"product_cat":[126,124,125],"product_tag":[1119,1126,270,1069,1127,328,697,227,698,252,228],"class_list":{"0":"post-13382","1":"product","2":"type-product","3":"status-publish","4":"has-post-thumbnail","6":"product_cat-carico-frontale","7":"product_cat-grandi-elettrodomestici","8":"product_cat-lavatrici","9":"product_tag-1200-giri-min","10":"product_tag-7-kg","11":"product_tag-carica-frontale","12":"product_tag-classe-d","13":"product_tag-compatta","14":"product_tag-efficienza-energetica","15":"product_tag-lavaggio-rapido","16":"product_tag-lavatrice","17":"product_tag-partenza-ritardata","18":"product_tag-pyramidea","19":"product_tag-slim","20":"product_shipping_class-grandi-elettrodomestici","22":"first","23":"outofstock","24":"sale","25":"shipping-taxable","26":"purchasable","27":"product-type-simple"},"_links":{"self":[{"href":"https:\/\/capaldoelettrodomestici.it\/index.php\/wp-json\/wp\/v2\/product\/13382","targetHints":{"allow":["GET"]}}],"collection":[{"href":"https:\/\/capaldoelettrodomestici.it\/index.php\/wp-json\/wp\/v2\/product"}],"about":[{"href":"https:\/\/capaldoelettrodomestici.it\/index.php\/wp-json\/wp\/v2\/types\/product"}],"replies":[{"embeddable":true,"href":"https:\/\/capaldoelettrodomestici.it\/index.php\/wp-json\/wp\/v2\/comments?post=13382"}],"version-history":[{"count":5,"href":"https:\/\/capaldoelettrodomestici.it\/index.php\/wp-json\/wp\/v2\/product\/13382\/revisions"}],"predecessor-version":[{"id":14884,"href":"https:\/\/capaldoelettrodomestici.it\/index.php\/wp-json\/wp\/v2\/product\/13382\/revisions\/14884"}],"wp:featuredmedia":[{"embeddable":true,"href":"https:\/\/capaldoelettrodomestici.it\/index.php\/wp-json\/wp\/v2\/media\/13383"}],"wp:attachment":[{"href":"https:\/\/capaldoelettrodomestici.it\/index.php\/wp-json\/wp\/v2\/media?parent=13382"}],"wp:term":[{"taxonomy":"product_brand","embeddable":true,"href":"https:\/\/capaldoelettrodomestici.it\/index.php\/wp-json\/wp\/v2\/product_brand?post=13382"},{"taxonomy":"product_cat","embeddable":true,"href":"https:\/\/capaldoelettrodomestici.it\/index.php\/wp-json\/wp\/v2\/product_cat?post=13382"},{"taxonomy":"product_tag","embeddable":true,"href":"https:\/\/capaldoelettrodomestici.it\/index.php\/wp-json\/wp\/v2\/product_tag?post=13382"}],"curies":[{"name":"wp","href":"https:\/\/api.w.org\/{rel}","templated":true}]}}