{"id":12959,"date":"2025-03-03T12:07:34","date_gmt":"2025-03-03T12:07:34","guid":{"rendered":"https:\/\/capaldoelettrodomestici.it\/?post_type=product&#038;p=12959"},"modified":"2025-10-29T17:31:56","modified_gmt":"2025-10-29T17:31:56","slug":"lg-ai-dd-f0p3020tswc-lavatrice-20kg","status":"publish","type":"product","link":"https:\/\/capaldoelettrodomestici.it\/index.php\/prodotto\/lg-ai-dd-f0p3020tswc-lavatrice-20kg\/","title":{"rendered":"Lavatrice LG 20 kg AI DD F0P3020TSWC \u2013 1400 Giri\/min, Classe A"},"content":{"rendered":"<p>Modello: <span id=\"productTitle\" class=\"a-size-large product-title-word-break\">LG AI DD F0P3020TSWC\u00a0<\/span><\/p>\n<p>Codice EAN: 8806091896896<\/p>\n<p>Capacit\u00e0 di carico: 20 kg<\/p>\n<p>Tipo di carico: Frontale<\/p>\n<p>Classe energetica: B<\/p>\n<p>Velocit\u00e0 di centrifuga: 1000 giri\/min<\/p>\n<p>Motore: Inverter Direct Drive<\/p>\n<p>Funzione Vapore Allergy Care: Igienizza i capi \u00a0e distende meglio le fibre in modo da migliorare l&#8217;efficacia del lavaggio<\/p>\n<p>Tipo di installazione: Libera installazione<\/p>\n<p>Tecnologia AI DD: riconosce la tipologia dei tessuti e sceglie i movimenti di lavaggio ottimali per proteggerli.<\/p>\n<p>TurboWash 360:lavaggio rapido ed efficace in soli 39 minuti risparmiando tempo, acqua ed energia grazie ai 4 getti di acqua che lavano con un effetto doccia 3D.<\/p>\n<p>App SmartThings: Si pu\u00f2 chiedere dal proprio smartphone a che punto \u00e8 il lavaggio, qual \u00e8 il programma in corso, si pu\u00f2 avviare il programma di lavaggio anche senza essere in casa; permette inoltre, di consultare il consumo energetico, ricevere notifiche in tempo reale e di scaricare nuovi programmi di lavaggio<\/p>\n<p>Programma Steam: rimuove germi, batteri e allergeni.<\/p>\n<p>Larghezza: 70 cm<\/p>\n<p>Altezza: 99 cm<\/p>\n<p>Profondit\u00e0: 83 cm<\/p>\n<p data-start=\"1556\" data-end=\"1735\" data-is-last-node=\"\" data-is-only-node=\"\">\n","protected":false},"excerpt":{"rendered":"<p>La lavatrice <strong>LG AI DD F0P3020TSWC<\/strong> \u00e8 un modello a carica frontale con una capacit\u00e0 di carico XL da 20 kg, ideale per chi ha esigenze di lavaggio elevato. Questo modello appartiene alla Serie P3 e si distingue per la sua capacit\u00e0 di trattare i capi con delicatezza e precisione grazie alla tecnologia AI DD. \u00c8 dotata di motore Inverter Direct Drive, che garantisce prestazioni elevate e silenziosit\u00e0. Tra le sue caratteristiche, troviamo la funzione TurboWash 360 per un lavaggio rapido ed efficace, il programma a vapore per l\u2019igienizzazione e la connettivit\u00e0 Wi-Fi che consente di controllarla anche da remoto tramite l\u2019app ThinQ.<\/p>\n","protected":false},"featured_media":12960,"comment_status":"open","ping_status":"closed","template":"","meta":[],"product_brand":[],"product_cat":[126,124,125,110],"product_tag":[273,270,798,697,796,800,801,797,274,701,642,799],"class_list":{"0":"post-12959","1":"product","2":"type-product","3":"status-publish","4":"has-post-thumbnail","6":"product_cat-carico-frontale","7":"product_cat-grandi-elettrodomestici","8":"product_cat-lavatrici","9":"product_cat-lavatrici-grande-volume","10":"product_tag-ai-dd","11":"product_tag-carica-frontale","12":"product_tag-classe-b","13":"product_tag-lavaggio-rapido","14":"product_tag-lavatrice-20-kg","15":"product_tag-lavatrice-intelligente","16":"product_tag-liberamente-installabile","17":"product_tag-motore-inverter","18":"product_tag-turbowash-360","19":"product_tag-vapore","20":"product_tag-wi-fi","21":"product_tag-xl","22":"product_shipping_class-grandi-elettrodomestici","24":"first","25":"instock","26":"sale","27":"shipping-taxable","28":"purchasable","29":"product-type-simple"},"_links":{"self":[{"href":"https:\/\/capaldoelettrodomestici.it\/index.php\/wp-json\/wp\/v2\/product\/12959","targetHints":{"allow":["GET"]}}],"collection":[{"href":"https:\/\/capaldoelettrodomestici.it\/index.php\/wp-json\/wp\/v2\/product"}],"about":[{"href":"https:\/\/capaldoelettrodomestici.it\/index.php\/wp-json\/wp\/v2\/types\/product"}],"replies":[{"embeddable":true,"href":"https:\/\/capaldoelettrodomestici.it\/index.php\/wp-json\/wp\/v2\/comments?post=12959"}],"version-history":[{"count":10,"href":"https:\/\/capaldoelettrodomestici.it\/index.php\/wp-json\/wp\/v2\/product\/12959\/revisions"}],"predecessor-version":[{"id":15009,"href":"https:\/\/capaldoelettrodomestici.it\/index.php\/wp-json\/wp\/v2\/product\/12959\/revisions\/15009"}],"wp:featuredmedia":[{"embeddable":true,"href":"https:\/\/capaldoelettrodomestici.it\/index.php\/wp-json\/wp\/v2\/media\/12960"}],"wp:attachment":[{"href":"https:\/\/capaldoelettrodomestici.it\/index.php\/wp-json\/wp\/v2\/media?parent=12959"}],"wp:term":[{"taxonomy":"product_brand","embeddable":true,"href":"https:\/\/capaldoelettrodomestici.it\/index.php\/wp-json\/wp\/v2\/product_brand?post=12959"},{"taxonomy":"product_cat","embeddable":true,"href":"https:\/\/capaldoelettrodomestici.it\/index.php\/wp-json\/wp\/v2\/product_cat?post=12959"},{"taxonomy":"product_tag","embeddable":true,"href":"https:\/\/capaldoelettrodomestici.it\/index.php\/wp-json\/wp\/v2\/product_tag?post=12959"}],"curies":[{"name":"wp","href":"https:\/\/api.w.org\/{rel}","templated":true}]}}