{"id":12327,"date":"2025-02-20T11:20:32","date_gmt":"2025-02-20T11:20:32","guid":{"rendered":"https:\/\/capaldoelettrodomestici.it\/?post_type=product&#038;p=12327"},"modified":"2025-10-29T17:59:24","modified_gmt":"2025-10-29T17:59:24","slug":"techlife-lavatrice-tfwm0712d-7-kg-classe-d","status":"publish","type":"product","link":"https:\/\/capaldoelettrodomestici.it\/index.php\/prodotto\/techlife-lavatrice-tfwm0712d-7-kg-classe-d\/","title":{"rendered":"Lavatrice TECHLIFE TFWM0712D \u2013 7 kg, Slim 45cm Classe D"},"content":{"rendered":"<article class=\"w-full text-token-text-primary focus-visible:outline-2 focus-visible:outline-offset-[-4px]\" dir=\"auto\" data-testid=\"conversation-turn-3\" data-scroll-anchor=\"true\">\n<div class=\"m-auto text-base py-[18px] px-6\">\n<div class=\"mx-auto flex flex-1 text-base gap-4 md:gap-5 lg:gap-6 md:max-w-3xl\">\n<div class=\"group\/conversation-turn relative flex w-full min-w-0 flex-col agent-turn @xs\/thread:px-0 @sm\/thread:px-1.5 @md\/thread:px-4\">\n<div class=\"flex-col gap-1 md:gap-3\">\n<div class=\"flex max-w-full flex-col flex-grow\">\n<div class=\"min-h-8 text-message flex w-full flex-col items-end gap-2 whitespace-normal break-words text-start [.text-message+&amp;]:mt-5\" dir=\"auto\" data-message-author-role=\"assistant\" data-message-id=\"549e912b-f5b7-4161-8b00-2f73b095b8d2\" data-message-model-slug=\"gpt-4o-mini\">\n<div class=\"flex w-full flex-col gap-1 empty:hidden first:pt-[3px]\">\n<div class=\"markdown prose w-full break-words dark:prose-invert light\">\n<p data-start=\"451\" data-end=\"464\">Modello: TFWM0712D<\/p>\n<p data-start=\"451\" data-end=\"464\">ean: 8059304466830<\/p>\n<\/div>\n<\/div>\n<\/div>\n<\/div>\n<div class=\"mb-2 flex gap-3 empty:hidden -ml-2\">\n<div class=\"items-center justify-start rounded-xl p-1 flex\">\n<div class=\"flex items-center\">\n<p>Capacit\u00e0 di carico : 7 kg<\/p>\n<p>Classe energetica: D<\/p>\n<p>Velocit\u00e0 centrifuga massima : 1200 giri\/min<\/p>\n<p>Programmi: 15<\/p>\n<p>Sistema ECO Logic : Aiuta a ridurre i consumi energetici e idrici.<\/p>\n<p>Protezione schiuma : Previene la formazione di eccessiva schiuma durante il lavaggio.<\/p>\n<p>Blocco bambini<\/p>\n<p><span class=\"keyMapLeft\">Antischiuma<\/span><i class=\"icon-correct text-success body-medium\"><\/i><\/p>\n<p><span class=\"keyMapLeft\">Acqua stop<\/span><i class=\"icon-cancel text-danger body-medium\"><\/i><\/p>\n<p><span class=\"keyMapLeft\">Blocco di sicurezza oblo&#8217;<\/span><\/p>\n<p>Programmi di lavaggio : 15, inclusi cicli per cotone, sintetici e delicati.<\/p>\n<p>Larghezza: 59,5 cm<\/p>\n<p>Altezza: 84,5 cm<\/p>\n<p>Profondit\u00e0: 45 cm<\/p>\n<\/div>\n<\/div>\n<\/div>\n<div class=\"mt-3 w-full empty:hidden\">\n<div class=\"text-center\"><\/div>\n<\/div>\n<\/div>\n<div class=\"absolute\">\n<div class=\"flex items-center justify-center\"><\/div>\n<\/div>\n<\/div>\n<\/div>\n<\/div>\n<\/article>\n<div class=\"pointer-events-none h-px w-px\" aria-hidden=\"true\" data-edge=\"true\"><\/div>\n","protected":false},"excerpt":{"rendered":"<article class=\"w-full text-token-text-primary focus-visible:outline-2 focus-visible:outline-offset-[-4px]\" dir=\"auto\" data-testid=\"conversation-turn-5\" data-scroll-anchor=\"true\">\n<div class=\"m-auto text-base py-[18px] px-6\">\n<div class=\"mx-auto flex flex-1 text-base gap-4 md:gap-5 lg:gap-6 md:max-w-3xl\">\n<div class=\"group\/conversation-turn relative flex w-full min-w-0 flex-col agent-turn @xs\/thread:px-0 @sm\/thread:px-1.5 @md\/thread:px-4\">\n<div class=\"flex-col gap-1 md:gap-3\">\n<div class=\"flex max-w-full flex-col flex-grow\">\n<div class=\"min-h-8 text-message flex w-full flex-col items-end gap-2 whitespace-normal break-words text-start [.text-message+&amp;]:mt-5\" dir=\"auto\" data-message-author-role=\"assistant\" data-message-id=\"8819e3d1-a111-4411-b672-a69f1543d567\" data-message-model-slug=\"gpt-4o-mini\">\n<div class=\"flex w-full flex-col gap-1 empty:hidden first:pt-[3px]\">\n<div class=\"markdown prose w-full break-words dark:prose-invert light\">\n<p data-start=\"0\" data-end=\"486\" data-is-last-node=\"\" data-is-only-node=\"\">La lavatrice <strong>TFWM0712D<\/strong> \u00e8 un modello <strong>SLIM<\/strong> efficiente e versatile progettato per soddisfare le esigenze quotidiane di una famiglia moderna. Con una capacit\u00e0 di carico che permette di gestire anche le lavate pi\u00f9 grandi, garantisce risultati eccellenti in tempi brevi. La sua tecnologia avanzata ottimizza il consumo energetico riducendo al minimo l&#8217;impatto ambientale senza compromettere le performance di lavaggio. Inoltre, \u00e8 dotata di un design elegante e funzionale, che si adatta perfettamente a qualsiasi ambiente domestico. Facile da usare, con una vasta gamma di programmi di lavaggio che permettono di trattare delicatamente ogni tipo di tessuto, dalla lana alla seta, fino ai capi pi\u00f9 resistenti. L&#8217;alta velocit\u00e0 di centrifuga e il basso livello di rumore la rendono ideale anche per chi cerca silenziosit\u00e0 e rapidit\u00e0 nelle operazioni quotidiane.<\/p>\n<\/div>\n<\/div>\n<\/div>\n<\/div>\n<div class=\"mb-2 flex gap-3 empty:hidden -ml-2\">\n<div class=\"items-center justify-start rounded-xl p-1 flex\">\n<div class=\"flex items-center\"><\/div>\n<\/div>\n<\/div>\n<div class=\"mt-3 w-full empty:hidden\">\n<div class=\"text-center\"><\/div>\n<\/div>\n<\/div>\n<div class=\"absolute\">\n<div class=\"flex items-center justify-center\"><\/div>\n<\/div>\n<\/div>\n<\/div>\n<\/div>\n<\/article>\n<div class=\"pointer-events-none h-px w-px\" aria-hidden=\"true\" data-edge=\"true\"><\/div>\n","protected":false},"featured_media":12420,"comment_status":"open","ping_status":"closed","template":"","meta":[],"product_brand":[],"product_cat":[126,128],"product_tag":[229,231,230,228],"class_list":{"0":"post-12327","1":"product","2":"type-product","3":"status-publish","4":"has-post-thumbnail","6":"product_cat-carico-frontale","7":"product_cat-slim","8":"product_tag-carico-frontale","9":"product_tag-grandi-elettrodomestici","10":"product_tag-lavatrici","11":"product_tag-slim","12":"product_shipping_class-grandi-elettrodomestici","14":"first","15":"outofstock","16":"sale","17":"shipping-taxable","18":"purchasable","19":"product-type-simple"},"_links":{"self":[{"href":"https:\/\/capaldoelettrodomestici.it\/index.php\/wp-json\/wp\/v2\/product\/12327","targetHints":{"allow":["GET"]}}],"collection":[{"href":"https:\/\/capaldoelettrodomestici.it\/index.php\/wp-json\/wp\/v2\/product"}],"about":[{"href":"https:\/\/capaldoelettrodomestici.it\/index.php\/wp-json\/wp\/v2\/types\/product"}],"replies":[{"embeddable":true,"href":"https:\/\/capaldoelettrodomestici.it\/index.php\/wp-json\/wp\/v2\/comments?post=12327"}],"version-history":[{"count":7,"href":"https:\/\/capaldoelettrodomestici.it\/index.php\/wp-json\/wp\/v2\/product\/12327\/revisions"}],"predecessor-version":[{"id":15253,"href":"https:\/\/capaldoelettrodomestici.it\/index.php\/wp-json\/wp\/v2\/product\/12327\/revisions\/15253"}],"wp:featuredmedia":[{"embeddable":true,"href":"https:\/\/capaldoelettrodomestici.it\/index.php\/wp-json\/wp\/v2\/media\/12420"}],"wp:attachment":[{"href":"https:\/\/capaldoelettrodomestici.it\/index.php\/wp-json\/wp\/v2\/media?parent=12327"}],"wp:term":[{"taxonomy":"product_brand","embeddable":true,"href":"https:\/\/capaldoelettrodomestici.it\/index.php\/wp-json\/wp\/v2\/product_brand?post=12327"},{"taxonomy":"product_cat","embeddable":true,"href":"https:\/\/capaldoelettrodomestici.it\/index.php\/wp-json\/wp\/v2\/product_cat?post=12327"},{"taxonomy":"product_tag","embeddable":true,"href":"https:\/\/capaldoelettrodomestici.it\/index.php\/wp-json\/wp\/v2\/product_tag?post=12327"}],"curies":[{"name":"wp","href":"https:\/\/api.w.org\/{rel}","templated":true}]}}