{"id":12251,"date":"2025-02-03T17:10:44","date_gmt":"2025-02-03T17:10:44","guid":{"rendered":"https:\/\/capaldoelettrodomestici.it\/?post_type=product&#038;p=12251"},"modified":"2025-10-29T18:07:31","modified_gmt":"2025-10-29T18:07:31","slug":"lg-lavatrice-9kg-slim-475cm-f2r3s09nswb","status":"publish","type":"product","link":"https:\/\/capaldoelettrodomestici.it\/index.php\/prodotto\/lg-lavatrice-9kg-slim-475cm-f2r3s09nswb\/","title":{"rendered":"Lavatrice LG F2R3S09NSWB \u2013 9 kg, 47,5 cm, Classe A++"},"content":{"rendered":"<p>Modello: F2R3S09NSWB<\/p>\n<p>Codice EAN: 8806084273376<\/p>\n<p>Capacit\u00e0 di carico: 9 kg<\/p>\n<p>Tipo di carico: Frontale<\/p>\n<p>Classe energetica: A ++<\/p>\n<p>Motore Inverter Direct Drive: Collegato direttamente al cestello, riduce il rumore e aumenta la durata del prodotto, con una garanzia di 10 anni.<\/p>\n<p>AI DD\u2122: Riconosce il peso e la delicatezza dei tessuti, ottimizzando i movimenti di lavaggio per una cura superiore dei capi.<\/p>\n<p>TurboWash\u2122 360\u00b0: Riduce i tempi di lavaggio grazie a getti d\u2019acqua multidirezionali che assicurano una pulizia completa in meno tempo.<\/p>\n<p>Steam\u2122: Funzione vapore per eliminare allergeni e ridurre le pieghe nei tessuti.<\/p>\n<p>Programmi di lavaggio: Cotone, Sintetici, Misti, Delicati, Piumoni, Allergy Care, Rapido 14 minuti, e altri.<\/p>\n<p>Connettivit\u00e0: Compatibile con l\u2019app LG ThinQ per monitorare e controllare la lavatrice da remoto.<\/p>\n<p>Display: LED integrato per una facile selezione dei programmi e monitoraggio dello stato del lavaggio.<\/p>\n<p>Sicurezza: Sistema di protezione contro le perdite d\u2019acqua e controllo della schiuma<\/p>\n<p>Programmi di lavaggio: Cotone, Delicati\/Seta, Eco 40-60\u00b0C, A mano\/Lana, Mix, Prelavaggio, Quick 30min, Sport, Vapore, Sintetico<\/p>\n<p>Larghezza: 60 cm<\/p>\n<p>Altezza: 85 cm<\/p>\n<p>Profondit\u00e0: 47.5 cm<\/p>\n<h1 id=\"title\" class=\"a-size-large a-spacing-none\"><\/h1>\n","protected":false},"excerpt":{"rendered":"<article class=\"text-token-text-primary w-full focus:outline-none scroll-mt-[calc(var(--header-height)+min(200px,max(70px,20svh)))]\" dir=\"auto\" tabindex=\"-1\" data-turn-id=\"request-WEB:5620951e-9bf0-4ef9-bdbc-74b2dff36e2f-2\" data-testid=\"conversation-turn-6\" data-scroll-anchor=\"true\" data-turn=\"assistant\">\n<div class=\"text-base my-auto mx-auto pb-10 [--thread-content-margin:--spacing(4)] @[37rem]:[--thread-content-margin:--spacing(6)] @[72rem]:[--thread-content-margin:--spacing(16)] px-(--thread-content-margin)\">\n<div class=\"[--thread-content-max-width:32rem] @[34rem]:[--thread-content-max-width:40rem] @[64rem]:[--thread-content-max-width:48rem] mx-auto max-w-(--thread-content-max-width) flex-1 group\/turn-messages focus-visible:outline-hidden relative flex w-full min-w-0 flex-col agent-turn\" tabindex=\"-1\">\n<div class=\"flex max-w-full flex-col grow\">\n<div class=\"min-h-8 text-message relative flex w-full flex-col items-end gap-2 text-start break-words whitespace-normal [.text-message+&amp;]:mt-5\" dir=\"auto\" data-message-author-role=\"assistant\" data-message-id=\"9b658884-f638-4c43-b49d-b5661570c87b\" data-message-model-slug=\"gpt-4o\">\n<div class=\"flex w-full flex-col gap-1 empty:hidden first:pt-[3px]\">\n<div class=\"markdown prose dark:prose-invert w-full break-words light markdown-new-styling\">\n<p data-start=\"0\" data-end=\"1135\" data-is-last-node=\"\" data-is-only-node=\"\">La lavatrice LG F2R3S09NSWB \u00e8 un modello con capacit\u00e0 di 9 kg e profondit\u00e0 di 47,5 cm che offre prestazioni superiori con un design compatto perfetto per ottimizzare gli spazi domestici grazie alla sua profondit\u00e0 ridotta, ideale per appartamenti o lavanderie con poco spazio. La classe energetica A++ garantisce un consumo ridotto e un&#8217;ottima efficienza energetica. Equipaggiata con tecnologie innovative, offre diverse modalit\u00e0 di lavaggio per soddisfare ogni esigenza, dai capi delicati a quelli pi\u00f9 resistenti. Il motore Inverter Direct Drive riduce al minimo il rumore e le vibrazioni durante il funzionamento, assicurando una lunga durata e una maggiore silenziosit\u00e0. Con la funzione TurboWash \u00e8 possibile completare i cicli di lavaggio in tempi ridotti senza compromettere la qualit\u00e0, mentre il programma vapore aiuta a rimuovere germi e allergeni dai tessuti. Inoltre, grazie alla connettivit\u00e0 Wi-Fi, \u00e8 possibile monitorare e controllare la lavatrice tramite l\u2019app LG ThinQ, portando il comfort e l\u2019efficienza a un nuovo livello.<\/p>\n<\/div>\n<\/div>\n<\/div>\n<\/div>\n<\/div>\n<\/div>\n<\/article>\n","protected":false},"featured_media":12565,"comment_status":"open","ping_status":"closed","template":"","meta":[],"product_brand":[],"product_cat":[124,125,128],"product_tag":[229,231,251,228],"class_list":{"0":"post-12251","1":"product","2":"type-product","3":"status-publish","4":"has-post-thumbnail","6":"product_cat-grandi-elettrodomestici","7":"product_cat-lavatrici","8":"product_cat-slim","9":"product_tag-carico-frontale","10":"product_tag-grandi-elettrodomestici","11":"product_tag-lg","12":"product_tag-slim","13":"product_shipping_class-grandi-elettrodomestici","15":"first","16":"instock","17":"sale","18":"shipping-taxable","19":"purchasable","20":"product-type-simple"},"_links":{"self":[{"href":"https:\/\/capaldoelettrodomestici.it\/index.php\/wp-json\/wp\/v2\/product\/12251","targetHints":{"allow":["GET"]}}],"collection":[{"href":"https:\/\/capaldoelettrodomestici.it\/index.php\/wp-json\/wp\/v2\/product"}],"about":[{"href":"https:\/\/capaldoelettrodomestici.it\/index.php\/wp-json\/wp\/v2\/types\/product"}],"replies":[{"embeddable":true,"href":"https:\/\/capaldoelettrodomestici.it\/index.php\/wp-json\/wp\/v2\/comments?post=12251"}],"version-history":[{"count":10,"href":"https:\/\/capaldoelettrodomestici.it\/index.php\/wp-json\/wp\/v2\/product\/12251\/revisions"}],"predecessor-version":[{"id":14914,"href":"https:\/\/capaldoelettrodomestici.it\/index.php\/wp-json\/wp\/v2\/product\/12251\/revisions\/14914"}],"wp:featuredmedia":[{"embeddable":true,"href":"https:\/\/capaldoelettrodomestici.it\/index.php\/wp-json\/wp\/v2\/media\/12565"}],"wp:attachment":[{"href":"https:\/\/capaldoelettrodomestici.it\/index.php\/wp-json\/wp\/v2\/media?parent=12251"}],"wp:term":[{"taxonomy":"product_brand","embeddable":true,"href":"https:\/\/capaldoelettrodomestici.it\/index.php\/wp-json\/wp\/v2\/product_brand?post=12251"},{"taxonomy":"product_cat","embeddable":true,"href":"https:\/\/capaldoelettrodomestici.it\/index.php\/wp-json\/wp\/v2\/product_cat?post=12251"},{"taxonomy":"product_tag","embeddable":true,"href":"https:\/\/capaldoelettrodomestici.it\/index.php\/wp-json\/wp\/v2\/product_tag?post=12251"}],"curies":[{"name":"wp","href":"https:\/\/api.w.org\/{rel}","templated":true}]}}