{"id":12177,"date":"2024-12-12T17:41:44","date_gmt":"2024-12-12T17:41:44","guid":{"rendered":"https:\/\/capaldoelettrodomestici.it\/?post_type=product&#038;p=12177"},"modified":"2025-12-23T15:19:31","modified_gmt":"2025-12-23T15:19:31","slug":"candy-lavastoviglie-a-libera-installazione-13-coperti-cf3c7los","status":"publish","type":"product","link":"https:\/\/capaldoelettrodomestici.it\/index.php\/prodotto\/candy-lavastoviglie-a-libera-installazione-13-coperti-cf3c7los\/","title":{"rendered":"Lavastoviglie CANDY a Libera Installazione CF3C7LOS \u2013 13 Coperti, Classe E"},"content":{"rendered":"<h1 data-start=\"70\" data-end=\"108\"><strong data-start=\"72\" data-end=\"108\">SCHEDA TECNICA \u2013 Candy CF 3C7L0X<\/strong><\/h1>\n<h3 data-start=\"110\" data-end=\"130\"><strong data-start=\"114\" data-end=\"130\">Dati tecnici<\/strong><\/h3>\n<ul data-start=\"131\" data-end=\"597\">\n<li data-start=\"131\" data-end=\"155\"><strong data-start=\"133\" data-end=\"144\">Modello<\/strong>: CF 3C7L0X<\/li>\n<li data-start=\"156\" data-end=\"187\"><strong data-start=\"158\" data-end=\"177\">Codice prodotto<\/strong>: 32002505<\/li>\n<li data-start=\"188\" data-end=\"219\"><strong data-start=\"190\" data-end=\"204\">Codice EAN<\/strong>: 8059019015897<\/li>\n<li data-start=\"220\" data-end=\"269\"><strong data-start=\"222\" data-end=\"247\">Tipo di installazione<\/strong>: Libera installazione<\/li>\n<li data-start=\"270\" data-end=\"297\"><strong data-start=\"272\" data-end=\"293\">Numero di coperti<\/strong>: 13<\/li>\n<li data-start=\"298\" data-end=\"338\"><strong data-start=\"300\" data-end=\"335\">Classe di efficienza energetica<\/strong>: C<\/li>\n<li data-start=\"339\" data-end=\"387\"><strong data-start=\"341\" data-end=\"379\">Consumo energetico (per 100 cicli)<\/strong>: 73 kWh<\/li>\n<li data-start=\"388\" data-end=\"431\"><strong data-start=\"390\" data-end=\"419\">Consumo d&#8217;acqua per ciclo<\/strong>: 10,9 litri<\/li>\n<li data-start=\"432\" data-end=\"466\"><strong data-start=\"434\" data-end=\"448\">Rumorosit\u00e0<\/strong>: 47 dB (Classe C)<\/li>\n<li data-start=\"467\" data-end=\"514\"><strong data-start=\"469\" data-end=\"485\">Connettivit\u00e0<\/strong>: Wi-Fi + Bluetooth (App hOn)<\/li>\n<li data-start=\"515\" data-end=\"558\"><strong data-start=\"517\" data-end=\"543\">Sistema di asciugatura<\/strong>: Condensazione<\/li>\n<li data-start=\"559\" data-end=\"597\"><strong data-start=\"561\" data-end=\"585\">Sistema di sicurezza<\/strong>: Acqua Stop<\/li>\n<\/ul>\n<h3 data-start=\"599\" data-end=\"627\"><strong data-start=\"603\" data-end=\"627\">Programmi e Funzioni<\/strong><\/h3>\n<ul data-start=\"628\" data-end=\"840\">\n<li data-start=\"628\" data-end=\"724\"><strong data-start=\"630\" data-end=\"653\">Numero di programmi<\/strong>: 8\n<ul data-start=\"659\" data-end=\"724\">\n<li data-start=\"659\" data-end=\"671\">Rapido 49&#8242;<\/li>\n<li data-start=\"674\" data-end=\"686\">Universale<\/li>\n<li data-start=\"689\" data-end=\"694\">Eco<\/li>\n<li data-start=\"697\" data-end=\"708\">Intensivo<\/li>\n<li data-start=\"711\" data-end=\"724\">Prelavaggio<\/li>\n<\/ul>\n<\/li>\n<li data-start=\"725\" data-end=\"757\"><strong data-start=\"727\" data-end=\"754\">Temperature disponibili<\/strong>: 5<\/li>\n<li data-start=\"758\" data-end=\"793\"><strong data-start=\"760\" data-end=\"782\">Partenza ritardata<\/strong>: 3-6-9 ore<\/li>\n<li data-start=\"794\" data-end=\"840\"><strong data-start=\"796\" data-end=\"818\">Funzione Snap&amp;Wash<\/strong>: S\u00ec (tramite app hOn)<\/li>\n<\/ul>\n<h3 data-start=\"842\" data-end=\"877\"><strong data-start=\"846\" data-end=\"877\">Caratteristiche strutturali<\/strong><\/h3>\n<ul data-start=\"878\" data-end=\"1091\">\n<li data-start=\"878\" data-end=\"914\"><strong data-start=\"880\" data-end=\"910\">Cesto superiore regolabile<\/strong>: S\u00ec<\/li>\n<li data-start=\"915\" data-end=\"963\"><strong data-start=\"917\" data-end=\"959\">Cesto inferiore con blocco anti-caduta<\/strong>: S\u00ec<\/li>\n<li data-start=\"964\" data-end=\"1005\"><strong data-start=\"966\" data-end=\"1001\">Sistema auto-pulente del filtro<\/strong>: S\u00ec<\/li>\n<li data-start=\"1006\" data-end=\"1033\"><strong data-start=\"1008\" data-end=\"1029\">Porte reversibili<\/strong>: No<\/li>\n<li data-start=\"1034\" data-end=\"1065\"><strong data-start=\"1036\" data-end=\"1061\">Illuminazione interna<\/strong>: No<\/li>\n<li data-start=\"1066\" data-end=\"1091\"><strong data-start=\"1068\" data-end=\"1087\">Wi-Fi integrato<\/strong>: S\u00ec<\/li>\n<\/ul>\n<h3 data-start=\"1093\" data-end=\"1118\"><strong data-start=\"1097\" data-end=\"1118\">Dimensioni e Peso<\/strong><\/h3>\n<ul data-start=\"1119\" data-end=\"1202\">\n<li data-start=\"1119\" data-end=\"1176\"><strong data-start=\"1121\" data-end=\"1156\">Dimensioni prodotto (L x P x A)<\/strong>: 600 x 600 x 845 mm<\/li>\n<li data-start=\"1177\" data-end=\"1202\"><strong data-start=\"1179\" data-end=\"1193\">Peso netto<\/strong>: 42,2 kg<\/li>\n<\/ul>\n","protected":false},"excerpt":{"rendered":"<p><strong data-start=\"1209\" data-end=\"1225\">Descrizione:<\/strong> La lavastoviglie <strong data-start=\"1243\" data-end=\"1262\">Candy CF 3C7L0X<\/strong> della serie Rapido&#8217; \u00e8 progettata per offrire prestazioni elevate con un notevole risparmio di tempo ed energia. Con una capacit\u00e0 di 13 coperti e un ciclo rapido di soli 49 minuti, \u00e8 ideale per famiglie numerose o per chi necessita di lavaggi frequenti. La connettivit\u00e0 Wi-Fi e Bluetooth, gestibile tramite l&#8217;app hOn, permette di monitorare e controllare la lavastoviglie da remoto, offrendo funzionalit\u00e0 avanzate come la funzione Snap&amp;Wash, che suggerisce il programma ottimale semplicemente scattando una foto del carico. Il design elegante in acciaio inox si integra perfettamente in qualsiasi cucina moderna, mentre le caratteristiche strutturali, come il cesto superiore regolabile e il sistema auto-pulente del filtro, garantiscono praticit\u00e0 e facilit\u00e0 d&#8217;uso.<\/p>\n","protected":false},"featured_media":12771,"comment_status":"open","ping_status":"closed","template":"","meta":[],"product_brand":[],"product_cat":[124,134],"product_tag":[658,267,662,663,660,659,661,657],"class_list":{"0":"post-12177","1":"product","2":"type-product","3":"status-publish","4":"has-post-thumbnail","6":"product_cat-grandi-elettrodomestici","7":"product_cat-lavastoviglie","8":"product_tag-13-coperti","9":"product_tag-acciaio-inox","10":"product_tag-app-hon","11":"product_tag-candy-rapido","12":"product_tag-ciclo-rapido-49-minuti","13":"product_tag-classe-energetica-c","14":"product_tag-connettivita-wi-fi","15":"product_tag-lavastoviglie","16":"product_shipping_class-grandi-elettrodomestici","18":"first","19":"outofstock","20":"sale","21":"shipping-taxable","22":"purchasable","23":"product-type-simple"},"_links":{"self":[{"href":"https:\/\/capaldoelettrodomestici.it\/index.php\/wp-json\/wp\/v2\/product\/12177","targetHints":{"allow":["GET"]}}],"collection":[{"href":"https:\/\/capaldoelettrodomestici.it\/index.php\/wp-json\/wp\/v2\/product"}],"about":[{"href":"https:\/\/capaldoelettrodomestici.it\/index.php\/wp-json\/wp\/v2\/types\/product"}],"replies":[{"embeddable":true,"href":"https:\/\/capaldoelettrodomestici.it\/index.php\/wp-json\/wp\/v2\/comments?post=12177"}],"version-history":[{"count":5,"href":"https:\/\/capaldoelettrodomestici.it\/index.php\/wp-json\/wp\/v2\/product\/12177\/revisions"}],"predecessor-version":[{"id":12385,"href":"https:\/\/capaldoelettrodomestici.it\/index.php\/wp-json\/wp\/v2\/product\/12177\/revisions\/12385"}],"wp:featuredmedia":[{"embeddable":true,"href":"https:\/\/capaldoelettrodomestici.it\/index.php\/wp-json\/wp\/v2\/media\/12771"}],"wp:attachment":[{"href":"https:\/\/capaldoelettrodomestici.it\/index.php\/wp-json\/wp\/v2\/media?parent=12177"}],"wp:term":[{"taxonomy":"product_brand","embeddable":true,"href":"https:\/\/capaldoelettrodomestici.it\/index.php\/wp-json\/wp\/v2\/product_brand?post=12177"},{"taxonomy":"product_cat","embeddable":true,"href":"https:\/\/capaldoelettrodomestici.it\/index.php\/wp-json\/wp\/v2\/product_cat?post=12177"},{"taxonomy":"product_tag","embeddable":true,"href":"https:\/\/capaldoelettrodomestici.it\/index.php\/wp-json\/wp\/v2\/product_tag?post=12177"}],"curies":[{"name":"wp","href":"https:\/\/api.w.org\/{rel}","templated":true}]}}