{"id":12142,"date":"2024-12-12T15:31:52","date_gmt":"2024-12-12T15:31:52","guid":{"rendered":"https:\/\/capaldoelettrodomestici.it\/?post_type=product&#038;p=12142"},"modified":"2025-11-01T11:01:56","modified_gmt":"2025-11-01T11:01:56","slug":"candy-microonde-lt-20-cmg20smw","status":"publish","type":"product","link":"https:\/\/capaldoelettrodomestici.it\/index.php\/prodotto\/candy-microonde-lt-20-cmg20smw\/","title":{"rendered":"Microonde CANDY CMG20SMW \u2013 20 L, Classe E"},"content":{"rendered":"<p data-start=\"585\" data-end=\"604\"><strong data-start=\"585\" data-end=\"602\">Dati Tecnici:<\/strong><\/p>\n<ul data-start=\"605\" data-end=\"936\">\n<li data-start=\"605\" data-end=\"656\"><strong data-start=\"607\" data-end=\"632\">Tipo di installazione<\/strong>: Libera installazione<\/li>\n<li data-start=\"657\" data-end=\"695\"><strong data-start=\"659\" data-end=\"672\">Tipologia<\/strong>: Microonde con grill<\/li>\n<li data-start=\"696\" data-end=\"722\"><strong data-start=\"698\" data-end=\"710\">Capacit\u00e0<\/strong>: 20 litri<\/li>\n<li data-start=\"723\" data-end=\"755\"><strong data-start=\"725\" data-end=\"746\">Potenza microonde<\/strong>: 700 W<\/li>\n<li data-start=\"756\" data-end=\"785\"><strong data-start=\"758\" data-end=\"775\">Potenza grill<\/strong>: 1000 W<\/li>\n<li data-start=\"786\" data-end=\"815\"><strong data-start=\"788\" data-end=\"810\">Livelli di potenza<\/strong>: 5<\/li>\n<li data-start=\"816\" data-end=\"852\"><strong data-start=\"818\" data-end=\"839\">Tipo di controllo<\/strong>: Meccanico<\/li>\n<li data-start=\"853\" data-end=\"880\"><strong data-start=\"855\" data-end=\"874\">Piatto girevole<\/strong>: S\u00ec<\/li>\n<li data-start=\"881\" data-end=\"913\"><strong data-start=\"883\" data-end=\"901\">Apertura porta<\/strong>: Laterale<\/li>\n<li data-start=\"914\" data-end=\"936\"><strong data-start=\"916\" data-end=\"926\">Colore<\/strong>: Bianco<\/li>\n<\/ul>\n<p data-start=\"938\" data-end=\"971\"><strong data-start=\"938\" data-end=\"969\">Funzioni e Caratteristiche:<\/strong><\/p>\n<ul data-start=\"972\" data-end=\"1215\">\n<li data-start=\"972\" data-end=\"1065\"><strong data-start=\"974\" data-end=\"995\">Programma Defrost<\/strong>: Scongelamento rapido e uniforme selezionando il peso dell\u2019alimento<\/li>\n<li data-start=\"1066\" data-end=\"1154\"><strong data-start=\"1068\" data-end=\"1086\">Funzione Grill<\/strong>: Permette di dorare e gratinare i cibi per un risultato croccante<\/li>\n<li data-start=\"1155\" data-end=\"1215\"><strong data-start=\"1157\" data-end=\"1180\">Tecnologia Standard<\/strong>: Semplicit\u00e0 d\u2019uso e affidabilit\u00e0<\/li>\n<\/ul>\n<p data-start=\"1217\" data-end=\"1241\"><strong data-start=\"1217\" data-end=\"1239\">Dimensioni e Peso:<\/strong><\/p>\n<ul data-start=\"1242\" data-end=\"1346\">\n<li data-start=\"1242\" data-end=\"1269\"><strong data-start=\"1244\" data-end=\"1257\">Larghezza<\/strong>: 43,95 cm<\/li>\n<li data-start=\"1270\" data-end=\"1295\"><strong data-start=\"1272\" data-end=\"1283\">Altezza<\/strong>: 25,82 cm<\/li>\n<li data-start=\"1296\" data-end=\"1324\"><strong data-start=\"1298\" data-end=\"1312\">Profondit\u00e0<\/strong>: 35,75 cm<\/li>\n<li data-start=\"1325\" data-end=\"1346\"><strong data-start=\"1327\" data-end=\"1335\">Peso<\/strong>: 10,7 kg<\/li>\n<\/ul>\n<p data-start=\"1348\" data-end=\"1548\" data-is-only-node=\"\" data-is-last-node=\"\">\n","protected":false},"excerpt":{"rendered":"<p><strong data-start=\"37\" data-end=\"53\">Descrizione:<\/strong><br data-start=\"53\" data-end=\"56\" \/>Il forno a microonde Candy CMG20SMW \u00e8 un modello compatto e funzionale, ideale per chi cerca praticit\u00e0 e versatilit\u00e0 in cucina. Con una capacit\u00e0 di 20 litri e una potenza di 700 W, \u00e8 perfetto per riscaldare, cuocere e scongelare in modo rapido ed efficiente. La funzione grill da 1000 W consente di dorare e gratinare i cibi, offrendo risultati croccanti e gustosi. Il controllo meccanico assicura un utilizzo semplice e intuitivo, mentre il design bianco con apertura laterale lo rende adatto a qualsiasi ambiente domestico.<\/p>\n","protected":false},"featured_media":12986,"comment_status":"open","ping_status":"closed","template":"","meta":[],"product_brand":[],"product_cat":[156,158,153],"product_tag":[245,818,814,815,812,819,817,813,820,816],"class_list":{"0":"post-12142","1":"product","2":"type-product","3":"status-publish","4":"has-post-thumbnail","6":"product_cat-fornetti-e-microonde","7":"product_cat-microonde","8":"product_cat-piccoli-elettrodomestici","9":"product_tag-candy","10":"product_tag-controllo-meccanico","11":"product_tag-forno-a-microonde","12":"product_tag-funzione-grill","13":"product_tag-microonde-20-litri","14":"product_tag-microonde-bianco","15":"product_tag-microonde-compatto","16":"product_tag-microonde-con-grill","17":"product_tag-piccolo-elettrodomestico","18":"product_tag-scongelamento-rapido","19":"product_shipping_class-piccoli-elettrodomestici","21":"first","22":"outofstock","23":"sale","24":"shipping-taxable","25":"purchasable","26":"product-type-simple"},"_links":{"self":[{"href":"https:\/\/capaldoelettrodomestici.it\/index.php\/wp-json\/wp\/v2\/product\/12142","targetHints":{"allow":["GET"]}}],"collection":[{"href":"https:\/\/capaldoelettrodomestici.it\/index.php\/wp-json\/wp\/v2\/product"}],"about":[{"href":"https:\/\/capaldoelettrodomestici.it\/index.php\/wp-json\/wp\/v2\/types\/product"}],"replies":[{"embeddable":true,"href":"https:\/\/capaldoelettrodomestici.it\/index.php\/wp-json\/wp\/v2\/comments?post=12142"}],"version-history":[{"count":5,"href":"https:\/\/capaldoelettrodomestici.it\/index.php\/wp-json\/wp\/v2\/product\/12142\/revisions"}],"predecessor-version":[{"id":12395,"href":"https:\/\/capaldoelettrodomestici.it\/index.php\/wp-json\/wp\/v2\/product\/12142\/revisions\/12395"}],"wp:featuredmedia":[{"embeddable":true,"href":"https:\/\/capaldoelettrodomestici.it\/index.php\/wp-json\/wp\/v2\/media\/12986"}],"wp:attachment":[{"href":"https:\/\/capaldoelettrodomestici.it\/index.php\/wp-json\/wp\/v2\/media?parent=12142"}],"wp:term":[{"taxonomy":"product_brand","embeddable":true,"href":"https:\/\/capaldoelettrodomestici.it\/index.php\/wp-json\/wp\/v2\/product_brand?post=12142"},{"taxonomy":"product_cat","embeddable":true,"href":"https:\/\/capaldoelettrodomestici.it\/index.php\/wp-json\/wp\/v2\/product_cat?post=12142"},{"taxonomy":"product_tag","embeddable":true,"href":"https:\/\/capaldoelettrodomestici.it\/index.php\/wp-json\/wp\/v2\/product_tag?post=12142"}],"curies":[{"name":"wp","href":"https:\/\/api.w.org\/{rel}","templated":true}]}}