{"id":12043,"date":"2024-11-21T18:14:20","date_gmt":"2024-11-21T18:14:20","guid":{"rendered":"https:\/\/capaldoelettrodomestici.it\/?post_type=product&#038;p=12043"},"modified":"2025-09-22T09:46:50","modified_gmt":"2025-09-22T09:46:50","slug":"apple-iphone-16-155-cm-6-1-doppia-sim-ios-18-5g-usb-tipo-c-256-gb-nero","status":"publish","type":"product","link":"https:\/\/capaldoelettrodomestici.it\/index.php\/prodotto\/apple-iphone-16-155-cm-6-1-doppia-sim-ios-18-5g-usb-tipo-c-256-gb-nero\/","title":{"rendered":"Apple iPhone 16 15,5 cm (6.1&#8243;) Doppia SIM iOS 18 5G USB tipo-C 256 GB Nero"},"content":{"rendered":"<div class=\"IcecatLive for-essentialinfo\">\n<div class=\"-essential-container\">\n<div class=\"-icecat-info_product\"><span class=\"-title\">Brand:<\/span>\u00a0<span class=\"-text\">Apple<\/span><\/div>\n<div class=\"-icecat-info_product\"><span class=\"-title\">Famiglia del prodotto:<\/span>\u00a0<span class=\"-text\">iPhone<\/span><\/div>\n<div class=\"-icecat-info_product\"><span class=\"-title\">Serie di prodotto:<\/span>\u00a0<span class=\"-text\">16<\/span><\/div>\n<div class=\"-icecat-info_product\"><span class=\"-title\">Nome del prodotto:<\/span>\u00a0<span class=\"-text\">iPhone 16<\/span><\/div>\n<div class=\"-icecat-info_product\"><span class=\"-title\">Codice prodotto:<\/span>\u00a0<span class=\"-text\">MYEE3ZD\/A<\/span><\/div>\n<div class=\"-icecat-info_product -icecat-ean\"><span class=\"-title\">Codice EAN\/UPC:<\/span>\u00a0<span class=\"-text\">5413729247826<\/span><\/div>\n<\/div>\n<\/div>\n<div class=\"IcecatLive for-bulletpoints\">\n<div class=\"-icecat-text\">\n<ul id=\"bullet-points-list\">\n<li>15,5 cm (6.1&#8243;) 2556 x 1179 Pixel Ceramic Shield<\/li>\n<li>Apple A18<\/li>\n<li>256 GB<\/li>\n<li>5G Doppia SIM NanoSIM + eSIM<\/li>\n<li>Wi-Fi 7 (802.11be) Bluetooth 5.3 Near Field Communication (NFC)<\/li>\n<li>Doppia fotocamera 48 MP 12 MP<\/li>\n<li>Ioni di Litio Carica wireless<\/li>\n<li>iOS 18<\/li>\n<li><b>Superveloce. Supersmart. Superchip.<\/b><br \/>\niPhone 16. Nuovo Controllo fotocamera. Fotocamera Fusion da 48MP. Cinque bellissimi colori. E chip A18.\u2022 CONTROLLO FOTOCAMERA. PRENDI TUTTO E SCATTA \u2014 Grazie a Controllo fotocamera puoi accedere al volo agli strumenti per foto e video, come zoom e profondit\u00e0 di campo: basta un attimo per cogliere l\u2019inquadratura perfetta.<br \/>\n\u2022 NIENTE \u00c8 TROPPO PICCOLO. O TROPPO GRANDE \u2014 L\u2019ultra-grandangolo migliorato con autofocus regala dettagli incredibilmente nitidi a foto e video macro. Con la fotocamera Fusion da 48MP puoi catturare splendide immagini ad alta risoluzione, e il teleobiettivo 2x di qualit\u00e0 ottica consente di zoomare sul soggetto.<br \/>\n\u2022 STILI FOTOGRAFICI \u2014 Con gli Stili fotografici di nuova generazione hai pi\u00f9 possibilit\u00e0 creative per rendere ogni foto ancora pi\u00f9 tua. E se ci ripensi, puoi sempre tornare alla foto originale.<br \/>\n\u2022 CHIP A18 SUPERSMART \u2014 Il chip A18 fa un salto di due generazioni rispetto all\u2019A16 Bionic di iPhone 15. \u00c8 il motore per foto e video, come il Controllo fotocamera, con un\u2019efficienza energetica fenomenale.<br \/>\n\u2022 PI\u00d9 AUTONOMIA \u2014 iPhone 16 lavora in sinergia con il chip A18 per darti tanta autonomia in pi\u00f9: fino a 22 ore di riproduzione video. Ricarica via USB-C o aggancia un caricabatterie MagSafe per ricaricare in wireless ancora pi\u00f9 velocemente.<br \/>\n\u2022 PROGETTATO PER DURARE \u2014 iPhone 16 ha un robusto guscio in alluminio aerospaziale con display Super Retina XDR da 6,1&#8243;. E la parte frontale \u00e8 in Ceramic Shield di ultima generazione, due volte pi\u00f9 forte di qualsiasi vetro per smartphone.<br \/>\n\u2022 IL TASTO AZIONE \u2013 Un modo rapido per accedere alla tua funzione preferita. Basta premerlo per attivare all\u2019istante la modalit\u00e0 Silenzioso, registrare un memo vocale, accendere la torcia o fare quello che vuoi tu.<br \/>\n\u2022 PERSONALIZZA IL TUO IPHONE \u2014 Con iOS 18 puoi cambiare il colore delle icone sulla schermata Home, trovare subito le tue foto preferite nell\u2019app Foto ridisegnata, e dare vita alle tue parole ed emoji con i divertenti effetti animati che trovi in iMessage.<br \/>\n\u2022 FUNZIONI PER LA TUA TRANQUILLIT\u00c0 \u2013 Con Rilevamento incidenti, iPhone pu\u00f2 riconoscere un grave incidente d\u2019auto e chiamare aiuto se tu non puoi.<\/li>\n<\/ul>\n<\/div>\n<\/div>\n","protected":false},"excerpt":{"rendered":"<p>Brand:\u00a0Apple Famiglia del prodotto:\u00a0iPhone Serie di prodotto:\u00a016 Nome del prodotto:\u00a0iPhone 16 Codice prodotto:\u00a0MYEE3ZD\/A Codice EAN\/UPC:\u00a05413729247826 15,5 cm (6.1&#8243;) 2556 x<\/p>\n","protected":false},"featured_media":12044,"comment_status":"open","ping_status":"closed","template":"","meta":[],"product_brand":[],"product_cat":[163,223],"product_tag":[],"class_list":{"0":"post-12043","1":"product","2":"type-product","3":"status-publish","4":"has-post-thumbnail","6":"product_cat-audio-e-video","7":"product_cat-smartphone","8":"product_shipping_class-piccoli-elettrodomestici","10":"first","11":"outofstock","12":"sale","13":"shipping-taxable","14":"purchasable","15":"product-type-simple"},"_links":{"self":[{"href":"https:\/\/capaldoelettrodomestici.it\/index.php\/wp-json\/wp\/v2\/product\/12043","targetHints":{"allow":["GET"]}}],"collection":[{"href":"https:\/\/capaldoelettrodomestici.it\/index.php\/wp-json\/wp\/v2\/product"}],"about":[{"href":"https:\/\/capaldoelettrodomestici.it\/index.php\/wp-json\/wp\/v2\/types\/product"}],"replies":[{"embeddable":true,"href":"https:\/\/capaldoelettrodomestici.it\/index.php\/wp-json\/wp\/v2\/comments?post=12043"}],"version-history":[{"count":3,"href":"https:\/\/capaldoelettrodomestici.it\/index.php\/wp-json\/wp\/v2\/product\/12043\/revisions"}],"predecessor-version":[{"id":12054,"href":"https:\/\/capaldoelettrodomestici.it\/index.php\/wp-json\/wp\/v2\/product\/12043\/revisions\/12054"}],"wp:featuredmedia":[{"embeddable":true,"href":"https:\/\/capaldoelettrodomestici.it\/index.php\/wp-json\/wp\/v2\/media\/12044"}],"wp:attachment":[{"href":"https:\/\/capaldoelettrodomestici.it\/index.php\/wp-json\/wp\/v2\/media?parent=12043"}],"wp:term":[{"taxonomy":"product_brand","embeddable":true,"href":"https:\/\/capaldoelettrodomestici.it\/index.php\/wp-json\/wp\/v2\/product_brand?post=12043"},{"taxonomy":"product_cat","embeddable":true,"href":"https:\/\/capaldoelettrodomestici.it\/index.php\/wp-json\/wp\/v2\/product_cat?post=12043"},{"taxonomy":"product_tag","embeddable":true,"href":"https:\/\/capaldoelettrodomestici.it\/index.php\/wp-json\/wp\/v2\/product_tag?post=12043"}],"curies":[{"name":"wp","href":"https:\/\/api.w.org\/{rel}","templated":true}]}}