{"id":11973,"date":"2024-11-15T17:36:52","date_gmt":"2024-11-15T17:36:52","guid":{"rendered":"https:\/\/capaldoelettrodomestici.it\/?post_type=product&#038;p=11973"},"modified":"2025-11-03T11:56:55","modified_gmt":"2025-11-03T11:56:55","slug":"whirlpool-lavastoviglie-da-incasso-14-coperti-wic3c33f","status":"publish","type":"product","link":"https:\/\/capaldoelettrodomestici.it\/index.php\/prodotto\/whirlpool-lavastoviglie-da-incasso-14-coperti-wic3c33f\/","title":{"rendered":"Lavastoviglie WHIRLPOOL da Incasso WIC3C33F \u2013 14 coperti, Classe E"},"content":{"rendered":"<h3 data-start=\"123\" data-end=\"191\"><strong data-start=\"127\" data-end=\"191\">Lavastoviglie da Incasso Whirlpool WIC3C33F &#8211; Scheda tecnica<\/strong><\/h3>\n<p data-start=\"193\" data-end=\"210\"><strong data-start=\"193\" data-end=\"210\">Dati tecnici:<\/strong><\/p>\n<ul data-start=\"211\" data-end=\"701\">\n<li data-start=\"211\" data-end=\"259\"><strong data-start=\"213\" data-end=\"234\">Tipo di prodotto:<\/strong> Lavastoviglie da incasso<\/li>\n<li data-start=\"211\" data-end=\"259\">ean: <span style=\"color: #000000;\"><a class=\"GI370e\" style=\"color: #000000;\" href=\"https:\/\/www.google.com\/search?q=8003437611186&amp;oq=WIC3C33F+EAN&amp;gs_lcrp=EgZjaHJvbWUyBggAEEUYOTIHCAEQIRigATIHCAIQIRigAdIBCTIzMDFqMGoxNagCALACAA&amp;sourceid=chrome&amp;ie=UTF-8&amp;mstk=AUtExfBV3XqJWcdjt19dhwykBr-4Kx5dcaIG8OFtcdvszAnbBDoCuGe39FhieLf4nRYjaQl49RF8Npwcq3dgorLHSjYiDlS9kXKZ_JkrW1RT7ignQQs9TDyrC0wOtOrBsTJJSnfQvwpAWCwXX3TRj_zYpn9cA8EyyhzfzLTD-yIZD61ZfbI&amp;csui=3&amp;ved=2ahUKEwj9lNbi9dWQAxWLD1kFHTLxEQ4QgK4QegQIARAD\" data-wiz-uids=\"Nihdjd_e\" data-ved=\"2ahUKEwj9lNbi9dWQAxWLD1kFHTLxEQ4QgK4QegQIARAD\" data-hveid=\"CAEQAw\" data-processed=\"true\">8003437611186<\/a><\/span><\/li>\n<li data-start=\"260\" data-end=\"302\"><strong data-start=\"262\" data-end=\"298\">Classe di efficienza energetica:<\/strong> A++<\/li>\n<li data-start=\"303\" data-end=\"330\"><strong data-start=\"305\" data-end=\"327\">Numero di coperti:<\/strong> 13<\/li>\n<li data-start=\"331\" data-end=\"378\"><strong data-start=\"333\" data-end=\"348\">Tecnologia:<\/strong> 6\u00b0 Senso, PowerClean, MySmart<\/li>\n<li data-start=\"379\" data-end=\"402\"><strong data-start=\"381\" data-end=\"396\">Rumorosit\u00e0:<\/strong> 43 dB<\/li>\n<li data-start=\"403\" data-end=\"442\"><strong data-start=\"405\" data-end=\"434\">Consumo energetico annuo:<\/strong> 262 kWh<\/li>\n<li data-start=\"443\" data-end=\"479\"><strong data-start=\"445\" data-end=\"472\">Consumo di acqua annuo:<\/strong> 2940 L<\/li>\n<li data-start=\"480\" data-end=\"549\"><strong data-start=\"482\" data-end=\"507\">Programmi principali:<\/strong> Auto, Intensivo, Eco, Rapido, Prelavaggio<\/li>\n<li data-start=\"550\" data-end=\"599\"><strong data-start=\"552\" data-end=\"566\">Controllo:<\/strong> Display LED, comandi elettronici<\/li>\n<li data-start=\"600\" data-end=\"670\"><strong data-start=\"602\" data-end=\"627\">Sistema di sicurezza:<\/strong> Blocco bambini, Protezione antiallagamento<\/li>\n<li data-start=\"671\" data-end=\"701\"><strong data-start=\"673\" data-end=\"692\">Tipo di carico:<\/strong> Frontale<\/li>\n<\/ul>\n<hr data-start=\"703\" data-end=\"706\" \/>\n<p data-start=\"708\" data-end=\"739\"><strong data-start=\"708\" data-end=\"739\">Funzioni e caratteristiche:<\/strong><\/p>\n<ul data-start=\"740\" data-end=\"1192\">\n<li data-start=\"740\" data-end=\"835\"><strong data-start=\"742\" data-end=\"766\">Tecnologia 6\u00b0 Senso:<\/strong> Adatta i parametri di lavaggio in base al carico e al tipo di sporco<\/li>\n<li data-start=\"836\" data-end=\"923\"><strong data-start=\"838\" data-end=\"853\">PowerClean:<\/strong> Potente pulizia per i piatti pi\u00f9 sporchi senza bisogno di prelavaggio<\/li>\n<li data-start=\"924\" data-end=\"969\"><strong data-start=\"926\" data-end=\"947\">Programma Rapido:<\/strong> Lavaggio in 30 minuti<\/li>\n<li data-start=\"970\" data-end=\"1040\"><strong data-start=\"972\" data-end=\"984\">MySmart:<\/strong> Consente il controllo remoto tramite app per smartphone<\/li>\n<li data-start=\"1041\" data-end=\"1108\"><strong data-start=\"1043\" data-end=\"1066\">Piedini regolabili:<\/strong> S\u00ec, per un facile adattamento all&#8217;incasso<\/li>\n<li data-start=\"1109\" data-end=\"1152\"><strong data-start=\"1111\" data-end=\"1128\">Mezzo carico:<\/strong> S\u00ec, per carichi ridotti<\/li>\n<li data-start=\"1153\" data-end=\"1192\"><strong data-start=\"1155\" data-end=\"1178\">Partenza ritardata:<\/strong> Fino a 24 ore<\/li>\n<\/ul>\n<hr data-start=\"1194\" data-end=\"1197\" \/>\n<p data-start=\"1199\" data-end=\"1221\"><strong data-start=\"1199\" data-end=\"1221\">Dimensioni e peso:<\/strong><\/p>\n<ul data-start=\"1222\" data-end=\"1311\">\n<li data-start=\"1222\" data-end=\"1246\"><strong data-start=\"1224\" data-end=\"1238\">Larghezza:<\/strong> 59.5 cm<\/li>\n<li data-start=\"1247\" data-end=\"1269\"><strong data-start=\"1249\" data-end=\"1261\">Altezza:<\/strong> 81.5 cm<\/li>\n<li data-start=\"1270\" data-end=\"1293\"><strong data-start=\"1272\" data-end=\"1287\">Profondit\u00e0:<\/strong> 55 cm<\/li>\n<li data-start=\"1294\" data-end=\"1311\"><strong data-start=\"1296\" data-end=\"1305\">Peso:<\/strong> 43 kg<\/li>\n<\/ul>\n","protected":false},"excerpt":{"rendered":"<p><strong data-start=\"1318\" data-end=\"1334\">Descrizione:<\/strong> La <strong data-start=\"1338\" data-end=\"1385\">Lavastoviglie da Incasso Whirlpool WIC3C33F<\/strong> \u00e8 una soluzione ideale per chi cerca efficienza e funzionalit\u00e0 in un elettrodomestico da incasso. Con una capacit\u00e0 di 13 coperti, offre vari programmi tra cui <strong data-start=\"1545\" data-end=\"1553\">Auto<\/strong>, <strong data-start=\"1555\" data-end=\"1568\">Intensivo<\/strong> e un <strong data-start=\"1574\" data-end=\"1584\">rapido<\/strong> ciclo di 30 minuti. La tecnologia <strong data-start=\"1619\" data-end=\"1631\">6\u00b0 Senso<\/strong> regola automaticamente il ciclo di lavaggio in base al carico e al tipo di sporco, mentre <strong data-start=\"1722\" data-end=\"1736\">PowerClean<\/strong> elimina lo sporco pi\u00f9 ostinato senza bisogno di prelavaggio. Grazie alla funzione <strong data-start=\"1819\" data-end=\"1830\">MySmart<\/strong>, \u00e8 possibile controllare la lavastoviglie a distanza tramite un\u2019app per smartphone. Il design elegante e la silenziosit\u00e0 di 43 dB la rendono ideale per ogni tipo di cucina.<\/p>\n","protected":false},"featured_media":12861,"comment_status":"open","ping_status":"closed","template":"","meta":[],"product_brand":[],"product_cat":[140,152],"product_tag":[658,731,703,719,696,728,657,242,706,733,698,732,705,727,730],"class_list":{"0":"post-11973","1":"product","2":"type-product","3":"status-publish","4":"has-post-thumbnail","6":"product_cat-elettrodomestici-da-incasso","7":"product_cat-lavastoviglie-elettrodomestici-da-incasso","8":"product_tag-13-coperti","9":"product_tag-6-senso","10":"product_tag-a","11":"product_tag-da-incasso","12":"product_tag-eco","13":"product_tag-intensivo","14":"product_tag-lavastoviglie","15":"product_tag-led","16":"product_tag-mezzo-carico","17":"product_tag-mysmart","18":"product_tag-partenza-ritardata","19":"product_tag-powerclean","20":"product_tag-programma-rapido","21":"product_tag-risparmio-energetico","22":"product_tag-wic3c33f","23":"product_shipping_class-grandi-elettrodomestici","25":"first","26":"outofstock","27":"sale","28":"shipping-taxable","29":"purchasable","30":"product-type-simple"},"_links":{"self":[{"href":"https:\/\/capaldoelettrodomestici.it\/index.php\/wp-json\/wp\/v2\/product\/11973","targetHints":{"allow":["GET"]}}],"collection":[{"href":"https:\/\/capaldoelettrodomestici.it\/index.php\/wp-json\/wp\/v2\/product"}],"about":[{"href":"https:\/\/capaldoelettrodomestici.it\/index.php\/wp-json\/wp\/v2\/types\/product"}],"replies":[{"embeddable":true,"href":"https:\/\/capaldoelettrodomestici.it\/index.php\/wp-json\/wp\/v2\/comments?post=11973"}],"version-history":[{"count":10,"href":"https:\/\/capaldoelettrodomestici.it\/index.php\/wp-json\/wp\/v2\/product\/11973\/revisions"}],"predecessor-version":[{"id":15261,"href":"https:\/\/capaldoelettrodomestici.it\/index.php\/wp-json\/wp\/v2\/product\/11973\/revisions\/15261"}],"wp:featuredmedia":[{"embeddable":true,"href":"https:\/\/capaldoelettrodomestici.it\/index.php\/wp-json\/wp\/v2\/media\/12861"}],"wp:attachment":[{"href":"https:\/\/capaldoelettrodomestici.it\/index.php\/wp-json\/wp\/v2\/media?parent=11973"}],"wp:term":[{"taxonomy":"product_brand","embeddable":true,"href":"https:\/\/capaldoelettrodomestici.it\/index.php\/wp-json\/wp\/v2\/product_brand?post=11973"},{"taxonomy":"product_cat","embeddable":true,"href":"https:\/\/capaldoelettrodomestici.it\/index.php\/wp-json\/wp\/v2\/product_cat?post=11973"},{"taxonomy":"product_tag","embeddable":true,"href":"https:\/\/capaldoelettrodomestici.it\/index.php\/wp-json\/wp\/v2\/product_tag?post=11973"}],"curies":[{"name":"wp","href":"https:\/\/api.w.org\/{rel}","templated":true}]}}