{"id":11797,"date":"2024-10-31T09:56:01","date_gmt":"2024-10-31T09:56:01","guid":{"rendered":"https:\/\/capaldoelettrodomestici.it\/?post_type=product&#038;p=11797"},"modified":"2025-11-03T18:05:19","modified_gmt":"2025-11-03T18:05:19","slug":"schaub-lorenz-lavastoviglie-libera-installazione-13-coperti-svdw136d","status":"publish","type":"product","link":"https:\/\/capaldoelettrodomestici.it\/index.php\/prodotto\/schaub-lorenz-lavastoviglie-libera-installazione-13-coperti-svdw136d\/","title":{"rendered":"Lavastoviglie SCHAUB LORENZ SVDW136D \u2013 13 Coperti, Libera Installazione"},"content":{"rendered":"<p data-pm-slice=\"1 3 []\"><strong>Dati tecnici:<\/strong><\/p>\n<ul data-spread=\"false\">\n<li><strong>Modello:<\/strong> SVDW136D<\/li>\n<li><strong>ean: 9120047686959<\/strong><\/li>\n<li><strong>Tipologia:<\/strong> Lavastoviglie a libera installazione<\/li>\n<li><strong>Classe energetica:<\/strong> E<\/li>\n<li><strong>Consumo energetico per 100 cicli (Eco):<\/strong> 94 kWh<\/li>\n<li><strong>Consumo d&#8217;acqua per ciclo (Eco):<\/strong> 12 litri<\/li>\n<li><strong>Rumorosit\u00e0:<\/strong> 49 dB(A)<\/li>\n<li><strong>Numero coperti:<\/strong> 13<\/li>\n<\/ul>\n<p><strong>Capacit\u00e0:<\/strong><\/p>\n<ul data-spread=\"false\">\n<li>13 coperti<\/li>\n<\/ul>\n<p><strong>Funzioni e caratteristiche:<\/strong><\/p>\n<ul data-spread=\"false\">\n<li><strong>Programmi di lavaggio:<\/strong> 6 programmi, inclusi Eco, Intensivo, Rapido, Prelavaggio e Mezzo Carico.<\/li>\n<li><strong>Opzioni aggiuntive:<\/strong> Partenza ritardata e sicurezza bambini.<\/li>\n<li><strong>Cestelli:<\/strong> 2 cestelli con cestino portaposate; il cestello superiore \u00e8 regolabile in altezza.<\/li>\n<li><strong>Tipo di asciugatura:<\/strong> A condensazione.<\/li>\n<\/ul>\n<p><strong>Dimensioni e peso:<\/strong><\/p>\n<ul data-spread=\"false\">\n<li><strong>Larghezza:<\/strong> 59,8 cm<\/li>\n<li><strong>Profondit\u00e0:<\/strong> 59,8 cm<\/li>\n<li><strong>Altezza:<\/strong> 85 cm<\/li>\n<\/ul>\n<h1 class=\"h1 product-detail-name\"><\/h1>\n","protected":false},"excerpt":{"rendered":"<p data-pm-slice=\"1 1 []\"><strong>Descrizione:<\/strong> La lavastoviglie <strong>SVDW136D<\/strong> \u00e8 progettata per offrire efficienza e praticit\u00e0 in cucina. Con una capacit\u00e0 di 13 coperti, \u00e8 ideale per famiglie di medie dimensioni. I 6 programmi di lavaggio, tra cui l&#8217;opzione Eco per un consumo ridotto e il programma Rapido per esigenze immediate, garantiscono flessibilit\u00e0 nell&#8217;uso quotidiano. Il design in colore bianco si adatta facilmente a diverse tipologie di arredamento, mentre le dimensioni standard la rendono compatibile con la maggior parte degli spazi cucina.<\/p>\n","protected":false},"featured_media":12796,"comment_status":"open","ping_status":"closed","template":"","meta":[],"product_brand":[],"product_cat":[124,134],"product_tag":[657,682,681,678,677,679,668,671],"class_list":{"0":"post-11797","1":"product","2":"type-product","3":"status-publish","4":"has-post-thumbnail","6":"product_cat-grandi-elettrodomestici","7":"product_cat-lavastoviglie","8":"product_tag-lavastoviglie","9":"product_tag-lavastoviglie-13-coperti","10":"product_tag-lavastoviglie-a-grande-capienza","11":"product_tag-lavastoviglie-bianca","12":"product_tag-lavastoviglie-classe-e","13":"product_tag-lavastoviglie-con-partenza-ritardata","14":"product_tag-lavastoviglie-libera-installazione","15":"product_tag-lavastoviglie-silenziosa","16":"product_shipping_class-grandi-elettrodomestici","18":"first","19":"instock","20":"sale","21":"shipping-taxable","22":"purchasable","23":"product-type-simple"},"_links":{"self":[{"href":"https:\/\/capaldoelettrodomestici.it\/index.php\/wp-json\/wp\/v2\/product\/11797","targetHints":{"allow":["GET"]}}],"collection":[{"href":"https:\/\/capaldoelettrodomestici.it\/index.php\/wp-json\/wp\/v2\/product"}],"about":[{"href":"https:\/\/capaldoelettrodomestici.it\/index.php\/wp-json\/wp\/v2\/types\/product"}],"replies":[{"embeddable":true,"href":"https:\/\/capaldoelettrodomestici.it\/index.php\/wp-json\/wp\/v2\/comments?post=11797"}],"version-history":[{"count":5,"href":"https:\/\/capaldoelettrodomestici.it\/index.php\/wp-json\/wp\/v2\/product\/11797\/revisions"}],"predecessor-version":[{"id":15268,"href":"https:\/\/capaldoelettrodomestici.it\/index.php\/wp-json\/wp\/v2\/product\/11797\/revisions\/15268"}],"wp:featuredmedia":[{"embeddable":true,"href":"https:\/\/capaldoelettrodomestici.it\/index.php\/wp-json\/wp\/v2\/media\/12796"}],"wp:attachment":[{"href":"https:\/\/capaldoelettrodomestici.it\/index.php\/wp-json\/wp\/v2\/media?parent=11797"}],"wp:term":[{"taxonomy":"product_brand","embeddable":true,"href":"https:\/\/capaldoelettrodomestici.it\/index.php\/wp-json\/wp\/v2\/product_brand?post=11797"},{"taxonomy":"product_cat","embeddable":true,"href":"https:\/\/capaldoelettrodomestici.it\/index.php\/wp-json\/wp\/v2\/product_cat?post=11797"},{"taxonomy":"product_tag","embeddable":true,"href":"https:\/\/capaldoelettrodomestici.it\/index.php\/wp-json\/wp\/v2\/product_tag?post=11797"}],"curies":[{"name":"wp","href":"https:\/\/api.w.org\/{rel}","templated":true}]}}