{"id":11790,"date":"2024-10-30T10:45:34","date_gmt":"2024-10-30T10:45:34","guid":{"rendered":"https:\/\/capaldoelettrodomestici.it\/?post_type=product&#038;p=11790"},"modified":"2025-11-05T13:33:53","modified_gmt":"2025-11-05T13:33:53","slug":"lg-lavatrice-10-kg-ai-dd-f4r3010nsww","status":"publish","type":"product","link":"https:\/\/capaldoelettrodomestici.it\/index.php\/prodotto\/lg-lavatrice-10-kg-ai-dd-f4r3010nsww\/","title":{"rendered":"Lavatrice, LG  10 kg F4R3010NSWW , AI DD, Carica Frontale, 1400 Giri\/Min, Classe A-10%"},"content":{"rendered":"<ul class=\"a-unordered-list a-vertical a-spacing-mini\">\n<li class=\"a-spacing-mini\"><span class=\"a-list-item\">RISPARMIA PI\u00d9 ENERGIA: questa lavatrice ti offre un&#8217;efficienza elevatissima grazie alle ultime tecnologie di LG, perch\u00e9 \u00e8 il 10% pi\u00f9 efficiente rispetto a quelle tradizionali in classe A<\/span><\/li>\n<li class=\"a-spacing-mini\"><span class=\"a-list-item\">TECNOLOGIA AI DD: l&#8217;intelligenza artificiale di LG rileva il peso, identifica la tipologia di tessuti e sceglie autonomamente i movimenti ottimali per ogni lavaggio fra 20.000 combinazioni diverse<\/span><\/li>\n<li class=\"a-spacing-mini\"><span class=\"a-list-item\">LAVAGGIO A VAPORE STEAM: igienizza i tuoi capi, eliminando germi, batteri e allergeni; il vapore permette anche di distendere meglio le fibre in modo da migliorare l&#8217;efficacia del lavaggio<\/span><\/li>\n<li class=\"a-spacing-mini\"><span class=\"a-list-item\">PROGRAMMA ALLERGY CARE: grazie alle alte temperature, questo programma approvato dalla BAF (British Allergy Foundation) riduce del 99,9% gli acari della polvere responsabili delle allergie<\/span><\/li>\n<li class=\"a-spacing-mini\"><span class=\"a-list-item\">CESTELLO A BOLLE: la particolare conformazione &#8220;a bolle&#8221; permette di salvaguardare i tessuti evitando l&#8217;eccessivo sfregamento col cestello durante il lavaggio e la centrifuga<\/span><\/li>\n<li class=\"a-spacing-mini\"><span class=\"a-list-item\">MOTORE INVERTER DIRECT DRIVE: il motore \u00e8 collegato direttamente al cestello, assicurando elevate prestazioni di lavaggio grazie alla gestione precisa dei movimenti, riducendo rumori e vibrazioni<\/span><\/li>\n<li class=\"a-spacing-mini\"><span class=\"a-list-item\">SMART DIAGNOSIS: in caso di problemi di funzionamento puoi eseguire una diagnosi automatica, che ti dir\u00e0 se puoi risolvere il problema in autonomia oppure se serve l&#8217;intervento di un tecnico<\/span><\/li>\n<li class=\"a-spacing-mini\"><span class=\"a-list-item\">AGITATORI IN ACCIAIO INOX: rispetto agli agitatori in plastica, quelli in acciaio inox garantiscono la massima igiene nel cestello evitando la formazione di muffe e batteri<\/span><\/li>\n<\/ul>\n<p>&nbsp;<\/p>\n","protected":false},"excerpt":{"rendered":"<p>MODELLO: F4R3010NSWW<\/p>\n<p>EAN: 8806084272393<\/p>\n<p>LAVATRICE 10 KG CARICO FRONTALE<\/p>\n<p>CLASSE ENERGETICA: A-10%<\/p>\n<p>1400 GIRI<\/p>\n<p>PROGRAMMI DI LAVAGGIO: 12<\/p>\n<p>DOTATA DI FUNZIONE VAPORE<\/p>\n<p><b>Tecnologia AI DD:<\/b><br \/>\nL&#8217;Intelligenza Artificiale della lavatrice non si limita a rilevare il peso dei vestiti nel cestello, ma identifica anche la tipologia dei tessuti in modo da scegliere autonomamente i movimenti ottimali per ogni lavaggio fra 20.000 combinazioni diverse. In questo modo i tuoi capi saranno trattati con una cura superiore del 18%, facendoli durare pi\u00f9 a lungo.<\/p>\n","protected":false},"featured_media":11791,"comment_status":"open","ping_status":"closed","template":"","meta":[],"product_brand":[],"product_cat":[126,125],"product_tag":[1480,276,613,620,251,1481],"class_list":{"0":"post-11790","1":"product","2":"type-product","3":"status-publish","4":"has-post-thumbnail","6":"product_cat-carico-frontale","7":"product_cat-lavatrici","8":"product_tag-classe-a-10","9":"product_tag-inverter-direct-drive","10":"product_tag-lavatrice-10-kg","11":"product_tag-lavatrice-silenziosa","12":"product_tag-lg","13":"product_tag-pulizia-cestello","14":"product_shipping_class-grandi-elettrodomestici","16":"first","17":"instock","18":"sale","19":"featured","20":"shipping-taxable","21":"purchasable","22":"product-type-simple"},"_links":{"self":[{"href":"https:\/\/capaldoelettrodomestici.it\/index.php\/wp-json\/wp\/v2\/product\/11790","targetHints":{"allow":["GET"]}}],"collection":[{"href":"https:\/\/capaldoelettrodomestici.it\/index.php\/wp-json\/wp\/v2\/product"}],"about":[{"href":"https:\/\/capaldoelettrodomestici.it\/index.php\/wp-json\/wp\/v2\/types\/product"}],"replies":[{"embeddable":true,"href":"https:\/\/capaldoelettrodomestici.it\/index.php\/wp-json\/wp\/v2\/comments?post=11790"}],"version-history":[{"count":9,"href":"https:\/\/capaldoelettrodomestici.it\/index.php\/wp-json\/wp\/v2\/product\/11790\/revisions"}],"predecessor-version":[{"id":11795,"href":"https:\/\/capaldoelettrodomestici.it\/index.php\/wp-json\/wp\/v2\/product\/11790\/revisions\/11795"}],"wp:featuredmedia":[{"embeddable":true,"href":"https:\/\/capaldoelettrodomestici.it\/index.php\/wp-json\/wp\/v2\/media\/11791"}],"wp:attachment":[{"href":"https:\/\/capaldoelettrodomestici.it\/index.php\/wp-json\/wp\/v2\/media?parent=11790"}],"wp:term":[{"taxonomy":"product_brand","embeddable":true,"href":"https:\/\/capaldoelettrodomestici.it\/index.php\/wp-json\/wp\/v2\/product_brand?post=11790"},{"taxonomy":"product_cat","embeddable":true,"href":"https:\/\/capaldoelettrodomestici.it\/index.php\/wp-json\/wp\/v2\/product_cat?post=11790"},{"taxonomy":"product_tag","embeddable":true,"href":"https:\/\/capaldoelettrodomestici.it\/index.php\/wp-json\/wp\/v2\/product_tag?post=11790"}],"curies":[{"name":"wp","href":"https:\/\/api.w.org\/{rel}","templated":true}]}}