{"id":11301,"date":"2024-10-18T08:58:58","date_gmt":"2024-10-18T08:58:58","guid":{"rendered":"https:\/\/capaldoelettrodomestici.it\/?post_type=product&#038;p=11301"},"modified":"2025-11-04T11:31:43","modified_gmt":"2025-11-04T11:31:43","slug":"candy-congelatore-a-pozzetto-200lt-cchh200","status":"publish","type":"product","link":"https:\/\/capaldoelettrodomestici.it\/index.php\/prodotto\/candy-congelatore-a-pozzetto-200lt-cchh200\/","title":{"rendered":"CANDY Congelatore a Pozzetto CCHH200 200lt  \u2013 Classe F"},"content":{"rendered":"<h3 data-start=\"98\" data-end=\"136\"><strong data-start=\"102\" data-end=\"136\">Scheda tecnica &#8211; Candy CCHH200<\/strong><\/h3>\n<h4 data-start=\"138\" data-end=\"159\"><strong data-start=\"143\" data-end=\"159\">Dati tecnici<\/strong><\/h4>\n<ul data-start=\"160\" data-end=\"489\">\n<li data-start=\"160\" data-end=\"199\"><strong data-start=\"162\" data-end=\"175\">Tipologia<\/strong>: Congelatore a pozzetto<\/li>\n<li data-start=\"200\" data-end=\"238\"><strong data-start=\"202\" data-end=\"227\">Capacit\u00e0 netta totale<\/strong>: 194 litri<\/li>\n<li data-start=\"239\" data-end=\"265\"><strong data-start=\"241\" data-end=\"262\">Classe energetica<\/strong>: F<\/li>\n<li data-start=\"266\" data-end=\"305\"><strong data-start=\"268\" data-end=\"296\">Consumo energetico annuo<\/strong>: 248 kWh<\/li>\n<li data-start=\"306\" data-end=\"329\"><strong data-start=\"308\" data-end=\"322\">Rumorosit\u00e0<\/strong>: 39 dB<\/li>\n<li data-start=\"330\" data-end=\"370\"><strong data-start=\"332\" data-end=\"361\">Sistema di raffreddamento<\/strong>: Statico<\/li>\n<li data-start=\"371\" data-end=\"399\"><strong data-start=\"373\" data-end=\"393\">Classe climatica<\/strong>: SN-T<\/li>\n<li data-start=\"400\" data-end=\"424\"><strong data-start=\"402\" data-end=\"414\">Tensione<\/strong>: 220-240V<\/li>\n<li data-start=\"425\" data-end=\"447\"><strong data-start=\"427\" data-end=\"440\">Frequenza<\/strong>: 50 Hz<\/li>\n<li data-start=\"448\" data-end=\"469\"><strong data-start=\"450\" data-end=\"462\">Corrente<\/strong>: 0,8 A<\/li>\n<li data-start=\"470\" data-end=\"489\"><strong data-start=\"472\" data-end=\"483\">Potenza<\/strong>: 85 W<\/li>\n<\/ul>\n<h4 data-start=\"491\" data-end=\"526\"><strong data-start=\"496\" data-end=\"526\">Funzioni e caratteristiche<\/strong><\/h4>\n<ul data-start=\"527\" data-end=\"805\">\n<li data-start=\"527\" data-end=\"567\"><strong data-start=\"529\" data-end=\"557\">Capacit\u00e0 di congelamento<\/strong>: 9 kg\/24h<\/li>\n<li data-start=\"568\" data-end=\"615\"><strong data-start=\"570\" data-end=\"607\">Autonomia senza energia elettrica<\/strong>: 15 ore<\/li>\n<li data-start=\"616\" data-end=\"647\"><strong data-start=\"618\" data-end=\"643\">Termostato regolabile<\/strong>: No<\/li>\n<li data-start=\"648\" data-end=\"674\"><strong data-start=\"650\" data-end=\"670\">Sistema No Frost<\/strong>: No<\/li>\n<li data-start=\"675\" data-end=\"713\"><strong data-start=\"677\" data-end=\"709\">Funzione congelamento rapido<\/strong>: No<\/li>\n<li data-start=\"714\" data-end=\"743\"><strong data-start=\"716\" data-end=\"734\">Cerniera porta<\/strong>: In alto<\/li>\n<li data-start=\"744\" data-end=\"775\"><strong data-start=\"746\" data-end=\"771\">Illuminazione interna<\/strong>: No<\/li>\n<li data-start=\"776\" data-end=\"805\"><strong data-start=\"778\" data-end=\"801\">Display incorporato<\/strong>: No<\/li>\n<\/ul>\n<h4 data-start=\"807\" data-end=\"833\"><strong data-start=\"812\" data-end=\"833\">Dimensioni e peso<\/strong><\/h4>\n<ul data-start=\"834\" data-end=\"954\">\n<li data-start=\"834\" data-end=\"857\"><strong data-start=\"836\" data-end=\"849\">Larghezza<\/strong>: 82 cm<\/li>\n<li data-start=\"858\" data-end=\"882\"><strong data-start=\"860\" data-end=\"874\">Profondit\u00e0<\/strong>: 55,5 cm<\/li>\n<li data-start=\"883\" data-end=\"904\"><strong data-start=\"885\" data-end=\"896\">Altezza<\/strong>: 84,5 cm<\/li>\n<li data-start=\"905\" data-end=\"930\"><strong data-start=\"907\" data-end=\"921\">Peso netto<\/strong>: 29,5 kg<\/li>\n<li data-start=\"931\" data-end=\"954\"><strong data-start=\"933\" data-end=\"947\">Peso lordo<\/strong>: 33 kg<\/li>\n<\/ul>\n<p>&nbsp;<\/p>\n<h1 id=\"title\" class=\"a-size-large a-spacing-none\"><\/h1>\n","protected":false},"excerpt":{"rendered":"<p>Il congelatore <strong data-start=\"992\" data-end=\"1009\">Candy CCHH200<\/strong> \u00e8 un modello a pozzetto con una capacit\u00e0 netta di 194 litri, ideale per conservare una notevole quantit\u00e0 di alimenti. Con un consumo energetico annuo di 248 kWh, rientra nella classe di efficienza energetica F. Il sistema di raffreddamento \u00e8 statico, e l&#8217;assenza della funzione No Frost implica la necessit\u00e0 di sbrinamento manuale periodico. In caso di interruzione dell&#8217;energia elettrica, il congelatore garantisce un&#8217;autonomia di conservazione fino a 15 ore. Le dimensioni compatte lo rendono adatto a diversi spazi abitativi, mentre il livello di rumorosit\u00e0 contenuto assicura un funzionamento silenzioso.<\/p>\n","protected":false},"featured_media":12627,"comment_status":"open","ping_status":"closed","template":"","meta":[],"product_brand":[],"product_cat":[130,124,131],"product_tag":[293,297,245,292,295,298,291,294,296],"class_list":{"0":"post-11301","1":"product","2":"type-product","3":"status-publish","4":"has-post-thumbnail","6":"product_cat-congelatori","7":"product_cat-grandi-elettrodomestici","8":"product_cat-orizzontale","9":"product_tag-194-litri","10":"product_tag-autonomia-15-ore","11":"product_tag-candy","12":"product_tag-cchh200","13":"product_tag-classe-f","14":"product_tag-congelamento-9-kg-24h","15":"product_tag-congelatore","16":"product_tag-pozzetto","17":"product_tag-statico","18":"product_shipping_class-grandi-elettrodomestici","20":"first","21":"outofstock","22":"sale","23":"shipping-taxable","24":"purchasable","25":"product-type-simple"},"_links":{"self":[{"href":"https:\/\/capaldoelettrodomestici.it\/index.php\/wp-json\/wp\/v2\/product\/11301","targetHints":{"allow":["GET"]}}],"collection":[{"href":"https:\/\/capaldoelettrodomestici.it\/index.php\/wp-json\/wp\/v2\/product"}],"about":[{"href":"https:\/\/capaldoelettrodomestici.it\/index.php\/wp-json\/wp\/v2\/types\/product"}],"replies":[{"embeddable":true,"href":"https:\/\/capaldoelettrodomestici.it\/index.php\/wp-json\/wp\/v2\/comments?post=11301"}],"version-history":[{"count":5,"href":"https:\/\/capaldoelettrodomestici.it\/index.php\/wp-json\/wp\/v2\/product\/11301\/revisions"}],"predecessor-version":[{"id":14463,"href":"https:\/\/capaldoelettrodomestici.it\/index.php\/wp-json\/wp\/v2\/product\/11301\/revisions\/14463"}],"wp:featuredmedia":[{"embeddable":true,"href":"https:\/\/capaldoelettrodomestici.it\/index.php\/wp-json\/wp\/v2\/media\/12627"}],"wp:attachment":[{"href":"https:\/\/capaldoelettrodomestici.it\/index.php\/wp-json\/wp\/v2\/media?parent=11301"}],"wp:term":[{"taxonomy":"product_brand","embeddable":true,"href":"https:\/\/capaldoelettrodomestici.it\/index.php\/wp-json\/wp\/v2\/product_brand?post=11301"},{"taxonomy":"product_cat","embeddable":true,"href":"https:\/\/capaldoelettrodomestici.it\/index.php\/wp-json\/wp\/v2\/product_cat?post=11301"},{"taxonomy":"product_tag","embeddable":true,"href":"https:\/\/capaldoelettrodomestici.it\/index.php\/wp-json\/wp\/v2\/product_tag?post=11301"}],"curies":[{"name":"wp","href":"https:\/\/api.w.org\/{rel}","templated":true}]}}