{"id":11279,"date":"2024-10-17T16:00:48","date_gmt":"2024-10-17T16:00:48","guid":{"rendered":"https:\/\/capaldoelettrodomestici.it\/?post_type=product&#038;p=11279"},"modified":"2025-11-04T11:57:33","modified_gmt":"2025-11-04T11:57:33","slug":"beko-lavatrice-10kg-wtx101486ai","status":"publish","type":"product","link":"https:\/\/capaldoelettrodomestici.it\/index.php\/prodotto\/beko-lavatrice-10kg-wtx101486ai\/","title":{"rendered":"Lavatrice BEKO 10kg WTX101486AI \u2013 1400 giri\/min \u2013 Classe A+++"},"content":{"rendered":"<ul data-start=\"123\" data-end=\"981\">\n<li data-start=\"123\" data-end=\"154\"><strong data-start=\"125\" data-end=\"147\">Capacit\u00e0 di carico<\/strong>: 10 kg<\/li>\n<li data-start=\"155\" data-end=\"205\"><strong data-start=\"157\" data-end=\"183\">Velocit\u00e0 di centrifuga<\/strong>: fino a 1400 giri\/min<\/li>\n<li data-start=\"206\" data-end=\"232\"><strong data-start=\"208\" data-end=\"229\">Classe energetica<\/strong>: A<\/li>\n<li data-start=\"233\" data-end=\"279\"><strong data-start=\"235\" data-end=\"276\">Classe di efficienza della centrifuga<\/strong>: B<\/li>\n<li data-start=\"280\" data-end=\"326\"><strong data-start=\"282\" data-end=\"318\">Consumo energetico per 100 cicli<\/strong>: 51 kWh<\/li>\n<li data-start=\"327\" data-end=\"369\"><strong data-start=\"329\" data-end=\"359\">Consumo di acqua per ciclo<\/strong>: 38 litri<\/li>\n<li data-start=\"370\" data-end=\"417\"><strong data-start=\"372\" data-end=\"410\">Silenziosit\u00e0 durante la centrifuga<\/strong>: 75 dB<\/li>\n<li data-start=\"418\" data-end=\"497\"><strong data-start=\"420\" data-end=\"434\">Dimensioni<\/strong>:\n<ul data-start=\"438\" data-end=\"497\">\n<li data-start=\"438\" data-end=\"456\">Larghezza: 60 cm<\/li>\n<li data-start=\"459\" data-end=\"478\">Profondit\u00e0: 60 cm<\/li>\n<li data-start=\"481\" data-end=\"497\">Altezza: 84 cm<\/li>\n<\/ul>\n<\/li>\n<li data-start=\"498\" data-end=\"528\"><strong data-start=\"500\" data-end=\"518\">Tipo di carica<\/strong>: Frontale<\/li>\n<li data-start=\"529\" data-end=\"567\"><strong data-start=\"531\" data-end=\"542\">Display<\/strong>: LED con controllo touch<\/li>\n<li data-start=\"568\" data-end=\"710\"><strong data-start=\"570\" data-end=\"595\">Programmi di lavaggio<\/strong>: 15, tra cui Delicati\/seta, Piumino\/piumone, Eco, Jeans\/denim, Rapido, Risciacquo, Centrifuga\/scarico, Sport, Lana<\/li>\n<li data-start=\"711\" data-end=\"981\"><strong data-start=\"713\" data-end=\"736\">Funzioni aggiuntive<\/strong>:\n<ul data-start=\"740\" data-end=\"981\">\n<li data-start=\"740\" data-end=\"774\">Partenza ritardata fino a 24 ore<\/li>\n<li data-start=\"777\" data-end=\"803\">Protezione per i bambini<\/li>\n<li data-start=\"806\" data-end=\"855\">Sistema di bilanciamento del carico del tamburo<\/li>\n<li data-start=\"858\" data-end=\"916\">Sistema di protezione contro il traboccamento dell&#8217;acqua<\/li>\n<li data-start=\"919\" data-end=\"939\">Funzione antipiega<\/li>\n<li data-start=\"942\" data-end=\"955\">Autopulizia<\/li>\n<li data-start=\"958\" data-end=\"981\">Connettivit\u00e0 HomeWhiz<\/li>\n<\/ul>\n<\/li>\n<\/ul>\n<p data-start=\"983\" data-end=\"1190\">Questa lavatrice \u00e8 dotata della tecnologia SteamCure\u2122, che rilascia vapore a 60\u00b0C durante il ciclo di lavaggio per igienizzare il bucato, ridurre le pieghe e le macchie.<\/p>\n<div class=\"relative inline-flex items-center\"><a class=\"ml-1 inline-flex h-[22px] items-center rounded-xl bg-[#f4f4f4] px-2 text-[0.5em] font-medium text-token-text-secondary dark:bg-token-main-surface-secondary !text-token-text-secondary uppercase hover:bg-token-text-primary hover:!text-token-main-surface-secondary dark:hover:bg-token-text-primary group\" href=\"https:\/\/www.mdwebstore.it\/lavatrici\/5588-lavatrice-beko-wtx101486-10kg-8690842593529.html?utm_source=chatgpt.com\" target=\"_blank\" rel=\"noopener\"><span class=\"truncate\">mdwebstore.it<\/span><\/a><\/div>\n<p data-start=\"1192\" data-end=\"1311\">Per ulteriori dettagli, \u00e8 possibile consultare il manuale utente fornito da Beko<\/p>\n","protected":false},"excerpt":{"rendered":"<div class=\"flex max-w-full flex-col flex-grow\">\n<div class=\"min-h-8 text-message flex w-full flex-col items-end gap-2 whitespace-normal break-words text-start [.text-message+&amp;]:mt-5\" dir=\"auto\" data-message-author-role=\"assistant\" data-message-id=\"4e3f3af3-3d80-49dd-8707-335321fea161\" data-message-model-slug=\"gpt-4o-mini\">\n<div class=\"flex w-full flex-col gap-1 empty:hidden first:pt-[3px]\">\n<div class=\"markdown prose w-full break-words dark:prose-invert light\">\n<p data-start=\"0\" data-end=\"501\" data-is-last-node=\"\" data-is-only-node=\"\">La lavatrice Beko WTX101486AI \u00e8 un modello a carica frontale con una capacit\u00e0 di 10 kg e una velocit\u00e0 di centrifuga fino a 1400 giri\/min. Offre una classe energetica A e una classe di centrifuga B, con un consumo energetico di 51 kWh per 100 cicli. Ha un display LED touch, 15 programmi di lavaggio, e funzioni aggiuntive come la partenza ritardata, protezione bambini, e la tecnologia SteamCure\u2122 per rimuovere pieghe e igienizzare il bucato. \u00c8 anche connessa tramite HomeWhiz per un controllo remoto.<\/p>\n<\/div>\n<\/div>\n<\/div>\n<\/div>\n<div class=\"mb-2 flex gap-3 empty:hidden -ml-2\">\n<div class=\"items-center justify-start rounded-xl p-1 flex\">\n<div class=\"flex items-center\">\n<p>&nbsp;<\/p>\n<div class=\"flex\"><\/div>\n<p>&nbsp;<\/p>\n<div class=\"flex items-center pb-0\"><span class=\"overflow-hidden text-clip whitespace-nowrap text-sm\">4o mini<\/span><\/div>\n<\/div>\n<\/div>\n<\/div>\n","protected":false},"featured_media":12482,"comment_status":"open","ping_status":"closed","template":"","meta":[],"product_brand":[],"product_cat":[126,124,125],"product_tag":[],"class_list":{"0":"post-11279","1":"product","2":"type-product","3":"status-publish","4":"has-post-thumbnail","6":"product_cat-carico-frontale","7":"product_cat-grandi-elettrodomestici","8":"product_cat-lavatrici","9":"product_shipping_class-grandi-elettrodomestici","11":"first","12":"instock","13":"sale","14":"shipping-taxable","15":"purchasable","16":"product-type-simple"},"_links":{"self":[{"href":"https:\/\/capaldoelettrodomestici.it\/index.php\/wp-json\/wp\/v2\/product\/11279","targetHints":{"allow":["GET"]}}],"collection":[{"href":"https:\/\/capaldoelettrodomestici.it\/index.php\/wp-json\/wp\/v2\/product"}],"about":[{"href":"https:\/\/capaldoelettrodomestici.it\/index.php\/wp-json\/wp\/v2\/types\/product"}],"replies":[{"embeddable":true,"href":"https:\/\/capaldoelettrodomestici.it\/index.php\/wp-json\/wp\/v2\/comments?post=11279"}],"version-history":[{"count":5,"href":"https:\/\/capaldoelettrodomestici.it\/index.php\/wp-json\/wp\/v2\/product\/11279\/revisions"}],"predecessor-version":[{"id":12478,"href":"https:\/\/capaldoelettrodomestici.it\/index.php\/wp-json\/wp\/v2\/product\/11279\/revisions\/12478"}],"wp:featuredmedia":[{"embeddable":true,"href":"https:\/\/capaldoelettrodomestici.it\/index.php\/wp-json\/wp\/v2\/media\/12482"}],"wp:attachment":[{"href":"https:\/\/capaldoelettrodomestici.it\/index.php\/wp-json\/wp\/v2\/media?parent=11279"}],"wp:term":[{"taxonomy":"product_brand","embeddable":true,"href":"https:\/\/capaldoelettrodomestici.it\/index.php\/wp-json\/wp\/v2\/product_brand?post=11279"},{"taxonomy":"product_cat","embeddable":true,"href":"https:\/\/capaldoelettrodomestici.it\/index.php\/wp-json\/wp\/v2\/product_cat?post=11279"},{"taxonomy":"product_tag","embeddable":true,"href":"https:\/\/capaldoelettrodomestici.it\/index.php\/wp-json\/wp\/v2\/product_tag?post=11279"}],"curies":[{"name":"wp","href":"https:\/\/api.w.org\/{rel}","templated":true}]}}