{"id":11268,"date":"2024-10-17T15:08:26","date_gmt":"2024-10-17T15:08:26","guid":{"rendered":"https:\/\/capaldoelettrodomestici.it\/?post_type=product&#038;p=11268"},"modified":"2025-11-04T12:05:58","modified_gmt":"2025-11-04T12:05:58","slug":"beko-frigorifero-con-dispenser-rdne455e30z","status":"publish","type":"product","link":"https:\/\/capaldoelettrodomestici.it\/index.php\/prodotto\/beko-frigorifero-con-dispenser-rdne455e30z\/","title":{"rendered":"Frigorifero BEKO doppia porta RDNE455E30Z \u2013 con Dispenser acqua, Tecnologia No Frost, Classe F"},"content":{"rendered":"<h3 data-start=\"91\" data-end=\"133\"><strong data-start=\"95\" data-end=\"133\">Scheda tecnica &#8211; BEKO RDNE455E30Z<\/strong><\/h3>\n<h4 data-start=\"135\" data-end=\"156\"><strong data-start=\"140\" data-end=\"156\">Dati tecnici<\/strong><\/h4>\n<ul data-start=\"157\" data-end=\"1009\">\n<li data-start=\"157\" data-end=\"196\"><strong data-start=\"159\" data-end=\"172\">Tipologia<\/strong>: Frigorifero doppia porta<\/li>\n<li data-start=\"197\" data-end=\"217\"><strong data-start=\"199\" data-end=\"209\">Colore<\/strong>: Inox<\/li>\n<li data-start=\"218\" data-end=\"261\"><strong data-start=\"220\" data-end=\"245\">Tipo di installazione<\/strong>: libera installazione<\/li>\n<li data-start=\"262\" data-end=\"290\"><strong data-start=\"264\" data-end=\"285\">Classe energetica<\/strong>: F<\/li>\n<li data-start=\"291\" data-end=\"385\"><strong data-start=\"293\" data-end=\"312\">Capacit\u00e0 totale<\/strong>: 450 litri\n<ul data-start=\"326\" data-end=\"385\">\n<li data-start=\"326\" data-end=\"354\"><strong data-start=\"328\" data-end=\"343\">Frigorifero<\/strong>: 320 litri<\/li>\n<li data-start=\"357\" data-end=\"385\"><strong data-start=\"359\" data-end=\"374\">Congelatore<\/strong>: 130 litri<\/li>\n<\/ul>\n<\/li>\n<li data-start=\"386\" data-end=\"424\"><strong data-start=\"388\" data-end=\"421\">Numero di ripiani frigorifero<\/strong>: 5<\/li>\n<li data-start=\"425\" data-end=\"464\"><strong data-start=\"427\" data-end=\"461\">Numero di cassetti congelatore<\/strong>: 3<\/li>\n<li data-start=\"465\" data-end=\"506\"><strong data-start=\"467\" data-end=\"496\">Sistema di raffreddamento<\/strong>: No Frost<\/li>\n<li data-start=\"507\" data-end=\"547\"><strong data-start=\"509\" data-end=\"534\">Controllo temperatura<\/strong>: Elettronico<\/li>\n<li data-start=\"548\" data-end=\"566\"><strong data-start=\"550\" data-end=\"561\">Display<\/strong>: LED<\/li>\n<li data-start=\"567\" data-end=\"599\"><strong data-start=\"569\" data-end=\"595\">Funzione SuperFreezing<\/strong>: S\u00ec<\/li>\n<li data-start=\"600\" data-end=\"631\"><strong data-start=\"602\" data-end=\"627\">Funzione SuperCooling<\/strong>: S\u00ec<\/li>\n<li data-start=\"632\" data-end=\"662\"><strong data-start=\"634\" data-end=\"658\">Allarme porta aperta<\/strong>: S\u00ec<\/li>\n<li data-start=\"663\" data-end=\"692\"><strong data-start=\"665\" data-end=\"688\">Allarme temperatura<\/strong>: S\u00ec<\/li>\n<li data-start=\"693\" data-end=\"725\"><strong data-start=\"695\" data-end=\"720\">Illuminazione interna<\/strong>: LED<\/li>\n<li data-start=\"726\" data-end=\"753\"><strong data-start=\"728\" data-end=\"749\">Porte reversibili<\/strong>: S\u00ec<\/li>\n<li data-start=\"754\" data-end=\"806\"><strong data-start=\"756\" data-end=\"789\">Materiale ripiani frigorifero<\/strong>: Vetro temperato<\/li>\n<li data-start=\"807\" data-end=\"853\"><strong data-start=\"809\" data-end=\"843\">Materiale cassetti congelatore<\/strong>: Plastica<\/li>\n<li data-start=\"854\" data-end=\"903\"><strong data-start=\"856\" data-end=\"891\">Tipo di sbrinamento frigorifero<\/strong>: Automatico<\/li>\n<li data-start=\"904\" data-end=\"950\"><strong data-start=\"906\" data-end=\"941\">Tipo di sbrinamento congelatore<\/strong>: Manuale<\/li>\n<li data-start=\"951\" data-end=\"979\"><strong data-start=\"953\" data-end=\"975\">Piedini regolabili<\/strong>: S\u00ec<\/li>\n<li data-start=\"980\" data-end=\"1009\"><strong data-start=\"982\" data-end=\"1005\">Vano portabottiglie<\/strong>: S\u00ec<\/li>\n<\/ul>\n<h4 data-start=\"1011\" data-end=\"1037\"><strong data-start=\"1016\" data-end=\"1037\">Dimensioni e peso<\/strong><\/h4>\n<ul data-start=\"1038\" data-end=\"1156\">\n<li data-start=\"1038\" data-end=\"1060\"><strong data-start=\"1040\" data-end=\"1053\">Larghezza<\/strong>: 70 cm<\/li>\n<li data-start=\"1061\" data-end=\"1084\"><strong data-start=\"1063\" data-end=\"1077\">Profondit\u00e0<\/strong>: 65,5 cm<\/li>\n<li data-start=\"1085\" data-end=\"1108\"><strong data-start=\"1087\" data-end=\"1098\">Altezza<\/strong>: 185 cm<\/li>\n<li data-start=\"1109\" data-end=\"1132\"><strong data-start=\"1111\" data-end=\"1125\">Peso netto<\/strong>: 70 kg<\/li>\n<li data-start=\"1133\" data-end=\"1156\"><strong data-start=\"1135\" data-end=\"1149\">Peso lordo<\/strong>: 75 kg<\/li>\n<\/ul>\n","protected":false},"excerpt":{"rendered":"<h4 data-start=\"1158\" data-end=\"1178\"><strong data-start=\"1163\" data-end=\"1178\">Descrizione<\/strong><\/h4>\n<p data-start=\"1179\" data-end=\"2082\">Il <strong data-start=\"1182\" data-end=\"1203\">Bosch RDNE455E30Z<\/strong> \u00e8 un frigorifero da incasso di alta qualit\u00e0, progettato per integrarsi perfettamente nella tua cucina. Con una capacit\u00e0 totale di 450 litri, offre ampio spazio per conservare i tuoi alimenti. Il sistema No Frost garantisce una distribuzione uniforme della temperatura, evitando la formazione di brina e riducendo la necessit\u00e0 di sbrinamento manuale. Le funzioni SuperFreezing e SuperCooling permettono di abbassare rapidamente la temperatura per conservare al meglio gli alimenti appena introdotti. L&#8217;illuminazione interna a LED assicura una visibilit\u00e0 ottimale, mentre il display elettronico consente un controllo preciso delle impostazioni. Le porte reversibili offrono flessibilit\u00e0 nell&#8217;installazione, adattandosi alle esigenze del tuo spazio. Con un design elegante e funzionale, il Bosch RDNE455E30Z \u00e8 la scelta ideale per chi cerca un frigorifero affidabile e performante.<\/p>\n","protected":false},"featured_media":12669,"comment_status":"open","ping_status":"closed","template":"","meta":[],"product_brand":[],"product_cat":[136,135,124],"product_tag":[],"class_list":{"0":"post-11268","1":"product","2":"type-product","3":"status-publish","4":"has-post-thumbnail","6":"product_cat-doppia-porta","7":"product_cat-frigoriferi","8":"product_cat-grandi-elettrodomestici","9":"product_shipping_class-grandi-elettrodomestici","11":"first","12":"instock","13":"sale","14":"shipping-taxable","15":"purchasable","16":"product-type-simple"},"_links":{"self":[{"href":"https:\/\/capaldoelettrodomestici.it\/index.php\/wp-json\/wp\/v2\/product\/11268","targetHints":{"allow":["GET"]}}],"collection":[{"href":"https:\/\/capaldoelettrodomestici.it\/index.php\/wp-json\/wp\/v2\/product"}],"about":[{"href":"https:\/\/capaldoelettrodomestici.it\/index.php\/wp-json\/wp\/v2\/types\/product"}],"replies":[{"embeddable":true,"href":"https:\/\/capaldoelettrodomestici.it\/index.php\/wp-json\/wp\/v2\/comments?post=11268"}],"version-history":[{"count":8,"href":"https:\/\/capaldoelettrodomestici.it\/index.php\/wp-json\/wp\/v2\/product\/11268\/revisions"}],"predecessor-version":[{"id":15277,"href":"https:\/\/capaldoelettrodomestici.it\/index.php\/wp-json\/wp\/v2\/product\/11268\/revisions\/15277"}],"wp:featuredmedia":[{"embeddable":true,"href":"https:\/\/capaldoelettrodomestici.it\/index.php\/wp-json\/wp\/v2\/media\/12669"}],"wp:attachment":[{"href":"https:\/\/capaldoelettrodomestici.it\/index.php\/wp-json\/wp\/v2\/media?parent=11268"}],"wp:term":[{"taxonomy":"product_brand","embeddable":true,"href":"https:\/\/capaldoelettrodomestici.it\/index.php\/wp-json\/wp\/v2\/product_brand?post=11268"},{"taxonomy":"product_cat","embeddable":true,"href":"https:\/\/capaldoelettrodomestici.it\/index.php\/wp-json\/wp\/v2\/product_cat?post=11268"},{"taxonomy":"product_tag","embeddable":true,"href":"https:\/\/capaldoelettrodomestici.it\/index.php\/wp-json\/wp\/v2\/product_tag?post=11268"}],"curies":[{"name":"wp","href":"https:\/\/api.w.org\/{rel}","templated":true}]}}