{"id":11226,"date":"2024-10-17T09:44:43","date_gmt":"2024-10-17T09:44:43","guid":{"rendered":"https:\/\/capaldoelettrodomestici.it\/?post_type=product&#038;p=11226"},"modified":"2025-11-04T16:37:19","modified_gmt":"2025-11-04T16:37:19","slug":"electrolux-lavostoviglie-da-incasso-13-coperti-ees47320l","status":"publish","type":"product","link":"https:\/\/capaldoelettrodomestici.it\/index.php\/prodotto\/electrolux-lavostoviglie-da-incasso-13-coperti-ees47320l\/","title":{"rendered":"Lavastoviglie ELECTROLUX da Incasso EES47320L \u2013 13 Coperti Tecnologia AirDry, Classe E"},"content":{"rendered":"<h3 data-start=\"153\" data-end=\"223\"><strong data-start=\"157\" data-end=\"223\">Lavastoviglie da Incasso Electrolux EES47320L &#8211; Scheda tecnica<\/strong><\/h3>\n<p data-start=\"225\" data-end=\"242\"><strong data-start=\"225\" data-end=\"242\">Dati tecnici:<\/strong><\/p>\n<ul data-start=\"243\" data-end=\"709\">\n<li data-start=\"243\" data-end=\"291\"><strong data-start=\"245\" data-end=\"266\">Tipo di prodotto:<\/strong> Lavastoviglie da incasso<\/li>\n<li data-start=\"292\" data-end=\"334\"><strong data-start=\"294\" data-end=\"330\">Classe di efficienza energetica:<\/strong> A++<\/li>\n<li data-start=\"335\" data-end=\"362\"><strong data-start=\"337\" data-end=\"359\">Numero di coperti:<\/strong> 13<\/li>\n<li data-start=\"363\" data-end=\"397\"><strong data-start=\"365\" data-end=\"380\">Tecnologia:<\/strong> Inverter, AirDry<\/li>\n<li data-start=\"398\" data-end=\"421\"><strong data-start=\"400\" data-end=\"415\">Rumorosit\u00e0:<\/strong> 44 dB<\/li>\n<li data-start=\"422\" data-end=\"461\"><strong data-start=\"424\" data-end=\"453\">Consumo energetico annuo:<\/strong> 262 kWh<\/li>\n<li data-start=\"462\" data-end=\"498\"><strong data-start=\"464\" data-end=\"491\">Consumo di acqua annuo:<\/strong> 2800 L<\/li>\n<li data-start=\"499\" data-end=\"578\"><strong data-start=\"501\" data-end=\"526\">Programmi principali:<\/strong> Eco, Intensivo, Normale, Rapido 30 min, Prelavaggio<\/li>\n<li data-start=\"579\" data-end=\"607\"><strong data-start=\"581\" data-end=\"595\">Controllo:<\/strong> Display LED<\/li>\n<li data-start=\"608\" data-end=\"678\"><strong data-start=\"610\" data-end=\"635\">Sistema di sicurezza:<\/strong> Blocco bambini, Protezione antiallagamento<\/li>\n<li data-start=\"679\" data-end=\"709\"><strong data-start=\"681\" data-end=\"700\">Tipo di carico:<\/strong> Frontale<\/li>\n<\/ul>\n<hr data-start=\"711\" data-end=\"714\" \/>\n<p data-start=\"716\" data-end=\"747\"><strong data-start=\"716\" data-end=\"747\">Funzioni e caratteristiche:<\/strong><\/p>\n<ul data-start=\"748\" data-end=\"1074\">\n<li data-start=\"748\" data-end=\"801\"><strong data-start=\"750\" data-end=\"770\">Funzione AirDry:<\/strong> S\u00ec, per asciugatura a naturale<\/li>\n<li data-start=\"802\" data-end=\"858\"><strong data-start=\"804\" data-end=\"825\">Programma rapido:<\/strong> 30 minuti per una pulizia veloce<\/li>\n<li data-start=\"859\" data-end=\"902\"><strong data-start=\"861\" data-end=\"878\">Mezzo carico:<\/strong> S\u00ec, per carichi ridotti<\/li>\n<li data-start=\"903\" data-end=\"942\"><strong data-start=\"905\" data-end=\"928\">Partenza ritardata:<\/strong> Fino a 24 ore<\/li>\n<li data-start=\"943\" data-end=\"1010\"><strong data-start=\"945\" data-end=\"968\">Piedini regolabili:<\/strong> S\u00ec, per un facile adattamento all&#8217;incasso<\/li>\n<li data-start=\"1011\" data-end=\"1074\"><strong data-start=\"1013\" data-end=\"1037\">Tecnologia Inverter:<\/strong> Per un risparmio energetico ottimale<\/li>\n<\/ul>\n<hr data-start=\"1076\" data-end=\"1079\" \/>\n<p data-start=\"1081\" data-end=\"1103\"><strong data-start=\"1081\" data-end=\"1103\">Dimensioni e peso:<\/strong><\/p>\n<ul data-start=\"1104\" data-end=\"1193\">\n<li data-start=\"1104\" data-end=\"1128\"><strong data-start=\"1106\" data-end=\"1120\">Larghezza:<\/strong> 59.6 cm<\/li>\n<li data-start=\"1129\" data-end=\"1151\"><strong data-start=\"1131\" data-end=\"1143\">Altezza:<\/strong> 81.8 cm<\/li>\n<li data-start=\"1152\" data-end=\"1175\"><strong data-start=\"1154\" data-end=\"1169\">Profondit\u00e0:<\/strong> 55 cm<\/li>\n<li data-start=\"1176\" data-end=\"1193\"><strong data-start=\"1178\" data-end=\"1187\">Peso:<\/strong> 37 kg<\/li>\n<\/ul>\n","protected":false},"excerpt":{"rendered":"<article class=\"w-full text-token-text-primary focus-visible:outline-2 focus-visible:outline-offset-[-4px]\" dir=\"auto\" data-testid=\"conversation-turn-33\" data-scroll-anchor=\"true\">\n<div class=\"m-auto text-base py-[18px] px-6\">\n<div class=\"mx-auto flex flex-1 text-base gap-4 md:gap-5 lg:gap-6 md:max-w-3xl\">\n<div class=\"group\/conversation-turn relative flex w-full min-w-0 flex-col agent-turn @xs\/thread:px-0 @sm\/thread:px-1.5 @md\/thread:px-4\">\n<div class=\"flex-col gap-1 md:gap-3\">\n<div class=\"flex max-w-full flex-col flex-grow\">\n<div class=\"min-h-8 text-message relative flex w-full flex-col items-end gap-2 whitespace-normal break-words text-start [.text-message+&amp;]:mt-5\" dir=\"auto\" data-message-author-role=\"assistant\" data-message-id=\"06fe8325-287a-4374-afd7-b6d8719beba4\" data-message-model-slug=\"gpt-4o-mini\">\n<div class=\"flex w-full flex-col gap-1 empty:hidden first:pt-[3px]\">\n<div class=\"markdown prose w-full break-words dark:prose-invert light\">\n<p data-start=\"1200\" data-end=\"1777\"><strong data-start=\"1200\" data-end=\"1216\">Descrizione:<\/strong> La <strong data-start=\"1220\" data-end=\"1269\">Lavastoviglie da Incasso Electrolux EES47320L<\/strong> \u00e8 la soluzione ideale per famiglie che cercano prestazioni elevate e un risparmio energetico ottimale. Con una capacit\u00e0 di 13 coperti, questa lavastoviglie offre una variet\u00e0 di programmi tra cui Eco, Intensivo e un rapido ciclo di 30 minuti. La tecnologia <strong data-start=\"1526\" data-end=\"1536\">AirDry<\/strong> garantisce una perfetta asciugatura naturale senza l&#8217;uso di energia aggiuntiva. Il sistema <strong data-start=\"1628\" data-end=\"1640\">Inverter<\/strong> riduce il consumo energetico e migliora l\u2019efficienza. Inoltre, il design da incasso permette di adattarsi perfettamente alla tua cucina.<\/p>\n<hr data-start=\"1779\" data-end=\"1782\" \/>\n<\/div>\n<\/div>\n<\/div>\n<\/div>\n<div class=\"mt-3 w-full empty:hidden\">\n<div class=\"text-center\"><\/div>\n<\/div>\n<\/div>\n<div class=\"absolute\">\n<div class=\"flex items-center justify-center\"><\/div>\n<\/div>\n<\/div>\n<\/div>\n<\/div>\n<\/article>\n<div class=\"pointer-events-none h-px w-px\" aria-hidden=\"true\" data-edge=\"true\"><\/div>\n","protected":false},"featured_media":11227,"comment_status":"open","ping_status":"closed","template":"","meta":[],"product_brand":[],"product_cat":[140,152],"product_tag":[658,703,664,719,696,725,728,726,657,242,706,698,705,727],"class_list":{"0":"post-11226","1":"product","2":"type-product","3":"status-publish","4":"has-post-thumbnail","6":"product_cat-elettrodomestici-da-incasso","7":"product_cat-lavastoviglie-elettrodomestici-da-incasso","8":"product_tag-13-coperti","9":"product_tag-a","10":"product_tag-airdry","11":"product_tag-da-incasso","12":"product_tag-eco","13":"product_tag-ees47320l","14":"product_tag-intensivo","15":"product_tag-inverter","16":"product_tag-lavastoviglie","17":"product_tag-led","18":"product_tag-mezzo-carico","19":"product_tag-partenza-ritardata","20":"product_tag-programma-rapido","21":"product_tag-risparmio-energetico","22":"product_shipping_class-grandi-elettrodomestici","24":"first","25":"outofstock","26":"sale","27":"shipping-taxable","28":"purchasable","29":"product-type-simple"},"_links":{"self":[{"href":"https:\/\/capaldoelettrodomestici.it\/index.php\/wp-json\/wp\/v2\/product\/11226","targetHints":{"allow":["GET"]}}],"collection":[{"href":"https:\/\/capaldoelettrodomestici.it\/index.php\/wp-json\/wp\/v2\/product"}],"about":[{"href":"https:\/\/capaldoelettrodomestici.it\/index.php\/wp-json\/wp\/v2\/types\/product"}],"replies":[{"embeddable":true,"href":"https:\/\/capaldoelettrodomestici.it\/index.php\/wp-json\/wp\/v2\/comments?post=11226"}],"version-history":[{"count":6,"href":"https:\/\/capaldoelettrodomestici.it\/index.php\/wp-json\/wp\/v2\/product\/11226\/revisions"}],"predecessor-version":[{"id":15062,"href":"https:\/\/capaldoelettrodomestici.it\/index.php\/wp-json\/wp\/v2\/product\/11226\/revisions\/15062"}],"wp:featuredmedia":[{"embeddable":true,"href":"https:\/\/capaldoelettrodomestici.it\/index.php\/wp-json\/wp\/v2\/media\/11227"}],"wp:attachment":[{"href":"https:\/\/capaldoelettrodomestici.it\/index.php\/wp-json\/wp\/v2\/media?parent=11226"}],"wp:term":[{"taxonomy":"product_brand","embeddable":true,"href":"https:\/\/capaldoelettrodomestici.it\/index.php\/wp-json\/wp\/v2\/product_brand?post=11226"},{"taxonomy":"product_cat","embeddable":true,"href":"https:\/\/capaldoelettrodomestici.it\/index.php\/wp-json\/wp\/v2\/product_cat?post=11226"},{"taxonomy":"product_tag","embeddable":true,"href":"https:\/\/capaldoelettrodomestici.it\/index.php\/wp-json\/wp\/v2\/product_tag?post=11226"}],"curies":[{"name":"wp","href":"https:\/\/api.w.org\/{rel}","templated":true}]}}