{"id":11211,"date":"2024-10-17T09:02:43","date_gmt":"2024-10-17T09:02:43","guid":{"rendered":"https:\/\/capaldoelettrodomestici.it\/?post_type=product&#038;p=11211"},"modified":"2025-11-04T16:48:28","modified_gmt":"2025-11-04T16:48:28","slug":"electrolux-lavastoviglie-da-incasso-13-programmi","status":"publish","type":"product","link":"https:\/\/capaldoelettrodomestici.it\/index.php\/prodotto\/electrolux-lavastoviglie-da-incasso-13-programmi\/","title":{"rendered":"Lavastoviglie ELECTROLUX da Incasso KEAF7200L 13 Coperti \u2013 Tecnologia AirDry, Classe E"},"content":{"rendered":"<h3 data-start=\"96\" data-end=\"166\"><strong data-start=\"100\" data-end=\"166\">Lavastoviglie da Incasso Electrolux KEAF7200L &#8211; Scheda tecnica<\/strong><\/h3>\n<p data-start=\"168\" data-end=\"185\"><strong data-start=\"168\" data-end=\"185\">Dati tecnici:<\/strong><\/p>\n<ul data-start=\"186\" data-end=\"652\">\n<li data-start=\"186\" data-end=\"234\"><strong data-start=\"188\" data-end=\"209\">Tipo di prodotto:<\/strong> Lavastoviglie da incasso<\/li>\n<li data-start=\"235\" data-end=\"277\"><strong data-start=\"237\" data-end=\"273\">Classe di efficienza energetica:<\/strong> A++<\/li>\n<li data-start=\"278\" data-end=\"305\"><strong data-start=\"280\" data-end=\"302\">Numero di coperti:<\/strong> 13<\/li>\n<li data-start=\"306\" data-end=\"340\"><strong data-start=\"308\" data-end=\"323\">Tecnologia:<\/strong> Inverter, AirDry<\/li>\n<li data-start=\"341\" data-end=\"364\"><strong data-start=\"343\" data-end=\"358\">Rumorosit\u00e0:<\/strong> 44 dB<\/li>\n<li data-start=\"365\" data-end=\"404\"><strong data-start=\"367\" data-end=\"396\">Consumo energetico annuo:<\/strong> 262 kWh<\/li>\n<li data-start=\"405\" data-end=\"441\"><strong data-start=\"407\" data-end=\"434\">Consumo di acqua annuo:<\/strong> 2800 L<\/li>\n<li data-start=\"442\" data-end=\"521\"><strong data-start=\"444\" data-end=\"469\">Programmi principali:<\/strong> Eco, Intensivo, Normale, Rapido 30 min, Prelavaggio<\/li>\n<li data-start=\"522\" data-end=\"550\"><strong data-start=\"524\" data-end=\"538\">Controllo:<\/strong> Display LED<\/li>\n<li data-start=\"551\" data-end=\"621\"><strong data-start=\"553\" data-end=\"578\">Sistema di sicurezza:<\/strong> Blocco bambini, Protezione antiallagamento<\/li>\n<li data-start=\"622\" data-end=\"652\"><strong data-start=\"624\" data-end=\"643\">Tipo di carico:<\/strong> Frontale<\/li>\n<\/ul>\n<hr data-start=\"654\" data-end=\"657\" \/>\n<p data-start=\"659\" data-end=\"690\"><strong data-start=\"659\" data-end=\"690\">Funzioni e caratteristiche:<\/strong><\/p>\n<ul data-start=\"691\" data-end=\"1015\">\n<li data-start=\"691\" data-end=\"742\"><strong data-start=\"693\" data-end=\"713\">Funzione AirDry:<\/strong> S\u00ec, per asciugatura naturale<\/li>\n<li data-start=\"743\" data-end=\"799\"><strong data-start=\"745\" data-end=\"766\">Programma rapido:<\/strong> 30 minuti per una pulizia veloce<\/li>\n<li data-start=\"800\" data-end=\"843\"><strong data-start=\"802\" data-end=\"819\">Mezzo carico:<\/strong> S\u00ec, per carichi ridotti<\/li>\n<li data-start=\"844\" data-end=\"883\"><strong data-start=\"846\" data-end=\"869\">Partenza ritardata:<\/strong> Fino a 24 ore<\/li>\n<li data-start=\"884\" data-end=\"951\"><strong data-start=\"886\" data-end=\"909\">Piedini regolabili:<\/strong> S\u00ec, per un facile adattamento all&#8217;incasso<\/li>\n<li data-start=\"952\" data-end=\"1015\"><strong data-start=\"954\" data-end=\"978\">Tecnologia Inverter:<\/strong> Per un risparmio energetico ottimale<\/li>\n<\/ul>\n<hr data-start=\"1017\" data-end=\"1020\" \/>\n<p data-start=\"1022\" data-end=\"1044\"><strong data-start=\"1022\" data-end=\"1044\">Dimensioni e peso:<\/strong><\/p>\n<ul data-start=\"1045\" data-end=\"1134\">\n<li data-start=\"1045\" data-end=\"1069\"><strong data-start=\"1047\" data-end=\"1061\">Larghezza:<\/strong> 59.6 cm<\/li>\n<li data-start=\"1070\" data-end=\"1092\"><strong data-start=\"1072\" data-end=\"1084\">Altezza:<\/strong> 81.8 cm<\/li>\n<li data-start=\"1093\" data-end=\"1116\"><strong data-start=\"1095\" data-end=\"1110\">Profondit\u00e0:<\/strong> 55 cm<\/li>\n<li data-start=\"1117\" data-end=\"1134\"><strong data-start=\"1119\" data-end=\"1128\">Peso:<\/strong> 37 kg<\/li>\n<\/ul>\n","protected":false},"excerpt":{"rendered":"<p><strong data-start=\"1141\" data-end=\"1157\">Descrizione:<\/strong> La <strong data-start=\"1161\" data-end=\"1210\">Lavastoviglie da Incasso Electrolux KEAF7200L<\/strong> \u00e8 una scelta ideale per chi cerca un elettrodomestico potente ed efficiente. Con una capacit\u00e0 di 13 coperti, \u00e8 perfetta per famiglie e piccoli gruppi. Grazie alla tecnologia <strong data-start=\"1385\" data-end=\"1395\">AirDry<\/strong>, asciuga i piatti in modo naturale senza consumare energia aggiuntiva. I vari programmi di lavaggio, tra cui il <strong data-start=\"1508\" data-end=\"1525\">Rapido 30 min<\/strong>, offrono flessibilit\u00e0 per ogni tipo di necessit\u00e0. Inoltre, la <strong data-start=\"1588\" data-end=\"1611\">tecnologia Inverter<\/strong> assicura un risparmio energetico ottimale, mentre il sistema di <strong data-start=\"1676\" data-end=\"1689\">sicurezza<\/strong> con blocco bambini e protezione contro le perdite d&#8217;acqua garantisce un utilizzo sicuro. Il design da incasso la rende facilmente integrabile nella tua cucina.<\/p>\n","protected":false},"featured_media":12857,"comment_status":"open","ping_status":"closed","template":"","meta":[],"product_brand":[],"product_cat":[140,152],"product_tag":[658,703,664,719,696,728,726,729,657,242,706,698,705,727],"class_list":{"0":"post-11211","1":"product","2":"type-product","3":"status-publish","4":"has-post-thumbnail","6":"product_cat-elettrodomestici-da-incasso","7":"product_cat-lavastoviglie-elettrodomestici-da-incasso","8":"product_tag-13-coperti","9":"product_tag-a","10":"product_tag-airdry","11":"product_tag-da-incasso","12":"product_tag-eco","13":"product_tag-intensivo","14":"product_tag-inverter","15":"product_tag-keaf7200l","16":"product_tag-lavastoviglie","17":"product_tag-led","18":"product_tag-mezzo-carico","19":"product_tag-partenza-ritardata","20":"product_tag-programma-rapido","21":"product_tag-risparmio-energetico","22":"product_shipping_class-grandi-elettrodomestici","24":"first","25":"outofstock","26":"sale","27":"shipping-taxable","28":"purchasable","29":"product-type-simple"},"_links":{"self":[{"href":"https:\/\/capaldoelettrodomestici.it\/index.php\/wp-json\/wp\/v2\/product\/11211","targetHints":{"allow":["GET"]}}],"collection":[{"href":"https:\/\/capaldoelettrodomestici.it\/index.php\/wp-json\/wp\/v2\/product"}],"about":[{"href":"https:\/\/capaldoelettrodomestici.it\/index.php\/wp-json\/wp\/v2\/types\/product"}],"replies":[{"embeddable":true,"href":"https:\/\/capaldoelettrodomestici.it\/index.php\/wp-json\/wp\/v2\/comments?post=11211"}],"version-history":[{"count":7,"href":"https:\/\/capaldoelettrodomestici.it\/index.php\/wp-json\/wp\/v2\/product\/11211\/revisions"}],"predecessor-version":[{"id":15061,"href":"https:\/\/capaldoelettrodomestici.it\/index.php\/wp-json\/wp\/v2\/product\/11211\/revisions\/15061"}],"wp:featuredmedia":[{"embeddable":true,"href":"https:\/\/capaldoelettrodomestici.it\/index.php\/wp-json\/wp\/v2\/media\/12857"}],"wp:attachment":[{"href":"https:\/\/capaldoelettrodomestici.it\/index.php\/wp-json\/wp\/v2\/media?parent=11211"}],"wp:term":[{"taxonomy":"product_brand","embeddable":true,"href":"https:\/\/capaldoelettrodomestici.it\/index.php\/wp-json\/wp\/v2\/product_brand?post=11211"},{"taxonomy":"product_cat","embeddable":true,"href":"https:\/\/capaldoelettrodomestici.it\/index.php\/wp-json\/wp\/v2\/product_cat?post=11211"},{"taxonomy":"product_tag","embeddable":true,"href":"https:\/\/capaldoelettrodomestici.it\/index.php\/wp-json\/wp\/v2\/product_tag?post=11211"}],"curies":[{"name":"wp","href":"https:\/\/api.w.org\/{rel}","templated":true}]}}