{"id":11193,"date":"2024-10-16T15:54:28","date_gmt":"2024-10-16T15:54:28","guid":{"rendered":"https:\/\/capaldoelettrodomestici.it\/?post_type=product&#038;p=11193"},"modified":"2025-11-04T16:57:04","modified_gmt":"2025-11-04T16:57:04","slug":"indesit-forno-da-incasso-ifw6530bl","status":"publish","type":"product","link":"https:\/\/capaldoelettrodomestici.it\/index.php\/prodotto\/indesit-forno-da-incasso-ifw6530bl\/","title":{"rendered":"Forno da Incasso INDESIT IFW6530BL \u2013 Colore Nero, Classe A"},"content":{"rendered":"<p>MODELLO: IFW6530BL<\/p>\n<p>EAN: 8050147028902<\/p>\n<p>FORNO DA INCASSO COLORE NERO<\/p>\n<p>CLASSE ENERGETICA: A<\/p>\n<p><b>Click&amp;Clean<\/b><br \/>\nGrazie a Click&amp;Clean \u00e8 possibile estrarre la controporta in vetro del forno in due semplici gesti, cos\u00ec da poterla pulire con facilit\u00e0.<br \/>\n<b>Statico<\/b><br \/>\nIl programma Statico assicura una distribuzione ideale del calore all&#8217;interno della cavit\u00e0 del forno, consentendoti di preparare piatti straordinari.<br \/>\n<b>Grill<\/b><br \/>\nLa funzione Grill \u00e8 perfetta per grigliare carne e pesce, oppure per tostare facendoti risparmiare tempo.<br \/>\n<b>Gratin<\/b><br \/>\nIl programma Gratin combina la rapidit\u00e0 del grill con l&#8217;efficienza del programma Ventilato, per una gratinatura<br \/>\n<b>Tilting Grill<\/b><br \/>\nIl design dell&#8217;innovativo del grill ti permette di sganciarlo e reclinarlo per dare accesso ad una pulizia agevolata della parete superiore della cavit\u00e0.<br \/>\n<b>Nuova illuminazione<\/b><br \/>\nUna lampada interna pi\u00f9 grande e pi\u00f9 luminosit\u00e0, per vedere perfettamente le tue pietanze in cottura.<br \/>\n<b>Nuove griglie<\/b><br \/>\nLe nuove griglie Indesit ospitano piatti di ogni dimensione, perfette pe rle tue ricette.<\/p>\n","protected":false},"excerpt":{"rendered":"<p>MODELLO: IFW6530BL EAN: 8050147028902 FORNO DA INCASSO COLORE NERO CLASSE ENERGETICA: A Click&amp;Clean Grazie a Click&amp;Clean \u00e8 possibile estrarre la<\/p>\n","protected":false},"featured_media":11194,"comment_status":"open","ping_status":"closed","template":"","meta":[],"product_brand":[],"product_cat":[140,149],"product_tag":[],"class_list":{"0":"post-11193","1":"product","2":"type-product","3":"status-publish","4":"has-post-thumbnail","6":"product_cat-elettrodomestici-da-incasso","7":"product_cat-forni","8":"product_shipping_class-grandi-elettrodomestici","10":"first","11":"outofstock","12":"sale","13":"shipping-taxable","14":"purchasable","15":"product-type-simple"},"_links":{"self":[{"href":"https:\/\/capaldoelettrodomestici.it\/index.php\/wp-json\/wp\/v2\/product\/11193","targetHints":{"allow":["GET"]}}],"collection":[{"href":"https:\/\/capaldoelettrodomestici.it\/index.php\/wp-json\/wp\/v2\/product"}],"about":[{"href":"https:\/\/capaldoelettrodomestici.it\/index.php\/wp-json\/wp\/v2\/types\/product"}],"replies":[{"embeddable":true,"href":"https:\/\/capaldoelettrodomestici.it\/index.php\/wp-json\/wp\/v2\/comments?post=11193"}],"version-history":[{"count":4,"href":"https:\/\/capaldoelettrodomestici.it\/index.php\/wp-json\/wp\/v2\/product\/11193\/revisions"}],"predecessor-version":[{"id":15280,"href":"https:\/\/capaldoelettrodomestici.it\/index.php\/wp-json\/wp\/v2\/product\/11193\/revisions\/15280"}],"wp:featuredmedia":[{"embeddable":true,"href":"https:\/\/capaldoelettrodomestici.it\/index.php\/wp-json\/wp\/v2\/media\/11194"}],"wp:attachment":[{"href":"https:\/\/capaldoelettrodomestici.it\/index.php\/wp-json\/wp\/v2\/media?parent=11193"}],"wp:term":[{"taxonomy":"product_brand","embeddable":true,"href":"https:\/\/capaldoelettrodomestici.it\/index.php\/wp-json\/wp\/v2\/product_brand?post=11193"},{"taxonomy":"product_cat","embeddable":true,"href":"https:\/\/capaldoelettrodomestici.it\/index.php\/wp-json\/wp\/v2\/product_cat?post=11193"},{"taxonomy":"product_tag","embeddable":true,"href":"https:\/\/capaldoelettrodomestici.it\/index.php\/wp-json\/wp\/v2\/product_tag?post=11193"}],"curies":[{"name":"wp","href":"https:\/\/api.w.org\/{rel}","templated":true}]}}