{"id":10790,"date":"2024-10-08T07:54:44","date_gmt":"2024-10-08T07:54:44","guid":{"rendered":"https:\/\/capaldoelettrodomestici.it\/?post_type=product&#038;p=10790"},"modified":"2025-11-05T11:25:27","modified_gmt":"2025-11-05T11:25:27","slug":"samsung-malibu-ar30-ar12txhqbwkneu-ar12txhqbwkxeu-malibu-climatizzatore-split-system-bianco","status":"publish","type":"product","link":"https:\/\/capaldoelettrodomestici.it\/index.php\/prodotto\/samsung-malibu-ar30-ar12txhqbwkneu-ar12txhqbwkxeu-malibu-climatizzatore-split-system-bianco\/","title":{"rendered":"Climatizzatore Split System Samsung Malibu (AR30) AR12TXHQBWKNEU + AR12TXHQBWKXEU \u2013 Colore Bianco"},"content":{"rendered":"<div class=\"product-tabs tabs\">\n<div id=\"tab-content\" class=\"tab-content\">\n<div id=\"description\" class=\"tab-pane fade in active\" role=\"tabpanel\">\n<div class=\"product-description\">\n<p align=\"justify\">Raffresca pi\u00f9 velocemente<\/p>\n<p align=\"justify\">Raffreddamento rapido Rinfresca un\u2019intera stanza in modo rapido ed efficace. La modalit\u00e0 Raffreddamento rapido (Fast Cooling) imposta al massimo la velocit\u00e0 della ventola, per poi rallentare. In questo modo, rinfresca o riscalda molto pi\u00f9 rapidamente rispetto alla modalit\u00e0 normale e ti offre la temperatura desiderata nel minor tempo possibile. \u00c8 l\u2019ideale per un sollievo immediato quando fuori fa molto caldo. Aria pi\u00f9 pura\u00a0 Filtro HD Regalati un\u2019aria sempre pulita e fresca. Il filtro HD garantisce massima efficacia nel catturare polvere, contaminanti e allergeni presenti nell\u2019aria: dai pollini alle spore di muffe, fino alla forfora degli animali domestici. In pi\u00f9 \u00e8 lavabile, cos\u00ec per averlo sempre pulito e pronto all&#8217;uso basta immergerlo in acqua. Il tuo meritato riposo Good Sleep. Finalmente un sonno davvero ristoratore, ogni notte! La modalit\u00e0 Good Sleep controlla e regola automaticamente la temperatura per offrire a ogni fase del ciclo del sonno le condizioni ideali. In questo modo, riposi meglio e ti svegli col pieno di energia. Senza dimenticare che i consumi di energia sono inferiori a quelli del raffreddamento normale. Raffredda ogni angolo. Oscillazione automatica a 2 vie. Crea un ambiente confortevole con una temperatura costante in tutti i punti della stanza. L\u2019oscillazione automatica a 2 vie controlla la direzione del flusso d\u2019aria distribuendolo ovunque in modo rapido e uniforme. Fresca o calda che sia, l\u2019aria si diffonde ovunque nella stanza e arriva pi\u00f9 lontano, per il massimo del comfort. Raffrescamento a lungo. DuraFin+ Gusta un raffrescamento confortevole per molto pi\u00f9 tempo. Con le sue doti anti-corrosione, il DuraFin+ protegge il condensatore dalla ruggine contribuendo a mantenere le prestazioni ottimali dello scambiatore di calore. L\u2019eccellente resistenza alla corrosione di questo materiale \u00e8 stata dimostrata mediante un test con nebbia salina (SST) della durata di 480 ore.<\/p>\n<p align=\"justify\">Livello della potenza audio dell&#8217;unit\u00e0 esterna 65 \u00a0 dB<\/p>\n<div class=\"specifications__techs techs\">\n<div class=\"specifications__head\"><span class=\"tech\">Unit\u00e0 interna<\/span><\/div>\n<div class=\"specifications__item\"><span class=\"specifications__label tech\">Installazione<\/span><span class=\"specifications__detail tech\">Montabile a parete \u00a0<\/span><\/div>\n<div class=\"specifications__item\"><span class=\"specifications__label tech\">Numero di installazioni interne<\/span><span class=\"specifications__detail tech\">1 \u00a0<\/span><\/div>\n<div class=\"specifications__item\"><span class=\"specifications__label tech\">Larghezza unit\u00e0 interna<\/span><span class=\"specifications__detail tech\">805 \u00a0 mm<\/span><\/div>\n<div class=\"specifications__item\"><span class=\"specifications__label tech\">Profondit\u00e0 unit\u00e0 interna<\/span><span class=\"specifications__detail tech\">194 \u00a0 mm<\/span><\/div>\n<div class=\"specifications__item\"><span class=\"specifications__label tech\">Larghezza dell&#8217;imballaggio dell&#8217;unit\u00e0 interna<\/span><span class=\"specifications__detail tech\">880 \u00a0 mm<\/span><\/div>\n<div class=\"specifications__item\"><span class=\"specifications__label tech\">Altezza unit\u00e0 interna<\/span><span class=\"specifications__detail tech\">285 \u00a0 mm<\/span><\/div>\n<div class=\"specifications__item\"><span class=\"specifications__label tech\">Profondit\u00e0 dell&#8217;imballaggio dell&#8217;unit\u00e0 interna<\/span><span class=\"specifications__detail tech\">285 \u00a0 mm<\/span><\/div>\n<div class=\"specifications__item\"><span class=\"specifications__label tech\">Altezza dell&#8217;imballaggio dell&#8217;unit\u00e0 interna<\/span><span class=\"specifications__detail tech\">360 \u00a0 mm<\/span><\/div>\n<div class=\"specifications__item\"><span class=\"specifications__label tech\">Livello di potenza del suono dell&#8217;unit\u00e0 interna<\/span><span class=\"specifications__detail tech\">55 \u00a0 dB<\/span><\/div>\n<\/div>\n<\/div>\n<\/div>\n<\/div>\n<\/div>\n","protected":false},"excerpt":{"rendered":"<p>Raffresca pi\u00f9 velocemente Raffreddamento rapido Rinfresca un\u2019intera stanza in modo rapido ed efficace. La modalit\u00e0 Raffreddamento rapido (Fast Cooling) imposta<\/p>\n","protected":false},"featured_media":10722,"comment_status":"open","ping_status":"closed","template":"","meta":[],"product_brand":[],"product_cat":[162,124],"product_tag":[],"class_list":{"0":"post-10790","1":"product","2":"type-product","3":"status-publish","4":"has-post-thumbnail","6":"product_cat-clima","7":"product_cat-grandi-elettrodomestici","8":"product_shipping_class-grandi-elettrodomestici","10":"first","11":"outofstock","12":"sale","13":"shipping-taxable","14":"purchasable","15":"product-type-simple"},"_links":{"self":[{"href":"https:\/\/capaldoelettrodomestici.it\/index.php\/wp-json\/wp\/v2\/product\/10790","targetHints":{"allow":["GET"]}}],"collection":[{"href":"https:\/\/capaldoelettrodomestici.it\/index.php\/wp-json\/wp\/v2\/product"}],"about":[{"href":"https:\/\/capaldoelettrodomestici.it\/index.php\/wp-json\/wp\/v2\/types\/product"}],"replies":[{"embeddable":true,"href":"https:\/\/capaldoelettrodomestici.it\/index.php\/wp-json\/wp\/v2\/comments?post=10790"}],"version-history":[{"count":3,"href":"https:\/\/capaldoelettrodomestici.it\/index.php\/wp-json\/wp\/v2\/product\/10790\/revisions"}],"predecessor-version":[{"id":13715,"href":"https:\/\/capaldoelettrodomestici.it\/index.php\/wp-json\/wp\/v2\/product\/10790\/revisions\/13715"}],"wp:featuredmedia":[{"embeddable":true,"href":"https:\/\/capaldoelettrodomestici.it\/index.php\/wp-json\/wp\/v2\/media\/10722"}],"wp:attachment":[{"href":"https:\/\/capaldoelettrodomestici.it\/index.php\/wp-json\/wp\/v2\/media?parent=10790"}],"wp:term":[{"taxonomy":"product_brand","embeddable":true,"href":"https:\/\/capaldoelettrodomestici.it\/index.php\/wp-json\/wp\/v2\/product_brand?post=10790"},{"taxonomy":"product_cat","embeddable":true,"href":"https:\/\/capaldoelettrodomestici.it\/index.php\/wp-json\/wp\/v2\/product_cat?post=10790"},{"taxonomy":"product_tag","embeddable":true,"href":"https:\/\/capaldoelettrodomestici.it\/index.php\/wp-json\/wp\/v2\/product_tag?post=10790"}],"curies":[{"name":"wp","href":"https:\/\/api.w.org\/{rel}","templated":true}]}}