{"id":10786,"date":"2024-10-08T07:52:31","date_gmt":"2024-10-08T07:52:31","guid":{"rendered":"https:\/\/capaldoelettrodomestici.it\/?post_type=product&#038;p=10786"},"modified":"2025-11-05T10:15:39","modified_gmt":"2025-11-05T10:15:39","slug":"vaporella-2h-professional-permette-sessioni-di-stiratura-fino-a-2-ore-senza-interruzioni-un-classico-intramontabile-e-un-ferro-da-stiro-a-vapore-con-caldaia-e-tappo-di-sicurezza-dotato-di","status":"publish","type":"product","link":"https:\/\/capaldoelettrodomestici.it\/index.php\/prodotto\/vaporella-2h-professional-permette-sessioni-di-stiratura-fino-a-2-ore-senza-interruzioni-un-classico-intramontabile-e-un-ferro-da-stiro-a-vapore-con-caldaia-e-tappo-di-sicurezza-dotato-di\/","title":{"rendered":"VAPORELLA POLTI Ferro da Stiro a Vapore con Caldaia 2H Professional , Stiratura Continua Fino a 2 Ore"},"content":{"rendered":"<div class=\"product-tabs tabs\">\n<div id=\"tab-content\" class=\"tab-content\">\n<div id=\"description\" class=\"tab-pane fade in active\" role=\"tabpanel\">\n<div class=\"product-description\">\n<ul>\n<li>\n<h3 data-start=\"71\" data-end=\"110\"><strong data-start=\"75\" data-end=\"110\">Polti Vaporella 2H Professional<\/strong><\/h3>\n<h4 data-start=\"112\" data-end=\"133\"><strong data-start=\"117\" data-end=\"133\">Dati tecnici<\/strong><\/h4>\n<ul data-start=\"134\" data-end=\"644\">\n<li data-start=\"134\" data-end=\"158\"><strong data-start=\"136\" data-end=\"144\">EAN:<\/strong> 8007411000317<\/li>\n<li data-start=\"159\" data-end=\"211\"><strong data-start=\"161\" data-end=\"175\">Tipologia:<\/strong> Ferro da stiro a vapore con caldaia<\/li>\n<li data-start=\"212\" data-end=\"245\"><strong data-start=\"214\" data-end=\"235\">Capacit\u00e0 caldaia:<\/strong> 1,3 litri<\/li>\n<li data-start=\"246\" data-end=\"285\"><strong data-start=\"248\" data-end=\"272\">Autonomia di lavoro:<\/strong> Fino a 2 ore<\/li>\n<li data-start=\"286\" data-end=\"314\"><strong data-start=\"288\" data-end=\"307\">Potenza totale:<\/strong> 1750 W<\/li>\n<li data-start=\"315\" data-end=\"345\"><strong data-start=\"317\" data-end=\"339\">Pressione massima:<\/strong> 3 bar<\/li>\n<li data-start=\"346\" data-end=\"378\"><strong data-start=\"348\" data-end=\"369\">Emissione vapore:<\/strong> 80 g\/min<\/li>\n<li data-start=\"379\" data-end=\"439\"><strong data-start=\"381\" data-end=\"399\">Piastra ferro:<\/strong> Alluminio con fori concentrati in punta<\/li>\n<li data-start=\"440\" data-end=\"489\"><strong data-start=\"442\" data-end=\"458\">Impugnatura:<\/strong> Sughero isolante e traspirante<\/li>\n<li data-start=\"490\" data-end=\"557\"><strong data-start=\"492\" data-end=\"511\">Spie di avviso:<\/strong> Accensione, pronto vapore, accensione caldaia<\/li>\n<li data-start=\"558\" data-end=\"599\"><strong data-start=\"560\" data-end=\"583\">Dimensioni (LxPxA):<\/strong> 27 x 32 x 23 cm<\/li>\n<li data-start=\"600\" data-end=\"618\"><strong data-start=\"602\" data-end=\"611\">Peso:<\/strong> 6,6 kg<\/li>\n<li data-start=\"619\" data-end=\"644\"><strong data-start=\"621\" data-end=\"632\">Colore:<\/strong> Grigio\/Nero<\/li>\n<\/ul>\n<h4 data-start=\"646\" data-end=\"681\"><strong data-start=\"651\" data-end=\"681\">Funzioni e caratteristiche<\/strong><\/h4>\n<ul data-start=\"682\" data-end=\"1234\">\n<li data-start=\"682\" data-end=\"754\"><strong data-start=\"684\" data-end=\"703\">Design vintage:<\/strong> Richiama lo stile dei ferri da stiro tradizionali.<\/li>\n<li data-start=\"755\" data-end=\"858\"><strong data-start=\"757\" data-end=\"787\">Caldaia ad alta pressione:<\/strong> Genera vapore potente che penetra rapidamente nelle fibre dei tessuti.<\/li>\n<li data-start=\"859\" data-end=\"957\"><strong data-start=\"861\" data-end=\"884\">Tappo di sicurezza:<\/strong> Impedisce l&#8217;apertura accidentale della caldaia se c&#8217;\u00e8 pressione residua.<\/li>\n<li data-start=\"958\" data-end=\"1083\"><strong data-start=\"960\" data-end=\"986\">Piastra professionale:<\/strong> Realizzata in alluminio con fori concentrati in punta per una distribuzione ottimale del vapore.<\/li>\n<li data-start=\"1084\" data-end=\"1163\"><strong data-start=\"1086\" data-end=\"1113\">Impugnatura in sughero:<\/strong> Offre comfort e isolamento termico durante l&#8217;uso.<\/li>\n<li data-start=\"1164\" data-end=\"1234\"><strong data-start=\"1166\" data-end=\"1184\">Made in Italy:<\/strong> Assemblata in Italia con attenzione alla qualit\u00e0<\/li>\n<\/ul>\n<\/li>\n<\/ul>\n<\/div>\n<\/div>\n<\/div>\n<\/div>\n<section class=\"category-products block clearfix\"><\/section>\n","protected":false},"excerpt":{"rendered":"<h4 data-start=\"1236\" data-end=\"1256\"><strong data-start=\"1241\" data-end=\"1256\">Descrizione<\/strong><\/h4>\n<p data-start=\"1257\" data-end=\"1707\">La <strong data-start=\"1260\" data-end=\"1295\">Polti Vaporella 2H Professional<\/strong> \u00e8 un ferro da stiro a vapore con caldaia che combina un design vintage con prestazioni professionali. Grazie alla caldaia ad alta pressione e alla piastra in alluminio, offre una stiratura efficace e veloce. L&#8217;impugnatura in sughero garantisce comfort durante l&#8217;uso, mentre il tappo di sicurezza assicura operazioni in totale tranquillit\u00e0. Ideale per chi cerca qualit\u00e0 e affidabilit\u00e0 nella cura dei propri capi.<\/p>\n","protected":false},"featured_media":12966,"comment_status":"open","ping_status":"closed","template":"","meta":[],"product_brand":[],"product_cat":[160,153],"product_tag":[802,1106,1105,782,1103,254,1101,1104,1100,1102],"class_list":{"0":"post-10786","1":"product","2":"type-product","3":"status-publish","4":"has-post-thumbnail","6":"product_cat-ferro-a-caldaia","7":"product_cat-piccoli-elettrodomestici","8":"product_tag-caldaia","9":"product_tag-design-vintage","10":"product_tag-elettrodomestico","11":"product_tag-ferro-da-stiro","12":"product_tag-ferro-professionale","13":"product_tag-made-in-italy","14":"product_tag-polti","15":"product_tag-stiratura","16":"product_tag-vaporella","17":"product_tag-vaporella-2h","18":"product_shipping_class-piccoli-elettrodomestici","20":"first","21":"instock","22":"shipping-taxable","23":"purchasable","24":"product-type-simple"},"_links":{"self":[{"href":"https:\/\/capaldoelettrodomestici.it\/index.php\/wp-json\/wp\/v2\/product\/10786","targetHints":{"allow":["GET"]}}],"collection":[{"href":"https:\/\/capaldoelettrodomestici.it\/index.php\/wp-json\/wp\/v2\/product"}],"about":[{"href":"https:\/\/capaldoelettrodomestici.it\/index.php\/wp-json\/wp\/v2\/types\/product"}],"replies":[{"embeddable":true,"href":"https:\/\/capaldoelettrodomestici.it\/index.php\/wp-json\/wp\/v2\/comments?post=10786"}],"version-history":[{"count":6,"href":"https:\/\/capaldoelettrodomestici.it\/index.php\/wp-json\/wp\/v2\/product\/10786\/revisions"}],"predecessor-version":[{"id":15282,"href":"https:\/\/capaldoelettrodomestici.it\/index.php\/wp-json\/wp\/v2\/product\/10786\/revisions\/15282"}],"wp:featuredmedia":[{"embeddable":true,"href":"https:\/\/capaldoelettrodomestici.it\/index.php\/wp-json\/wp\/v2\/media\/12966"}],"wp:attachment":[{"href":"https:\/\/capaldoelettrodomestici.it\/index.php\/wp-json\/wp\/v2\/media?parent=10786"}],"wp:term":[{"taxonomy":"product_brand","embeddable":true,"href":"https:\/\/capaldoelettrodomestici.it\/index.php\/wp-json\/wp\/v2\/product_brand?post=10786"},{"taxonomy":"product_cat","embeddable":true,"href":"https:\/\/capaldoelettrodomestici.it\/index.php\/wp-json\/wp\/v2\/product_cat?post=10786"},{"taxonomy":"product_tag","embeddable":true,"href":"https:\/\/capaldoelettrodomestici.it\/index.php\/wp-json\/wp\/v2\/product_tag?post=10786"}],"curies":[{"name":"wp","href":"https:\/\/api.w.org\/{rel}","templated":true}]}}