{"id":10777,"date":"2024-10-07T10:15:44","date_gmt":"2024-10-07T10:15:44","guid":{"rendered":"https:\/\/capaldoelettrodomestici.it\/?post_type=product&#038;p=10777"},"modified":"2025-12-27T18:30:59","modified_gmt":"2025-12-27T18:30:59","slug":"kimbo-metal-macchina-a-cialde-45-cialde-omaggio","status":"publish","type":"product","link":"https:\/\/capaldoelettrodomestici.it\/index.php\/prodotto\/kimbo-metal-macchina-a-cialde-45-cialde-omaggio\/","title":{"rendered":"Macchina da caffe&#8217; Kimbo 901105 in metallo 710ml 15 bar 400W"},"content":{"rendered":"<p data-start=\"128\" data-end=\"145\"><strong data-start=\"128\" data-end=\"145\">Dati tecnici:<\/strong><\/p>\n<ul data-start=\"146\" data-end=\"889\">\n<li data-start=\"146\" data-end=\"193\"><strong data-start=\"148\" data-end=\"166\">Tipo prodotto:<\/strong> Macchina da caff\u00e8 a cialde<\/li>\n<li data-start=\"194\" data-end=\"221\"><strong data-start=\"196\" data-end=\"208\">Modello:<\/strong> Kimbo 901105<\/li>\n<li data-start=\"222\" data-end=\"248\"><strong data-start=\"224\" data-end=\"235\">Colore:<\/strong> Avorio,Grigio,Rosso<\/li>\n<li data-start=\"249\" data-end=\"281\"><strong data-start=\"251\" data-end=\"274\">Capacit\u00e0 serbatoio:<\/strong> 710 ml<\/li>\n<li data-start=\"282\" data-end=\"317\"><strong data-start=\"284\" data-end=\"310\">Pressione della pompa:<\/strong> 15 bar<\/li>\n<li data-start=\"318\" data-end=\"338\"><strong data-start=\"320\" data-end=\"332\">Potenza:<\/strong> 400 W<\/li>\n<li data-start=\"339\" data-end=\"389\"><strong data-start=\"341\" data-end=\"365\">Materiale struttura:<\/strong> Metallo di alta qualit\u00e0<\/li>\n<li data-start=\"390\" data-end=\"460\"><strong data-start=\"392\" data-end=\"410\">Tipo di caff\u00e8:<\/strong> Cialde compatibili E.S.E. (Easy Serving Espresso)<\/li>\n<li data-start=\"461\" data-end=\"522\"><strong data-start=\"463\" data-end=\"481\">Compatibilit\u00e0:<\/strong> Adatta a cialde standard E.S.E. da 44 mm<\/li>\n<li data-start=\"604\" data-end=\"688\"><strong data-start=\"606\" data-end=\"639\">Temperatura di funzionamento:<\/strong> Ottimale per una preparazione del caff\u00e8 perfetta<\/li>\n<li data-start=\"689\" data-end=\"734\"><strong data-start=\"691\" data-end=\"713\">Accessori inclusi:<\/strong> 45 cialde in omaggio<\/li>\n<li data-start=\"735\" data-end=\"777\" data-is-only-node=\"\"><strong data-start=\"737\" data-end=\"774\">Indicatore di livello dell\u2019acqua:<\/strong> S\u00ec<\/li>\n<li data-start=\"778\" data-end=\"843\"><strong data-start=\"780\" data-end=\"805\">Sistema di sicurezza:<\/strong> Protezione contro il surriscaldamento<\/li>\n<li data-start=\"844\" data-end=\"889\"><strong data-start=\"846\" data-end=\"868\">Funzione stand-by:<\/strong> Risparmio energetico<\/li>\n<\/ul>\n<p data-start=\"891\" data-end=\"904\"><strong data-start=\"891\" data-end=\"904\">Capacit\u00e0:<\/strong><\/p>\n<ul data-start=\"905\" data-end=\"1070\">\n<li data-start=\"905\" data-end=\"1010\"><strong data-start=\"907\" data-end=\"927\">Serbatoio acqua:<\/strong> 710 ml, sufficiente per diverse preparazioni senza necessit\u00e0 di ricarica frequente<\/li>\n<li data-start=\"1011\" data-end=\"1070\"><strong data-start=\"1013\" data-end=\"1035\">Cialde in omaggio:<\/strong> 45 cialde incluse nella confezione<\/li>\n<\/ul>\n<p data-start=\"1072\" data-end=\"1103\"><strong data-start=\"1072\" data-end=\"1103\">Funzioni e caratteristiche:<\/strong><\/p>\n<ul data-start=\"1104\" data-end=\"1801\">\n<li data-start=\"1104\" data-end=\"1233\"><strong data-start=\"1106\" data-end=\"1134\">Sistema di preparazione:<\/strong> Caff\u00e8 ricco e cremoso grazie alla pompa da 15 bar che garantisce una perfetta estrazione del caff\u00e8<\/li>\n<li data-start=\"1338\" data-end=\"1462\"><strong data-start=\"1340\" data-end=\"1360\">Design elegante:<\/strong> Corpo in metallo resistente e finitura blu pastello, che si adatta perfettamente a qualsiasi ambiente<\/li>\n<li data-start=\"1463\" data-end=\"1590\"><strong data-start=\"1465\" data-end=\"1485\">Facile da usare:<\/strong> Tasto per l\u2019erogazione del caff\u00e8 e il cappuccino, con un semplice meccanismo di accensione e spegnimento<\/li>\n<li data-start=\"1591\" data-end=\"1709\"><strong data-start=\"1593\" data-end=\"1614\">Pulizia semplice:<\/strong> Il serbatoio dell\u2019acqua e la base sono facilmente rimovibili per una pulizia rapida e completa<\/li>\n<li data-start=\"1710\" data-end=\"1801\"><strong data-start=\"1712\" data-end=\"1726\">Ergonomia:<\/strong> Impugnatura ergonomica e design compatto che ottimizza lo spazio in cucina<\/li>\n<\/ul>\n<p data-start=\"1803\" data-end=\"1825\"><strong data-start=\"1803\" data-end=\"1825\">Dimensioni e peso:<\/strong><\/p>\n<ul data-start=\"1826\" data-end=\"1918\">\n<li data-start=\"1826\" data-end=\"1899\"><strong data-start=\"1828\" data-end=\"1843\">Dimensioni:<\/strong> 21 cm (lunghezza) x 30 cm (altezza) x 13 cm (larghezza)<\/li>\n<li data-start=\"1900\" data-end=\"1918\"><strong data-start=\"1902\" data-end=\"1911\">Peso:<\/strong> 2,2 kg<\/li>\n<\/ul>\n<p data-start=\"1920\" data-end=\"1945\"><strong data-start=\"1920\" data-end=\"1945\">Istruzioni per l&#8217;uso:<\/strong><\/p>\n<ol data-start=\"1946\" data-end=\"2620\">\n<li data-start=\"1946\" data-end=\"2080\"><strong data-start=\"1949\" data-end=\"1966\">Preparazione:<\/strong> Inserire una cialda E.S.E. nell\u2019apposito porta-cialda. Riempi il serbatoio dell\u2019acqua con 710 ml di acqua fresca.<\/li>\n<li data-start=\"2081\" data-end=\"2218\"><strong data-start=\"2084\" data-end=\"2099\">Accensione:<\/strong> Accendere la macchina tramite l\u2019interruttore di accensione. Attendere che la macchina raggiunga la temperatura ideale.<\/li>\n<li data-start=\"2219\" data-end=\"2382\"><strong data-start=\"2222\" data-end=\"2249\">Preparazione del caff\u00e8:<\/strong> Posizionare una tazza sotto l\u2019erogatore, premere il pulsante per l\u2019erogazione del caff\u00e8 e attendere che il caff\u00e8 scorra nella tazza.<\/li>\n<li data-start=\"2530\" data-end=\"2620\"><strong data-start=\"2533\" data-end=\"2549\">Spegnimento:<\/strong> Spegnere la macchina dopo l\u2019uso e svuotare eventuali residui di acqua.<\/li>\n<\/ol>\n","protected":false},"excerpt":{"rendered":"<p><strong data-start=\"2622\" data-end=\"2638\">Descrizione:<\/strong> La <strong data-start=\"2642\" data-end=\"2676\">Macchina da Caff\u00e8 Kimbo 901105<\/strong> in metallo, con una capacit\u00e0 di 710 ml e una pressione di 15 bar, \u00e8 l&#8217;ideale per chi ama preparare un caff\u00e8 dal gusto intenso e cremoso. Il suo design elegante in blu pastello e la struttura in metallo la rendono un complemento perfetto per ogni cucina. Dotata di un pratico vaporizzatore, permette di preparare anche cappuccini schiumosi e cremosi. In aggiunta, viene fornita con 45 cialde in omaggio, per un\u2019ulteriore comodit\u00e0 d\u2019uso.<\/p>\n","protected":false},"featured_media":13077,"comment_status":"open","ping_status":"closed","template":"","meta":[],"product_brand":[],"product_cat":[154,153],"product_tag":[866,873,870,865,868,872,864,871,867,869],"class_list":{"0":"post-10777","1":"product","2":"type-product","3":"status-publish","4":"has-post-thumbnail","6":"product_cat-macchine-da-caffe","7":"product_cat-piccoli-elettrodomestici","8":"product_tag-15-bar-caffe","9":"product_tag-45-cialde-omaggio","10":"product_tag-caffe-400w","11":"product_tag-caffe-a-cialde","12":"product_tag-cappuccino","13":"product_tag-macchina-caffe-blu-pastello","14":"product_tag-macchina-caffe-kimbo","15":"product_tag-macchina-da-caffe-metallo","16":"product_tag-macchina-espresso","17":"product_tag-vaporizzatore","18":"product_shipping_class-piccoli-elettrodomestici","20":"first","21":"outofstock","22":"sale","23":"featured","24":"shipping-taxable","25":"purchasable","26":"product-type-simple"},"_links":{"self":[{"href":"https:\/\/capaldoelettrodomestici.it\/index.php\/wp-json\/wp\/v2\/product\/10777","targetHints":{"allow":["GET"]}}],"collection":[{"href":"https:\/\/capaldoelettrodomestici.it\/index.php\/wp-json\/wp\/v2\/product"}],"about":[{"href":"https:\/\/capaldoelettrodomestici.it\/index.php\/wp-json\/wp\/v2\/types\/product"}],"replies":[{"embeddable":true,"href":"https:\/\/capaldoelettrodomestici.it\/index.php\/wp-json\/wp\/v2\/comments?post=10777"}],"version-history":[{"count":5,"href":"https:\/\/capaldoelettrodomestici.it\/index.php\/wp-json\/wp\/v2\/product\/10777\/revisions"}],"predecessor-version":[{"id":15078,"href":"https:\/\/capaldoelettrodomestici.it\/index.php\/wp-json\/wp\/v2\/product\/10777\/revisions\/15078"}],"wp:featuredmedia":[{"embeddable":true,"href":"https:\/\/capaldoelettrodomestici.it\/index.php\/wp-json\/wp\/v2\/media\/13077"}],"wp:attachment":[{"href":"https:\/\/capaldoelettrodomestici.it\/index.php\/wp-json\/wp\/v2\/media?parent=10777"}],"wp:term":[{"taxonomy":"product_brand","embeddable":true,"href":"https:\/\/capaldoelettrodomestici.it\/index.php\/wp-json\/wp\/v2\/product_brand?post=10777"},{"taxonomy":"product_cat","embeddable":true,"href":"https:\/\/capaldoelettrodomestici.it\/index.php\/wp-json\/wp\/v2\/product_cat?post=10777"},{"taxonomy":"product_tag","embeddable":true,"href":"https:\/\/capaldoelettrodomestici.it\/index.php\/wp-json\/wp\/v2\/product_tag?post=10777"}],"curies":[{"name":"wp","href":"https:\/\/api.w.org\/{rel}","templated":true}]}}